{"id":313,"date":"2018-10-11T19:57:50","date_gmt":"2018-10-11T19:57:50","guid":{"rendered":"https:\/\/biollachemicals.com\/en\/?post_type=product&#038;p=313"},"modified":"2024-04-28T10:05:35","modified_gmt":"2024-04-28T10:05:35","slug":"%d1%82%d1%80%d0%b8-%d0%bc%d0%b0%d0%b3%d0%bd%d0%b8%d1%8f%d0%b4%d0%b8%d1%86%d0%b8%d1%82%d1%80%d0%b0%d1%82","status":"publish","type":"product","link":"https:\/\/biollachemicals.com\/ru\/product\/%d1%82%d1%80%d0%b8-%d0%bc%d0%b0%d0%b3%d0%bd%d0%b8%d1%8f%d0%b4%d0%b8%d1%86%d0%b8%d1%82%d1%80%d0%b0%d1%82\/","title":{"rendered":"\u0442\u0440\u0438-\u043c\u0430\u0433\u043d\u0438\u044f \u0434\u0438\u0446\u0438\u0442\u0440\u0430\u0442"},"content":{"rendered":"<figure class=\"wp-block-table is-style-stripes\"><table><tbody><tr><th>WASSERFREI, EP, USP EP, USP<\/th><th><\/th><\/tr><tr><td>\u041f\u0443\u043b\u044c\u0432\u0435\u0440 \u0441 \u043a\u0440\u0435\u043c\u043e\u0432\u044b\u043c \u043d\u0430\u043f\u044b\u043b\u0435\u043d\u0438\u0435\u043c<\/td><td><\/td><\/tr><tr><td>L\u00f6slichkeit<\/td><td>\u043b\u0435\u0433\u043a\u043e \u0440\u0430\u0441\u0442\u0432\u043e\u0440\u044f\u0435\u0442\u0441\u044f \u0432 \u0432\u043e\u0434\u0435, \u0441\u0432\u043e\u0431\u043e\u0434\u043d\u043e \u0440\u0430\u0441\u0442\u0432\u043e\u0440\u044f\u0435\u0442\u0441\u044f \u0432 \u0432\u043e\u0434\u0435, \u043f\u0440\u0430\u043a\u0442\u0438\u0447\u0435\u0441\u043a\u0438 \u043d\u0435 \u0440\u0430\u0441\u0442\u0432\u043e\u0440\u044f\u0435\u0442\u0441\u044f \u0432 \u044d\u0442\u0430\u043d\u043e\u043b\u0435 (96 %)<\/td><\/tr><tr><td>\u0413\u0435\u0440\u0443\u0445<\/td><td>geruchlos<\/td><\/tr><tr><td>Mg (auf getrockneter Basis)<\/td><td>15,0 - 16,4 %<\/td><\/tr><tr><td>\u0418\u0434\u0435\u043d\u0442\u0438\u0444\u0438\u043a\u0430\u0446\u0438\u044f<\/td><td>entspricht<\/td><\/tr><tr><td>\u041f\u0440\u0438\u043c\u0435\u043d\u044f\u0442\u044c L\u00f6sung<\/td><td>entspricht<\/td><\/tr><tr><td>\u0422\u0440\u043e\u043a\u043d\u0443\u043d\u0433\u0441\u0432\u0435\u0440\u043b\u0443\u0441\u0442 (EP)<\/td><td>\u043c\u0430\u043a\u0441. 3,5 %<\/td><\/tr><tr><td>\u0422\u0440\u043e\u043a\u043d\u0443\u043d\u0433\u0441\u0432\u0435\u0440\u043b\u0443\u0441\u0442 (USP)<\/td><td>\u043c\u0430\u043a\u0441. 2,0 %<\/td><\/tr><tr><td>\u0428\u0432\u0435\u0440\u043c\u0435\u0442\u0430\u043b\u043b\u0435 (als Pb)<\/td><td>\u043c\u0430\u043a\u0441. 10 ppm<\/td><\/tr><tr><td>SO4<\/td><td>\u043c\u0430\u043a\u0441. 0,2 %<\/td><\/tr><tr><td>Fe<\/td><td>\u043c\u0430\u043a\u0441. 0,01 %<\/td><\/tr><tr><td>Ca<\/td><td>\u043c\u0430\u043a\u0441. 0,2 %<\/td><\/tr><tr><td>Cl<\/td><td>\u043c\u0430\u043a\u0441. 0,05 %<\/td><\/tr><tr><td>\u041a\u0430\u043a<\/td><td>\u043c\u0430\u043a\u0441. 3 \u0441\u0442\u0440.<\/td><\/tr><tr><td>\u041e\u043a\u0441\u0430\u043b\u0430\u0442<\/td><td>\u043c\u0430\u043a\u0441. 0,028 %<\/td><\/tr><tr><td>Fl\u00fcchtige<\/td><td>\u043e\u0440\u0433\u0430\u043d\u0438\u0447\u0435\u0441\u043a\u0438\u0435<\/td><\/tr><tr><td>Verunreinigungen<\/td><td>entspricht<\/td><\/tr><tr><td>pH-Wert (5 %-L\u00f6sung) (EP)<\/td><td>6,0 - 8,5<\/td><\/tr><tr><td>pH-Wert (5 %-L\u00f6sung) (USP)<\/td><td>5,0 - 9,0<\/td><\/tr><\/tbody><\/table><\/figure>","protected":false},"excerpt":{"rendered":"<p>WASSERFREI, EP, USP EP, USP wei\u00dfes bis cremefarbenes Pulver L\u00f6slichkeit l\u00f6slich in Wasser, frei l\u00f6slich in verd\u00fcnnten S\u00e4uren, praktisch unl\u00f6slich in Ethanol (96 %) Geruch geruchlos Mg (auf getrockneter Basis) 15,0 \u2013 16,4 % Identifikation entspricht Aussehen der L\u00f6sung entspricht Trocknungsverlust (EP) max. 3,5 % Trocknungsverlust (USP) max. 2,0 % Schwermetalle (als Pb) max. 10 [&hellip;]<\/p>\n","protected":false},"featured_media":0,"template":"","meta":{"_kad_blocks_custom_css":"","_kad_blocks_head_custom_js":"","_kad_blocks_body_custom_js":"","_kad_blocks_footer_custom_js":""},"product_brand":[],"product_cat":[105],"product_tag":[],"class_list":{"0":"post-313","1":"product","2":"type-product","3":"status-publish","5":"product_cat-supplements","7":"first","8":"instock","9":"shipping-taxable","10":"product-type-simple"},"Meta Data":null,"meta_description":null,"Focus Keyword":null,"meta_box":{"cas_number":"3344-18-1","chemical_formula":"C12H10Mg3O14","molecular_weight":"451,12 g\/mol","einecs_number":"","product_packaging":"","substance_form":"","type_of_substance":"","percentage_percent":"","hs_code":"","pro_delivery_time":"","retest_period":"","storage_condition":"","product_document_data":""},"rank_math_description":null,"rank_math_focus_keyword":null,"taxonomy_info":{"product_cat":[{"value":105,"label":"Vitamins"}]},"featured_image_src_large":false,"author_info":[],"comment_info":"","_links":{"self":[{"href":"https:\/\/biollachemicals.com\/ru\/wp-json\/wp\/v2\/product\/313","targetHints":{"allow":["GET"]}}],"collection":[{"href":"https:\/\/biollachemicals.com\/ru\/wp-json\/wp\/v2\/product"}],"about":[{"href":"https:\/\/biollachemicals.com\/ru\/wp-json\/wp\/v2\/types\/product"}],"wp:attachment":[{"href":"https:\/\/biollachemicals.com\/ru\/wp-json\/wp\/v2\/media?parent=313"}],"wp:term":[{"taxonomy":"product_brand","embeddable":true,"href":"https:\/\/biollachemicals.com\/ru\/wp-json\/wp\/v2\/product_brand?post=313"},{"taxonomy":"product_cat","embeddable":true,"href":"https:\/\/biollachemicals.com\/ru\/wp-json\/wp\/v2\/product_cat?post=313"},{"taxonomy":"product_tag","embeddable":true,"href":"https:\/\/biollachemicals.com\/ru\/wp-json\/wp\/v2\/product_tag?post=313"}],"curies":[{"name":"wp","href":"https:\/\/api.w.org\/{rel}","templated":true}]}}