{"id":309,"date":"2018-10-11T19:28:29","date_gmt":"2018-10-11T19:28:29","guid":{"rendered":"https:\/\/biollachemicals.com\/en\/?post_type=product&#038;p=309"},"modified":"2024-04-28T10:03:49","modified_gmt":"2024-04-28T10:03:49","slug":"%d0%bc%d0%b0%d0%b3%d0%bd%d0%b8%d0%b9%d1%81%d1%83%d0%bb%d1%8c%d1%84%d0%b0%d1%82-7-%d0%b3%d0%b8%d0%b4%d1%80%d0%b0%d1%82","status":"publish","type":"product","link":"https:\/\/biollachemicals.com\/ru\/product\/%d0%bc%d0%b0%d0%b3%d0%bd%d0%b8%d0%b9%d1%81%d1%83%d0%bb%d1%8c%d1%84%d0%b0%d1%82-7-%d0%b3%d0%b8%d0%b4%d1%80%d0%b0%d1%82\/","title":{"rendered":"\u041c\u0430\u0433\u043d\u0438\u044f \u0441\u0443\u043b\u044c\u0444\u0430\u0442 7-\u0433\u0438\u0434\u0440\u0430\u0442"},"content":{"rendered":"<figure class=\"wp-block-table is-style-stripes\"><table><tbody><tr><td>\u041a\u0440\u0438\u0441\u0442\u0430\u043b\u043b\u0438\u043d, \u0424\u041a\u0421<\/td><td><\/td><\/tr><tr><td>\u041a\u0451\u0440\u043d\u0438\u0433, \u043a\u0440\u0438\u0441\u0442\u0430\u043b\u043b\u0438\u043d\u043e\u0432\u044b\u0439 \u043f\u0443\u043b\u0432\u0435\u0440 \u0438\u043b\u0438 \u043a\u0440\u0438\u0441\u0442\u0430\u043b\u043b\u044b \u0441 \u0434\u0430\u043b\u044c\u043d\u0438\u043c \u0440\u0438\u0441\u0443\u043d\u043a\u043e\u043c<\/td><td><\/td><\/tr><tr><td>L\u00f6slichkeit<\/td><td>\u0441\u043b\u0430\u0431\u043e \u0440\u0430\u0441\u0442\u0432\u043e\u0440\u044f\u0435\u0442\u0441\u044f \u0432 \u0432\u0430\u0437\u0435, \u0441\u043b\u0430\u0431\u043e \u0440\u0430\u0441\u0442\u0432\u043e\u0440\u044f\u0435\u0442\u0441\u044f \u0432 \u0433\u043b\u0438\u0446\u0435\u0440\u0438\u043d\u0435, \u0441\u0438\u043b\u044c\u043d\u043e \u0440\u0430\u0441\u0442\u0432\u043e\u0440\u044f\u0435\u0442\u0441\u044f \u0432 \u0430\u043b\u043a\u043e\u0445\u043e\u043b\u0435<\/td><\/tr><tr><td>Gehalt (auf gegl\u00fchter Basis)<\/td><td>\u043c\u0438\u043d. 99,5 %<\/td><\/tr><tr><td>\u0418\u0434\u0435\u043d\u0442\u0438\u0444\u0438\u043a\u0430\u0446\u0438\u044f<\/td><td>entspricht<\/td><\/tr><tr><td>MgSO4<\/td><td>\u043e\u043a. 49,1 %<\/td><\/tr><tr><td>Gl\u00fchverlust<\/td><td>40,0 - 52,0 %<\/td><\/tr><tr><td>Se<\/td><td>\u043c\u0430\u043a\u0441. 30 \u0441\u0442\u0440.<\/td><\/tr><tr><td>Pb<\/td><td>\u043c\u0430\u043a\u0441. 4 \u0441\u0442\u0440.<\/td><\/tr><tr><td>Cd<\/td><td>\u043c\u0430\u043a\u0441. 1 ppm<\/td><\/tr><tr><td>Hg<\/td><td>\u043c\u0430\u043a\u0441. 0,1 ppm<\/td><\/tr><tr><td>\u0412\u0430\u0441\u0441\u0435\u0440<\/td><td>\u043e\u043a. 50,9 %*<\/td><\/tr><tr><td>Na<\/td><td>\u043e\u043a. 40 ppm*<\/td><\/tr><tr><td>K<\/td><td>\u043e\u043a. 230 ppm*<\/td><\/tr><tr><td>Ca<\/td><td>\u043e\u043a. 60 ppm*<\/td><\/tr><tr><td>Cl<\/td><td>\u043e\u043a. 80 ppm*<\/td><\/tr><tr><td>Sch\u00fcttgewicht<\/td><td>\u043e\u043a. 980 \u0433\/\u043b*<\/td><\/tr><tr><td>\u0428\u044e\u0442\u0442\u0432\u0438\u043d\u043a\u0435\u043b\u044c<\/td><td>\u043e\u043a. 32 \u00b0*<\/td><\/tr><tr><td>L\u00f6slichkeit (in Wasser) (20 \u00b0C)<\/td><td>\u043e\u043a. 26,3 %*<\/td><\/tr><tr><td>\u041a\u043e\u0440\u043d\u0433\u0440\u0451\u0441\u0441\u0435 &lt; 1,0 \u043c\u043c<\/td><td>\u043e\u043a. 70 %*<\/td><\/tr><tr><td>\u041a\u043e\u0440\u043d\u0433\u0440\u0451\u0441\u0441\u0435 D\u2085\u2080<\/td><td>\u043e\u043a. 0,75 \u043c\u043c*<\/td><\/tr><tr><td>Dichte<\/td><td>\u043e\u043a. 1,7 \u0433\/\u0441\u043c\u00b3*<\/td><\/tr><\/tbody><\/table><\/figure>","protected":false},"excerpt":{"rendered":"<p>kristallin, FCC k\u00f6rniges, kristallines Pulver oder farblose Kristalle L\u00f6slichkeit leicht l\u00f6slich in Wasser, langsam l\u00f6slich in Glycerin, schwer l\u00f6slich in Alkohol Gehalt (auf gegl\u00fchter Basis) min. 99,5 % Identifikation entspricht MgSO4 ca. 49,1 % Gl\u00fchverlust 40,0 \u2013 52,0 % Se max. 30 ppm Pb max. 4 ppm Cd max. 1 ppm Hg max. 0,1 ppm [&hellip;]<\/p>\n","protected":false},"featured_media":0,"template":"","meta":{"_kad_blocks_custom_css":"","_kad_blocks_head_custom_js":"","_kad_blocks_body_custom_js":"","_kad_blocks_footer_custom_js":""},"product_brand":[],"product_cat":[105],"product_tag":[],"class_list":{"0":"post-309","1":"product","2":"type-product","3":"status-publish","5":"product_cat-supplements","7":"first","8":"instock","9":"shipping-taxable","10":"product-type-simple"},"Meta Data":null,"meta_description":null,"Focus Keyword":null,"meta_box":{"cas_number":"10034-99-8","chemical_formula":"MgO\u2084S*7H\u2082O","molecular_weight":"246,48 g\/mol","einecs_number":"","product_packaging":"","substance_form":"","type_of_substance":"","percentage_percent":"","hs_code":"","pro_delivery_time":"","retest_period":"","storage_condition":"","product_document_data":""},"rank_math_description":null,"rank_math_focus_keyword":null,"taxonomy_info":{"product_cat":[{"value":105,"label":"Vitamins"}]},"featured_image_src_large":false,"author_info":[],"comment_info":"","_links":{"self":[{"href":"https:\/\/biollachemicals.com\/ru\/wp-json\/wp\/v2\/product\/309","targetHints":{"allow":["GET"]}}],"collection":[{"href":"https:\/\/biollachemicals.com\/ru\/wp-json\/wp\/v2\/product"}],"about":[{"href":"https:\/\/biollachemicals.com\/ru\/wp-json\/wp\/v2\/types\/product"}],"wp:attachment":[{"href":"https:\/\/biollachemicals.com\/ru\/wp-json\/wp\/v2\/media?parent=309"}],"wp:term":[{"taxonomy":"product_brand","embeddable":true,"href":"https:\/\/biollachemicals.com\/ru\/wp-json\/wp\/v2\/product_brand?post=309"},{"taxonomy":"product_cat","embeddable":true,"href":"https:\/\/biollachemicals.com\/ru\/wp-json\/wp\/v2\/product_cat?post=309"},{"taxonomy":"product_tag","embeddable":true,"href":"https:\/\/biollachemicals.com\/ru\/wp-json\/wp\/v2\/product_tag?post=309"}],"curies":[{"name":"wp","href":"https:\/\/api.w.org\/{rel}","templated":true}]}}