{"id":307,"date":"2018-10-11T19:15:02","date_gmt":"2018-10-11T19:15:02","guid":{"rendered":"https:\/\/biollachemicals.com\/en\/?post_type=product&#038;p=307"},"modified":"2024-04-28T10:09:01","modified_gmt":"2024-04-28T10:09:01","slug":"%d1%82%d0%b0%d0%bb%d0%bb%d1%83%d0%bc-%d0%bc%d0%b0%d0%b3%d0%bd%d0%b8%d0%b9%d1%81%d0%b8%d0%bb%d0%b8%d0%ba%d0%b0%d1%82","status":"publish","type":"product","link":"https:\/\/biollachemicals.com\/ru\/product\/%d1%82%d0%b0%d0%bb%d0%bb%d1%83%d0%bc-%d0%bc%d0%b0%d0%b3%d0%bd%d0%b8%d0%b9%d1%81%d0%b8%d0%bb%d0%b8%d0%ba%d0%b0%d1%82\/","title":{"rendered":"\u0422\u0430\u043b\u044c\u043a \/ \u0421\u0438\u043b\u0438\u043a\u0430\u0442 \u043c\u0430\u0433\u043d\u0438\u044f"},"content":{"rendered":"<h4 class=\"wp-block-heading\">\u0422\u0430\u043b\u044c\u043a \/ \u0421\u0438\u043b\u0438\u043a\u0430\u0442 \u043c\u0430\u0433\u043d\u0438\u044f<\/h4>\n\n\n\n<figure class=\"wp-block-table is-style-stripes\"><table><tbody><tr><td>NAT\u00dcRLICH, EP, USP, E 553B<\/td><td><\/td><\/tr><tr><td>\u043f\u0440\u0435\u043a\u0440\u0430\u0441\u043d\u044b\u0435, \u0433\u043e\u043b\u0443\u0431\u044b\u0435 \u043f\u0443\u043b\u0438<\/td><td><\/td><\/tr><tr><td>L\u00f6slichkeit<\/td><td>\u043d\u0435\u0441\u043b\u043e\u0436\u043d\u043e \u0432 \u0432\u0430\u0437\u0435 \u0438 \u044d\u0442\u0430\u043d\u043e\u043b\u0435<\/td><\/tr><tr><td>SiO2<\/td><td>\u043e\u043a. 60 %*<\/td><\/tr><tr><td>MgO<\/td><td>\u043e\u043a. 30 %*<\/td><\/tr><tr><td>Mg<\/td><td>17,0 - 19,5 %<\/td><\/tr><tr><td>\u0418\u0434\u0435\u043d\u0442\u0438\u0444\u0438\u043a\u0430\u0446\u0438\u044f A (\u043f\u043e\u043b\u043e\u0441\u044b \u043f\u043e\u0433\u043b\u043e\u0449\u0435\u043d\u0438\u044f)<\/td><td>3675 - 3679 \u0441\u043c-1<\/td><\/tr><tr><td>\u0418\u0434\u0435\u043d\u0442\u0438\u0444\u0438\u043a\u0430\u0446\u0438\u044f A (\u043f\u043e\u043b\u043e\u0441\u044b \u043f\u043e\u0433\u043b\u043e\u0449\u0435\u043d\u0438\u044f)<\/td><td>1016 - 1020 \u0441\u043c-1<\/td><\/tr><tr><td>\u0418\u0434\u0435\u043d\u0442\u0438\u0444\u0438\u043a\u0430\u0446\u0438\u044f A (\u043f\u043e\u043b\u043e\u0441\u044b \u043f\u043e\u0433\u043b\u043e\u0449\u0435\u043d\u0438\u044f)<\/td><td>667 - 671 \u0441\u043c-1<\/td><\/tr><tr><td>\u0418\u0434\u0435\u043d\u0442\u0438\u0444\u0438\u043a\u0430\u0446\u0438\u044f B<\/td><td>\u0433\u043e\u043b\u0443\u0431\u043e\u0439 \u043d\u0438\u0434\u0435\u0440\u0448\u043b\u0430\u0433<\/td><\/tr><tr><td>\u0418\u0434\u0435\u043d\u0442\u0438\u0444\u0438\u043a\u0430\u0446\u0438\u044f C<\/td><td>\u0447\u0435\u0440\u043d\u043e\u0435 \u043a\u043e\u043b\u044c\u0446\u043e<\/td><\/tr><tr><td>\u0410\u0441\u0431\u0435\u0441\u0442<\/td><td>asbestfrei<\/td><\/tr><tr><td>\u0410\u0437\u0438\u0434\u0438\u0442 (0,01 N HCl)<\/td><td>\u043c\u0430\u043a\u0441. 0,4 \u043c\u043b<\/td><\/tr><tr><td>\u0429\u0435\u043b\u043e\u0447\u043d\u043e\u0441\u0442\u044c (0,01 N NaOH)<\/td><td>\u043c\u0430\u043a\u0441. 0,3 \u043c\u043b<\/td><\/tr><tr><td>L\u00f6sliche Stoffe (in Wasser) (E 553b, EP)<\/td><td>\u043c\u0430\u043a\u0441. 0,2 %<\/td><\/tr><tr><td>L\u00f6sliche Stoffe (in Wasser) (USP)<\/td><td>\u043c\u0430\u043a\u0441. 0,1 %<\/td><\/tr><tr><td>L\u00f6sliche Stoffe (\u0432 S\u00e4ure)<\/td><td>\u043c\u0430\u043a\u0441. 6 %<\/td><\/tr><tr><td>S\u00e4urel\u00f6sliches Fe<\/td><td>\u043d\u0435 \u0444\u0435\u0441\u0442\u0441\u0442\u0435\u043b\u0431\u0430\u0440<\/td><\/tr><tr><td>Gl\u00fchverlust<\/td><td>\u043c\u0430\u043a\u0441. 7,0 %<\/td><\/tr><tr><td>Pb (E 553b)<\/td><td>\u043c\u0430\u043a\u0441. 2 \u0441\u0442\u0440.<\/td><\/tr><tr><td>Pb (EP, USP)<\/td><td>\u043c\u0430\u043a\u0441. 10 ppm<\/td><\/tr><tr><td>\u041a\u0430\u043a<\/td><td>\u043c\u0430\u043a\u0441. 10 ppm<\/td><\/tr><tr><td>Fe<\/td><td>\u043c\u0430\u043a\u0441. 0,25 %<\/td><\/tr><tr><td>A1<\/td><td>\u043c\u0430\u043a\u0441. 2,0 %<\/td><\/tr><tr><td>Ca<\/td><td>\u043c\u0430\u043a\u0441. 0,9 %<\/td><\/tr><tr><td>Feuchtigkeit<\/td><td>\u043c\u0430\u043a\u0441. 0,5 %<\/td><\/tr><tr><td>Gesamtkeimzahl (kutane Anwendung)<\/td><td>&lt; 100 \u041a\u0411\u0415\/\u0433<\/td><\/tr><tr><td>Gesamtkeimzahl (orale Anwendung)<\/td><td>&lt; 1000 \u041a\u0411\u0415\/\u0433<\/td><\/tr><tr><td>Hefen \/ Schimmelpilze (orale Anwendung)<\/td><td>&lt; 100 \u041a\u0411\u0415\/\u0433<\/td><\/tr><tr><td>Gesamtkeimzahl (topische Anwendung)<\/td><td>&lt; 100 \u041a\u0411\u0415\/\u0433<\/td><\/tr><tr><td>Hefen \/ Schimmelpilze (topische Anwendung)<\/td><td>&lt; 50 \u041a\u0411\u0415\/\u0433<\/td><\/tr><tr><td>\u0412\u0430\u0439\u0441\u0433\u0440\u0430\u0434<\/td><td>\u043c\u0438\u043d. 90,0 %<\/td><\/tr><tr><td>Korngr\u00f6\u00dfe D98<\/td><td>\u043e\u043a. 325 \u043c\u0435\u0448*<\/td><\/tr><tr><td>Korngr\u00f6\u00dfe D98<\/td><td>\u043e\u043a. 44 \u043c\u043a\u043c*<\/td><\/tr><tr><td>* \u0442\u043e\u043b\u044c\u043a\u043e \u043a\u0430\u043a \u0442\u0438\u043f\u0438\u0447\u043d\u044b\u0439 \u0432\u0430\u0440\u0438\u0430\u043d\u0442<\/td><td><\/td><\/tr><\/tbody><\/table><\/figure>","protected":false},"excerpt":{"rendered":"<p>Talc \/ Magnesium Silicate NAT\u00dcRLICH, EP, USP, E 553B feines, wei\u00dfes Pulver L\u00f6slichkeit unl\u00f6slich in Wasser und Ethanol SiO2 ca. 60 %* MgO ca. 30 %* Mg 17,0 \u2013 19,5 % Identifikation A (Absorptionsbanden) 3675 \u2013 3679 cm-1 Identifikation A (Absorptionsbanden) 1016 \u2013 1020 cm-1 Identifikation A (Absorptionsbanden) 667 \u2013 671 cm-1 Identifikation B wei\u00dfer [&hellip;]<\/p>\n","protected":false},"featured_media":0,"template":"","meta":{"_kad_blocks_custom_css":"","_kad_blocks_head_custom_js":"","_kad_blocks_body_custom_js":"","_kad_blocks_footer_custom_js":""},"product_brand":[],"product_cat":[105],"product_tag":[],"class_list":{"0":"post-307","1":"product","2":"type-product","3":"status-publish","5":"product_cat-supplements","7":"first","8":"instock","9":"shipping-taxable","10":"product-type-simple"},"Meta Data":null,"meta_description":null,"Focus Keyword":null,"meta_box":{"cas_number":"238-877-9","chemical_formula":"H\u2082Mg\u2083O\u2081\u2082Si\u2084","molecular_weight":"","einecs_number":"","product_packaging":"","substance_form":"","type_of_substance":"","percentage_percent":"","hs_code":"","pro_delivery_time":"","retest_period":"","storage_condition":"","product_document_data":""},"rank_math_description":null,"rank_math_focus_keyword":null,"taxonomy_info":{"product_cat":[{"value":105,"label":"Vitamins"}]},"featured_image_src_large":false,"author_info":[],"comment_info":"","_links":{"self":[{"href":"https:\/\/biollachemicals.com\/ru\/wp-json\/wp\/v2\/product\/307","targetHints":{"allow":["GET"]}}],"collection":[{"href":"https:\/\/biollachemicals.com\/ru\/wp-json\/wp\/v2\/product"}],"about":[{"href":"https:\/\/biollachemicals.com\/ru\/wp-json\/wp\/v2\/types\/product"}],"wp:attachment":[{"href":"https:\/\/biollachemicals.com\/ru\/wp-json\/wp\/v2\/media?parent=307"}],"wp:term":[{"taxonomy":"product_brand","embeddable":true,"href":"https:\/\/biollachemicals.com\/ru\/wp-json\/wp\/v2\/product_brand?post=307"},{"taxonomy":"product_cat","embeddable":true,"href":"https:\/\/biollachemicals.com\/ru\/wp-json\/wp\/v2\/product_cat?post=307"},{"taxonomy":"product_tag","embeddable":true,"href":"https:\/\/biollachemicals.com\/ru\/wp-json\/wp\/v2\/product_tag?post=307"}],"curies":[{"name":"wp","href":"https:\/\/api.w.org\/{rel}","templated":true}]}}