{"id":305,"date":"2018-10-11T18:55:15","date_gmt":"2018-10-11T18:55:15","guid":{"rendered":"https:\/\/biollachemicals.com\/en\/?post_type=product&#038;p=305"},"modified":"2024-04-24T19:15:07","modified_gmt":"2024-04-24T19:15:07","slug":"magnesium-oxide-heavy-cas-1309-48-4","status":"publish","type":"product","link":"https:\/\/biollachemicals.com\/ru\/product\/magnesium-oxide-heavy-cas-1309-48-4\/","title":{"rendered":"\u041e\u043a\u0441\u0438\u0434 \u043c\u0430\u0433\u043d\u0438\u044f, \u0442\u044f\u0436\u0435\u043b\u044b\u0439 CAS 1309-48-4"},"content":{"rendered":"<figure class=\"wp-block-table\"><table><tbody><tr><th>\u041c\u0430\u0433\u043d\u0438\u0439\u043e\u043a\u0441\u0438\u0434, \u0428\u0432\u0435\u043b\u043b\u0435\u0440<\/th><th>&nbsp;<\/th><\/tr><tr><th>EP, USP, FCC, E 530<\/th><th>&nbsp;<\/th><\/tr><tr><td>Wei\u00dfes Pulver<\/td><td>&nbsp;<\/td><\/tr><tr><td>L\u00f6slichkeit<\/td><td>\u041d\u0435\u0440\u0430\u0441\u0442\u0432\u043e\u0440\u0438\u043c \u0432 \u0432\u0430\u0437\u0435 \u0438 \u0430\u043b\u043a\u043e\u0445\u043e\u043b\u0435, \u043d\u0435\u0440\u0430\u0441\u0442\u0432\u043e\u0440\u0438\u043c \u0432 \u043c\u0438\u043d\u0435\u0440\u0430\u043b\u0430\u0445<\/td><\/tr><tr><td>MgO (auf gegl\u00fchter Basis) (EP)<\/td><td>98,0 - 100,5 %<\/td><\/tr><tr><td>MgO (\u043d\u0430 \u0433\u0435\u043b\u0435\u0432\u043e\u043c \u043e\u0441\u043d\u043e\u0432\u0430\u043d\u0438\u0438) (E 530)<\/td><td>\u043c\u0438\u043d. 98,0 %<\/td><\/tr><tr><td>MgO (\u043d\u0430 \u043e\u0441\u043d\u043e\u0432\u0435 \u0433\u0435\u043b\u044e\u0445\u0442\u0435\u0440\u0430) (USP, FCC)<\/td><td>96,0 - 100,5 %<\/td><\/tr><tr><td>\u0418\u0434\u0435\u043d\u0442\u0438\u0444\u0438\u043a\u0430\u0446\u0438\u044f<\/td><td>entspricht<\/td><\/tr><tr><td>\u041f\u0440\u0438\u043c\u0435\u043d\u044f\u0442\u044c L\u00f6sung<\/td><td>entspricht<\/td><\/tr><tr><td>L\u00f6sliche Stoffe<\/td><td>\u043c\u0430\u043a\u0441. 2,00 %<\/td><\/tr><tr><td>\u041d\u0435\u043f\u0440\u043e\u0437\u0440\u0430\u0447\u043d\u044b\u0435 \u0448\u0442\u043e\u0444\u044b (\u0432 S\u00e4ure)<\/td><td>\u043c\u0430\u043a\u0441. 0,100 %<\/td><\/tr><tr><td>\u0421\u0432\u043e\u0431\u043e\u0434\u043d\u0430\u044f \u0449\u0435\u043b\u043e\u0447\u044c<\/td><td>\u043c\u0430\u043a\u0441. 2,00 \u043c\u043b<\/td><\/tr><tr><td>Cl<\/td><td>\u043c\u0430\u043a\u0441. 0,10 %<\/td><\/tr><tr><td>Ca (EP)<\/td><td>\u043c\u0430\u043a\u0441. 1,50 %<\/td><\/tr><tr><td>Ca (USP)<\/td><td>\u043c\u0430\u043a\u0441. 1,10 %<\/td><\/tr><tr><td>CaO<\/td><td>\u043c\u0430\u043a\u0441. 1,50 %<\/td><\/tr><tr><td>SO4<\/td><td>\u043c\u0430\u043a\u0441. 1,00 %<\/td><\/tr><tr><td>\u0428\u0432\u0435\u0440\u043c\u0435\u0442\u0430\u043b\u043b\u0435 (als Pb)<\/td><td>\u043c\u0430\u043a\u0441. 20 \u0441\u0442\u0440.<\/td><\/tr><tr><td>Pb<\/td><td>\u043c\u0430\u043a\u0441. 0,7 ppm<\/td><\/tr><tr><td>Cd<\/td><td>\u043c\u0430\u043a\u0441. 1 ppm<\/td><\/tr><tr><td>Hg<\/td><td>\u043c\u0430\u043a\u0441. 0,5 ppm<\/td><\/tr><tr><td>Hg<\/td><td>&lt;0,1 ppm*<\/td><\/tr><tr><td>\u041a\u0430\u043a<\/td><td>\u043c\u0430\u043a\u0441. 1 ppm<\/td><\/tr><tr><td>Fe (EP)<\/td><td>\u043c\u0430\u043a\u0441. 0,07 %<\/td><\/tr><tr><td>Fe (USP)<\/td><td>\u043c\u0430\u043a\u0441. 0,05 %<\/td><\/tr><tr><td>Gl\u00fchverlust (USP, FCC)<\/td><td>\u043c\u0430\u043a\u0441. 10,0 %<\/td><\/tr><tr><td>Gl\u00fchverlust (EP)<\/td><td>\u043c\u0430\u043a\u0441. 8,0 %<\/td><\/tr><tr><td>Gl\u00fchverlust (E 530)<\/td><td>\u043c\u0430\u043a\u0441. 5,0 %<\/td><\/tr><tr><td>Sch\u00fcttgewicht (\u043f\u043e\u0442\u0435\u0440\u044f\u0442\u044c)<\/td><td>\u043c\u0438\u043d. 250 \u0433\/\u043b<\/td><\/tr><tr><td>\u041a\u043e\u0440\u043d\u0433\u0440\u0451\u0441\u0441\u0435 (&gt; 325 \u043c\u0435\u0448) (\u041d\u0430\u0441\u0441\u0438\u0431)<\/td><td>\u043c\u0430\u043a\u0441. 25,0 %<\/td><\/tr><\/tbody><\/table><\/figure>","protected":false},"excerpt":{"rendered":"<p>Magnesiumoxid, Schwer &nbsp; EP, USP, FCC, E 530 &nbsp; Wei\u00dfes Pulver &nbsp; L\u00f6slichkeit Nahezu unl\u00f6slich in Wasser und Alkohol, l\u00f6slich in verd\u00fcnnten Minerals\u00e4uren MgO (auf gegl\u00fchter Basis) (EP) 98,0 \u2013 100,5 % MgO (auf gegl\u00fchter Basis) (E 530) min. 98,0 % MgO (auf gegl\u00fchter Basis) (USP, FCC) 96,0 \u2013 100,5 % Identifikation entspricht Aussehen der [&hellip;]<\/p>\n","protected":false},"featured_media":0,"template":"","meta":{"_kad_blocks_custom_css":"","_kad_blocks_head_custom_js":"","_kad_blocks_body_custom_js":"","_kad_blocks_footer_custom_js":""},"product_brand":[],"product_cat":[111,107,109,129,115,139,105],"product_tag":[],"class_list":{"0":"post-305","1":"product","2":"type-product","3":"status-publish","5":"product_cat-feed-additives","6":"product_cat-food","7":"product_cat-food-additives","8":"product_cat-idustrial","9":"product_cat-pharma","10":"product_cat-pharma-grade","11":"product_cat-supplements","13":"first","14":"instock","15":"shipping-taxable","16":"product-type-simple"},"Meta Data":null,"meta_description":null,"Focus Keyword":null,"meta_box":{"cas_number":"1309-48-4","chemical_formula":"MgO","molecular_weight":"","einecs_number":"","product_packaging":"","substance_form":"","type_of_substance":"","percentage_percent":"","hs_code":"","pro_delivery_time":"","retest_period":"","storage_condition":"","product_document_data":""},"rank_math_description":"Magnesium Oxide heavy, CAS 1309-48-4 - pharm, food, feed - delivery promt from stock Hamburg \/\/ biolla chemicals","rank_math_focus_keyword":null,"taxonomy_info":{"product_cat":[{"value":111,"label":"Feed Additives"},{"value":107,"label":"Food"},{"value":109,"label":"Food Components"},{"value":129,"label":"Idustrial"},{"value":115,"label":"Pharma"},{"value":139,"label":"Pharmaceutical Ingredients"},{"value":105,"label":"Vitamins"}]},"featured_image_src_large":false,"author_info":[],"comment_info":"","_links":{"self":[{"href":"https:\/\/biollachemicals.com\/ru\/wp-json\/wp\/v2\/product\/305","targetHints":{"allow":["GET"]}}],"collection":[{"href":"https:\/\/biollachemicals.com\/ru\/wp-json\/wp\/v2\/product"}],"about":[{"href":"https:\/\/biollachemicals.com\/ru\/wp-json\/wp\/v2\/types\/product"}],"wp:attachment":[{"href":"https:\/\/biollachemicals.com\/ru\/wp-json\/wp\/v2\/media?parent=305"}],"wp:term":[{"taxonomy":"product_brand","embeddable":true,"href":"https:\/\/biollachemicals.com\/ru\/wp-json\/wp\/v2\/product_brand?post=305"},{"taxonomy":"product_cat","embeddable":true,"href":"https:\/\/biollachemicals.com\/ru\/wp-json\/wp\/v2\/product_cat?post=305"},{"taxonomy":"product_tag","embeddable":true,"href":"https:\/\/biollachemicals.com\/ru\/wp-json\/wp\/v2\/product_tag?post=305"}],"curies":[{"name":"wp","href":"https:\/\/api.w.org\/{rel}","templated":true}]}}