{"id":303,"date":"2018-10-11T18:46:03","date_gmt":"2018-10-11T18:46:03","guid":{"rendered":"https:\/\/biollachemicals.com\/en\/?post_type=product&#038;p=303"},"modified":"2024-04-24T19:23:32","modified_gmt":"2024-04-24T19:23:32","slug":"%d0%ba%d0%b0%d1%80%d0%b1%d0%be%d0%bd%d0%b0%d1%82-%d0%bc%d0%b0%d0%b3%d0%bd%d0%b8%d1%8f-%d1%82%d1%8f%d0%b6%d0%b5%d0%bb%d1%8b%d0%b9-cas-546-93-0","status":"publish","type":"product","link":"https:\/\/biollachemicals.com\/ru\/product\/%d0%ba%d0%b0%d1%80%d0%b1%d0%be%d0%bd%d0%b0%d1%82-%d0%bc%d0%b0%d0%b3%d0%bd%d0%b8%d1%8f-%d1%82%d1%8f%d0%b6%d0%b5%d0%bb%d1%8b%d0%b9-cas-546-93-0\/","title":{"rendered":"\u041a\u0430\u0440\u0431\u043e\u043d\u0430\u0442 \u043c\u0430\u0433\u043d\u0438\u044f, \u0442\u044f\u0436\u0435\u043b\u044b\u0439 CAS 546-93-0"},"content":{"rendered":"<figure class=\"wp-block-table\"><table><tbody><tr><th>\u041c\u0430\u0433\u043d\u0438\u0435\u0432\u044b\u0439 \u043a\u0430\u0440\u0431\u043e\u043d\u0430\u0442, \u0428\u0432\u0435\u044f<\/th><th>&nbsp;<\/th><\/tr><tr><th>EP, USP, FCC, E 504(II)<\/th><th>&nbsp;<\/th><\/tr><tr><td>\u0433\u043e\u043b\u0443\u0431\u043e\u0439 \u043f\u0443\u043b\u044c\u0432\u0435\u0440<\/td><td>&nbsp;<\/td><\/tr><tr><td>\u0413\u0435\u0440\u0443\u0445<\/td><td>geruchlos<\/td><\/tr><tr><td>Geschmack<\/td><td>geschmacklos<\/td><\/tr><tr><td>MgO (\u043d\u0430 \u043e\u0441\u043d\u043e\u0432\u0435 \u0433\u0435\u0442\u0440\u043e\u043a\u043d\u0435\u0445\u0442\u0430)<\/td><td>40,0 - 43,5 %<\/td><\/tr><tr><td>\u0418\u0434\u0435\u043d\u0442\u0438\u0444\u0438\u043a\u0430\u0446\u0438\u044f<\/td><td>\u043f\u043e\u0437\u0438\u0442\u0438\u0432<\/td><\/tr><tr><td>\u041f\u0440\u0438\u043c\u0435\u043d\u044f\u0442\u044c L\u00f6sung<\/td><td>B4<\/td><\/tr><tr><td>L\u00f6sliche Stoffe<\/td><td>\u043c\u0430\u043a\u0441. 1,0 %<\/td><\/tr><tr><td>\u041d\u0435\u043f\u0440\u043e\u0437\u0440\u0430\u0447\u043d\u044b\u0435 \u0448\u0442\u043e\u0444\u044b (\u0432 \u042d\u0441\u0441\u0438\u0433\u0441\u044d\u0443\u0440\u0435)<\/td><td>\u043c\u0430\u043a\u0441. 0,05 %<\/td><\/tr><tr><td>\u041d\u0435\u043f\u0440\u043e\u0437\u0440\u0430\u0447\u043d\u044b\u0435 \u0441\u0442\u043e\u043f\u044b (\u0432 HCl)<\/td><td>\u043c\u0430\u043a\u0441. 0,05 %<\/td><\/tr><tr><td>Cl<\/td><td>\u043c\u0430\u043a\u0441. 0,07 %<\/td><\/tr><tr><td>SO4<\/td><td>\u043c\u0430\u043a\u0441. 0,6 %<\/td><\/tr><tr><td>Ca<\/td><td>\u043c\u0430\u043a\u0441. 0,4 %<\/td><\/tr><tr><td>CaO<\/td><td>\u043c\u0430\u043a\u0441. 0,6 %<\/td><\/tr><tr><td>\u0428\u0432\u0435\u0440\u043c\u0435\u0442\u0430\u043b\u043b\u0435<\/td><td>\u043c\u0430\u043a\u0441. 20 \u0441\u0442\u0440.<\/td><\/tr><tr><td>Pb<\/td><td>\u043c\u0430\u043a\u0441. 2 \u0441\u0442\u0440.<\/td><\/tr><tr><td>Cd<\/td><td>\u043c\u0430\u043a\u0441. 1 ppm<\/td><\/tr><tr><td>Hg<\/td><td>\u043c\u0430\u043a\u0441. 0,1 ppm<\/td><\/tr><tr><td>\u041a\u0430\u043a<\/td><td>\u043c\u0430\u043a\u0441. 2 \u0441\u0442\u0440.<\/td><\/tr><tr><td>Fe<\/td><td>\u043c\u0430\u043a\u0441. 200 ppm<\/td><\/tr><tr><td>\u043a\u0438\u0448\u0435\u0447\u043d\u0430\u044f \u043f\u0430\u043b\u043e\u0447\u043a\u0430<\/td><td>\u043d\u0435\u0433\u0430\u0442\u0438\u0432<\/td><\/tr><tr><td>Sch\u00fcttgewicht<\/td><td>500 - 600 \u0433\/\u043b<\/td><\/tr><tr><td>\u041a\u043e\u0440\u043d\u0433\u0440\u0451\u0441\u0441\u0435 D50<\/td><td>\u043c\u0438\u043d. 30,0 \u043c\u043a\u043c<\/td><\/tr><\/tbody><\/table><\/figure>","protected":false},"excerpt":{"rendered":"<p>Magnesiumcarbonat, Schwer &nbsp; EP, USP, FCC, E 504(II) &nbsp; wei\u00dfes Pulver &nbsp; Geruch geruchlos Geschmack geschmacklos MgO (auf getrockneter Basis) 40,0 \u2013 43,5 % Identifikation positiv Aussehen der L\u00f6sung B4 L\u00f6sliche Stoffe max. 1,0 % Unl\u00f6sliche Stoffe (in Essigs\u00e4ure) max. 0,05 % Unl\u00f6sliche Stoffe (in HCl) max. 0,05 % Cl max. 0,07 % SO4 max. [&hellip;]<\/p>\n","protected":false},"featured_media":0,"template":"","meta":{"_kad_blocks_custom_css":"","_kad_blocks_head_custom_js":"","_kad_blocks_body_custom_js":"","_kad_blocks_footer_custom_js":""},"product_brand":[],"product_cat":[111,107,109,129,115,139,105],"product_tag":[],"class_list":{"0":"post-303","1":"product","2":"type-product","3":"status-publish","5":"product_cat-feed-additives","6":"product_cat-food","7":"product_cat-food-additives","8":"product_cat-idustrial","9":"product_cat-pharma","10":"product_cat-pharma-grade","11":"product_cat-supplements","13":"first","14":"instock","15":"shipping-taxable","16":"product-type-simple"},"Meta Data":null,"meta_description":null,"Focus Keyword":null,"meta_box":{"cas_number":"546-93-0","chemical_formula":"MgCO3","molecular_weight":"","einecs_number":"","product_packaging":"","substance_form":"","type_of_substance":"","percentage_percent":"","hs_code":"","pro_delivery_time":"","retest_period":"","storage_condition":"","product_document_data":""},"rank_math_description":"Magnesium Carbonate heavy, CAS 546-93-0 - pharm, food, feed - Delivery promt from stock Hamburg \/ biollachemicals.com","rank_math_focus_keyword":null,"taxonomy_info":{"product_cat":[{"value":111,"label":"Feed Additives"},{"value":107,"label":"Food"},{"value":109,"label":"Food Components"},{"value":129,"label":"Idustrial"},{"value":115,"label":"Pharma"},{"value":139,"label":"Pharmaceutical Ingredients"},{"value":105,"label":"Vitamins"}]},"featured_image_src_large":false,"author_info":[],"comment_info":"","_links":{"self":[{"href":"https:\/\/biollachemicals.com\/ru\/wp-json\/wp\/v2\/product\/303","targetHints":{"allow":["GET"]}}],"collection":[{"href":"https:\/\/biollachemicals.com\/ru\/wp-json\/wp\/v2\/product"}],"about":[{"href":"https:\/\/biollachemicals.com\/ru\/wp-json\/wp\/v2\/types\/product"}],"wp:attachment":[{"href":"https:\/\/biollachemicals.com\/ru\/wp-json\/wp\/v2\/media?parent=303"}],"wp:term":[{"taxonomy":"product_brand","embeddable":true,"href":"https:\/\/biollachemicals.com\/ru\/wp-json\/wp\/v2\/product_brand?post=303"},{"taxonomy":"product_cat","embeddable":true,"href":"https:\/\/biollachemicals.com\/ru\/wp-json\/wp\/v2\/product_cat?post=303"},{"taxonomy":"product_tag","embeddable":true,"href":"https:\/\/biollachemicals.com\/ru\/wp-json\/wp\/v2\/product_tag?post=303"}],"curies":[{"name":"wp","href":"https:\/\/api.w.org\/{rel}","templated":true}]}}