{"id":268,"date":"2018-10-10T03:32:21","date_gmt":"2018-10-10T03:32:21","guid":{"rendered":"https:\/\/biollachemicals.com\/en\/?post_type=product&#038;p=268"},"modified":"2024-04-25T06:34:11","modified_gmt":"2024-04-25T06:34:11","slug":"%d0%ba%d0%b0%d0%bb%d0%b8%d0%b9-%d0%b4%d0%b2%d1%83%d1%83%d0%b3%d0%bb%d0%b5%d0%ba%d0%b8%d1%81%d0%bb%d1%8b%d0%b9-e501-cas-298-14-6","status":"publish","type":"product","link":"https:\/\/biollachemicals.com\/ru\/product\/%d0%ba%d0%b0%d0%bb%d0%b8%d0%b9-%d0%b4%d0%b2%d1%83%d1%83%d0%b3%d0%bb%d0%b5%d0%ba%d0%b8%d1%81%d0%bb%d1%8b%d0%b9-e501-cas-298-14-6\/","title":{"rendered":"\u0413\u0438\u0434\u0440\u043e\u043a\u0430\u0440\u0431\u043e\u043d\u0430\u0442 \u043a\u0430\u043b\u0438\u044f E501(ii), CAS 298-14-6"},"content":{"rendered":"<figure class=\"wp-block-table is-style-stripes\"><table><tbody><tr><th><strong>\u041a\u0430\u043b\u0438\u0439\u0431\u0438\u043a\u0430\u0440\u0431\u043e\u043d\u0430\u0442<\/strong><\/th><th>&nbsp;<\/th><\/tr><tr><th>EP, FCC, E 501(II)<\/th><th>&nbsp;<\/th><\/tr><tr><td>\u041a\u0440\u0438\u0441\u0442\u0430\u043b\u043b\u0438\u0447\u0435\u0441\u043a\u0438\u0439 \u043f\u043e\u0440\u043e\u0448\u043e\u043a \u0438\u043b\u0438 \u043a\u0440\u0438\u0441\u0442\u0430\u043b\u043b\u044b \u0446\u0432\u0435\u0442\u0430 \u043c\u043e\u0440\u0441\u043a\u043e\u0439 \u0432\u043e\u043b\u043d\u044b<\/td><td>&nbsp;<\/td><\/tr><tr><td>L\u00f6slichkeit<\/td><td>\u0441\u0432\u043e\u0431\u043e\u0434\u043d\u043e \u0440\u0430\u0441\u0442\u0432\u043e\u0440\u044f\u0435\u0442\u0441\u044f \u0432 \u0432\u0430\u0437\u0435, \u043d\u0435 \u0440\u0430\u0441\u0442\u0432\u043e\u0440\u044f\u0435\u0442\u0441\u044f \u0432 \u044d\u0442\u0430\u043d\u043e\u043b\u0435<\/td><\/tr><tr><td>KHCO3<\/td><td>99 - 101 %<\/td><\/tr><tr><td>\u0418\u0434\u0435\u043d\u0442\u0438\u0444\u0438\u043a\u0430\u0446\u0438\u044f<\/td><td>entspricht<\/td><\/tr><tr><td>\u041f\u0440\u0438\u043c\u0435\u043d\u044f\u0442\u044c L\u00f6sung<\/td><td>\u043a\u0440\u0430\u0441\u0438\u0432\u043e \u0438 \u043a\u0440\u0430\u0441\u0438\u0432\u043e<\/td><\/tr><tr><td>CO3<\/td><td>entspricht<\/td><\/tr><tr><td>Na<\/td><td>\u043c\u0430\u043a\u0441. 0,5 %<\/td><\/tr><tr><td>Ca<\/td><td>\u043c\u0430\u043a\u0441. 100 ppm<\/td><\/tr><tr><td>SO4<\/td><td>\u043c\u0430\u043a\u0441. 150 ppm<\/td><\/tr><tr><td>NH4<\/td><td>\u043c\u0430\u043a\u0441. 20 \u0441\u0442\u0440.<\/td><\/tr><tr><td>Cl<\/td><td>\u043c\u0430\u043a\u0441. 50 ppm<\/td><\/tr><tr><td>\u0428\u0432\u0435\u0440\u043c\u0435\u0442\u0430\u043b\u043b\u0435 (als Pb)<\/td><td>\u043c\u0430\u043a\u0441. 10 ppm<\/td><\/tr><tr><td>Pb<\/td><td>\u043c\u0430\u043a\u0441. 2,0 ppm<\/td><\/tr><tr><td>Hg<\/td><td>\u043c\u0430\u043a\u0441. 0,1 ppm<\/td><\/tr><tr><td>\u041a\u0430\u043a<\/td><td>\u043c\u0430\u043a\u0441. 1,0 ppm<\/td><\/tr><tr><td>Fe<\/td><td>\u043c\u0430\u043a\u0441. 20 \u0441\u0442\u0440.<\/td><\/tr><tr><td>Trocknungsverlust<\/td><td>\u043c\u0430\u043a\u0441. 0,25 %<\/td><\/tr><tr><td>pH-Wert<\/td><td>\u043c\u0430\u043a\u0441. 8,6<\/td><\/tr><\/tbody><\/table><\/figure>","protected":false},"excerpt":{"rendered":"<p>Kaliumbicarbonat &nbsp; EP, FCC, E 501(II) &nbsp; wei\u00dfes kristallines Pulver oder farblose Kristall &nbsp; L\u00f6slichkeit frei l\u00f6slich in Wasser, unl\u00f6slich in Ethanol KHCO3 99 \u2013 101 % Identifikation entspricht Aussehen der L\u00f6sung klar und farblos CO3 entspricht Na max. 0,5 % Ca max. 100 ppm SO4 max. 150 ppm NH4 max. 20 ppm Cl max. [&hellip;]<\/p>\n","protected":false},"featured_media":730,"template":"","meta":{"_kad_blocks_custom_css":"","_kad_blocks_head_custom_js":"","_kad_blocks_body_custom_js":"","_kad_blocks_footer_custom_js":""},"product_brand":[],"product_cat":[111,109,115,105],"product_tag":[],"class_list":{"0":"post-268","1":"product","2":"type-product","3":"status-publish","4":"has-post-thumbnail","6":"product_cat-feed-additives","7":"product_cat-food-additives","8":"product_cat-pharma","9":"product_cat-supplements","11":"first","12":"instock","13":"shipping-taxable","14":"product-type-simple"},"Meta Data":null,"meta_description":null,"Focus Keyword":null,"meta_box":{"cas_number":"298-14-6","chemical_formula":"KHCO3","molecular_weight":"","einecs_number":"","product_packaging":"","substance_form":"","type_of_substance":"","percentage_percent":"","hs_code":"","pro_delivery_time":"","retest_period":"","storage_condition":"","product_document_data":""},"rank_math_description":null,"rank_math_focus_keyword":null,"taxonomy_info":{"product_cat":[{"value":111,"label":"Feed Additives"},{"value":109,"label":"Food Components"},{"value":115,"label":"Pharma"},{"value":105,"label":"Vitamins"}]},"featured_image_src_large":["https:\/\/biollachemicals.com\/wp-content\/uploads\/2018\/10\/Kaliumbicarbonat-2.webp",594,349,false],"author_info":[],"comment_info":"","_links":{"self":[{"href":"https:\/\/biollachemicals.com\/ru\/wp-json\/wp\/v2\/product\/268","targetHints":{"allow":["GET"]}}],"collection":[{"href":"https:\/\/biollachemicals.com\/ru\/wp-json\/wp\/v2\/product"}],"about":[{"href":"https:\/\/biollachemicals.com\/ru\/wp-json\/wp\/v2\/types\/product"}],"wp:featuredmedia":[{"embeddable":true,"href":"https:\/\/biollachemicals.com\/ru\/wp-json\/wp\/v2\/media\/730"}],"wp:attachment":[{"href":"https:\/\/biollachemicals.com\/ru\/wp-json\/wp\/v2\/media?parent=268"}],"wp:term":[{"taxonomy":"product_brand","embeddable":true,"href":"https:\/\/biollachemicals.com\/ru\/wp-json\/wp\/v2\/product_brand?post=268"},{"taxonomy":"product_cat","embeddable":true,"href":"https:\/\/biollachemicals.com\/ru\/wp-json\/wp\/v2\/product_cat?post=268"},{"taxonomy":"product_tag","embeddable":true,"href":"https:\/\/biollachemicals.com\/ru\/wp-json\/wp\/v2\/product_tag?post=268"}],"curies":[{"name":"wp","href":"https:\/\/api.w.org\/{rel}","templated":true}]}}