{"id":240,"date":"2018-10-05T16:03:39","date_gmt":"2018-10-05T16:03:39","guid":{"rendered":"https:\/\/biollachemicals.com\/en\/?post_type=product&#038;p=240"},"modified":"2024-04-24T06:57:44","modified_gmt":"2024-04-24T06:57:44","slug":"%d0%ba%d0%b0%d0%bb%d1%8c%d1%86%d0%b8%d0%b9%d1%81%d1%82%d0%b5%d0%b0%d1%80%d0%b0%d1%82-%d0%b2%d0%b5%d0%b3%d0%b5%d1%82%d0%b0%d0%b1%d0%b8%d0%bb-2","status":"publish","type":"product","link":"https:\/\/biollachemicals.com\/ru\/product\/%d0%ba%d0%b0%d0%bb%d1%8c%d1%86%d0%b8%d0%b9%d1%81%d1%82%d0%b5%d0%b0%d1%80%d0%b0%d1%82-%d0%b2%d0%b5%d0%b3%d0%b5%d1%82%d0%b0%d0%b1%d0%b8%d0%bb-2\/","title":{"rendered":"\u0421\u0442\u0435\u0430\u0440\u0430\u0442 \u043a\u0430\u043b\u044c\u0446\u0438\u044f Vegetabil, EP, USP"},"content":{"rendered":"<figure class=\"wp-block-table is-style-stripes\"><table><tbody><tr><td>EP, USP\/NF, E 470a<\/td><td><\/td><\/tr><tr><td>\u0433\u043e\u043b\u0443\u0431\u043e\u0439 \u043f\u0443\u043b\u044c\u0432\u0435\u0440<\/td><td><\/td><\/tr><tr><td>L\u00f6slichkeit<\/td><td>\u043d\u0435\u0441\u043b\u043e\u0436\u043d\u043e \u0432 \u0412\u0430\u0441\u0441\u0435\u0440<\/td><\/tr><tr><td>Gehalt (auf getrockneter Basis) (E 470a)<\/td><td>\u043c\u0438\u043d. 95 %<\/td><\/tr><tr><td>\u0418\u0434\u0435\u043d\u0442\u0438\u0444\u0438\u043a\u0430\u0446\u0438\u044f (A)<\/td><td>53,000 - 63,000 \u00b0C<\/td><\/tr><tr><td>\u0418\u0434\u0435\u043d\u0442\u0438\u0444\u0438\u043a\u0430\u0446\u0438\u044f (B)<\/td><td>195,000 - 210,000 \u043c\u0433 KOH\/\u0433<\/td><\/tr><tr><td>\u0418\u0434\u0435\u043d\u0442\u0438\u0444\u0438\u043a\u0430\u0446\u0438\u044f (D)<\/td><td>entspricht<\/td><\/tr><tr><td>Ca<\/td><td>6,400 - 7,400 %<\/td><\/tr><tr><td>CaO<\/td><td>9,000 - 10,500 %<\/td><\/tr><tr><td>\u0410\u0437\u0438\u0434\u0438\u0440\u043e\u0432\u0430\u043d\u0438\u0435 \/ \u0410\u043b\u043a\u0430\u043b\u0438\u043d\u0438\u0440\u043e\u0432\u0430\u043d\u0438\u0435<\/td><td>entspricht<\/td><\/tr><tr><td>\u0421\u0432\u043e\u0431\u043e\u0434\u043d\u0430\u044f \u0449\u0435\u043b\u043e\u0447\u044c<\/td><td>0,000 - 0,100 %<\/td><\/tr><tr><td>Cl<\/td><td>\u043c\u0430\u043a\u0441. 0,1<\/td><\/tr><tr><td>% SO4<\/td><td>\u043c\u0430\u043a\u0441. 0,3 %<\/td><\/tr><tr><td>Pb<\/td><td>\u043c\u0430\u043a\u0441. 2 \u0441\u0442\u0440.<\/td><\/tr><tr><td>Cd<\/td><td>\u043c\u0430\u043a\u0441. 1 ppm<\/td><\/tr><tr><td>Hg<\/td><td>\u043c\u0430\u043a\u0441. 1 ppm<\/td><\/tr><tr><td>\u041a\u0430\u043a<\/td><td>\u043c\u0430\u043a\u0441. 3 \u0441\u0442\u0440.<\/td><\/tr><tr><td>Ni<\/td><td>\u043c\u0430\u043a\u0441. 5 \u0441\u0442\u0440.<\/td><\/tr><tr><td>\u0421\u0432\u043e\u0431\u043e\u0434\u043d\u044b\u0435 \u0444\u0435\u0442\u0446\u044f\u0443\u0440\u0435\u043d\u044b<\/td><td>0,000 - 3,000 %<\/td><\/tr><tr><td>Feuchtigkeit<\/td><td>0,000 - 4,000 %<\/td><\/tr><tr><td>\u041d\u0435\u043f\u0440\u043e\u0437\u0440\u0430\u0447\u043d\u044b\u0435 \u0441\u0442\u043e\u0444\u044b<\/td><td>0,000 - 2,000 %<\/td><\/tr><tr><td>\u0424\u0435\u0442\u0442\u0441\u0430\u0443\u0440\u0435\u043d C18<\/td><td>40 000 - 100 000 %<\/td><\/tr><tr><td>Fetts\u00e4uren C16+ C18<\/td><td>90 000 - 100 000 %<\/td><\/tr><tr><td>Fl\u00fcchtige organische Verunreinigungen<\/td><td>entspricht<\/td><\/tr><tr><td>Gesamtkeimzahl<\/td><td>0 - 1000 \u041a\u0411\u0415\/\u0433<\/td><\/tr><tr><td>Mikrobiologie<\/td><td>entspricht<\/td><\/tr><tr><td>Hefen \/ Schimmelpilze<\/td><td>0 - 100 \u041a\u0411\u0415\/\u0433<\/td><\/tr><tr><td>\u043a\u0438\u0448\u0435\u0447\u043d\u0430\u044f \u043f\u0430\u043b\u043e\u0447\u043a\u0430<\/td><td>\u043d\u0435\u0433\u0430\u0442\u0438\u0432<\/td><\/tr><tr><td>Salmonellen<\/td><td>\u043d\u0435\u0433\u0430\u0442\u0438\u0432\/10 \u0433<\/td><\/tr><tr><td>Schmelzpunkt<\/td><td>140,000 - 160,000 \u00b0C<\/td><\/tr><tr><td>Spezifische Oberfl\u00e4che<\/td><td>1,500 - 3,500 m<\/td><\/tr><\/tbody><\/table><\/figure>","protected":false},"excerpt":{"rendered":"<p>EP, USP\/NF, E 470a wei\u00dfes Pulver L\u00f6slichkeit unl\u00f6slich in Wasser Gehalt (auf getrockneter Basis) (E 470a) min. 95 % Identifikation (A) 53,000 \u2013 63,000 \u00b0C Identifikation (B) 195,000 \u2013 210,000 mg KOH\/g Identifikation (D) entspricht Ca 6,400 \u2013 7,400 % CaO 9,000 \u2013 10,500 % Azidit\u00e4t \/ Alkalinit\u00e4t entspricht Freies Alkali 0,000 \u2013 0,100 % [&hellip;]<\/p>\n","protected":false},"featured_media":288,"template":"","meta":{"_kad_blocks_custom_css":"","_kad_blocks_head_custom_js":"","_kad_blocks_body_custom_js":"","_kad_blocks_footer_custom_js":""},"product_brand":[],"product_cat":[129,105],"product_tag":[],"class_list":{"0":"post-240","1":"product","2":"type-product","3":"status-publish","4":"has-post-thumbnail","6":"product_cat-idustrial","7":"product_cat-supplements","9":"first","10":"instock","11":"shipping-taxable","12":"product-type-simple"},"Meta Data":null,"meta_description":null,"Focus Keyword":null,"meta_box":{"cas_number":"1592-23-0","chemical_formula":"(CH\u2083(CH\u2082)\u2081\u2086-COO)\u2082Ca","molecular_weight":"","einecs_number":"","product_packaging":"","substance_form":"","type_of_substance":"","percentage_percent":"","hs_code":"","pro_delivery_time":"","retest_period":"","storage_condition":"","product_document_data":""},"rank_math_description":null,"rank_math_focus_keyword":null,"taxonomy_info":{"product_cat":[{"value":129,"label":"Idustrial"},{"value":105,"label":"Vitamins"}]},"featured_image_src_large":["https:\/\/biollachemicals.com\/wp-content\/uploads\/2018\/10\/Calcium-stearate-vegetabil-242x300.webp",500,500,false],"author_info":[],"comment_info":"","_links":{"self":[{"href":"https:\/\/biollachemicals.com\/ru\/wp-json\/wp\/v2\/product\/240","targetHints":{"allow":["GET"]}}],"collection":[{"href":"https:\/\/biollachemicals.com\/ru\/wp-json\/wp\/v2\/product"}],"about":[{"href":"https:\/\/biollachemicals.com\/ru\/wp-json\/wp\/v2\/types\/product"}],"wp:featuredmedia":[{"embeddable":true,"href":"https:\/\/biollachemicals.com\/ru\/wp-json\/wp\/v2\/media\/288"}],"wp:attachment":[{"href":"https:\/\/biollachemicals.com\/ru\/wp-json\/wp\/v2\/media?parent=240"}],"wp:term":[{"taxonomy":"product_brand","embeddable":true,"href":"https:\/\/biollachemicals.com\/ru\/wp-json\/wp\/v2\/product_brand?post=240"},{"taxonomy":"product_cat","embeddable":true,"href":"https:\/\/biollachemicals.com\/ru\/wp-json\/wp\/v2\/product_cat?post=240"},{"taxonomy":"product_tag","embeddable":true,"href":"https:\/\/biollachemicals.com\/ru\/wp-json\/wp\/v2\/product_tag?post=240"}],"curies":[{"name":"wp","href":"https:\/\/api.w.org\/{rel}","templated":true}]}}