{"id":986,"date":"2020-11-03T12:29:14","date_gmt":"2020-11-03T12:29:14","guid":{"rendered":"https:\/\/biollachemicals.com\/?post_type=product&#038;p=986"},"modified":"2024-04-25T13:39:51","modified_gmt":"2024-04-25T13:39:51","slug":"pramiracetam-cas-68497-62-1","status":"publish","type":"product","link":"https:\/\/biollachemicals.com\/fr\/produit\/pramiracetam-cas-68497-62-1\/","title":{"rendered":"Poudre de pramirac\u00e9tam CAS 68497-62-1"},"content":{"rendered":"<h3 class=\"wp-block-heading\">Pramiracetam en qualit\u00e9 pharmaceutique<\/h3>\n\n\n\n<h4 class=\"wp-block-heading\">Nom chimique :<\/h4>\n\n\n\n<p>Amac\u00e9tam, Pramiracetam brut en poudre<\/p>\n\n\n\n<h4 class=\"wp-block-heading\">Application<\/h4>\n\n\n\n<p>Augmenter la m\u00e9moire et am\u00e9liorer les capacit\u00e9s d'apprentissage<\/p>\n\n\n\n<figure class=\"wp-block-table is-style-stripes\"><table><tbody><tr><td>Couleur<\/td><td>Cristaux blancs<\/td><\/tr><tr><td>Classe de m\u00e9dicaments<\/td><td>Agent antimigraineux<\/td><\/tr><\/tbody><\/table><\/figure>","protected":false},"excerpt":{"rendered":"<p>Comme la plupart des rac\u00e9tams, et en fait la plupart des nootropiques, le pramirac\u00e9tam agit sur la lib\u00e9ration de substances chimiques du cerveau, appel\u00e9es neurotransmetteurs, qui permettent la transmission de signaux entre les cellules nerveuses. Mais le pramirac\u00e9tam agit un peu diff\u00e9remment. Il ne stimule pas directement les sites r\u00e9cepteurs de neurotransmetteurs sp\u00e9cifiques, ce qui aurait pour effet d'augmenter la production et la lib\u00e9ration de ces neurotransmetteurs. Le pramirac\u00e9tam aide \u00e0 avoir les id\u00e9es claires. Le pramirac\u00e9tam agit en augmentant la choline \u00e0 haute affinit\u00e9 dans l'hippocampe. Par chance, la choline est un pr\u00e9curseur d'un neurotransmetteur appel\u00e9 ac\u00e9tylcholine, qui joue un r\u00f4le cl\u00e9 dans les processus cognitifs tels que la concentration, la vitesse d'apprentissage et la m\u00e9moire. Le pramiracetam module donc indirectement les sites r\u00e9cepteurs de l'ac\u00e9tylcholine, ce qui stimule une activit\u00e9 accrue dans l'hippocampe. Cette activit\u00e9 suppl\u00e9mentaire am\u00e9liore la formation de nouveaux souvenirs et la r\u00e9f\u00e9rence aux souvenirs plus anciens.<\/p>","protected":false},"featured_media":988,"template":"","meta":{"_kad_blocks_custom_css":"","_kad_blocks_head_custom_js":"","_kad_blocks_body_custom_js":"","_kad_blocks_footer_custom_js":""},"product_brand":[],"product_cat":[141,115],"product_tag":[],"class_list":{"0":"post-986","1":"product","2":"type-product","3":"status-publish","4":"has-post-thumbnail","6":"product_cat-nootropics","7":"product_cat-pharma","9":"first","10":"instock","11":"shipping-taxable","12":"product-type-simple"},"Meta Data":null,"meta_description":null,"Focus Keyword":null,"meta_box":{"cas_number":"68497-62-1","chemical_formula":"C14H27N3O2","molecular_weight":"269.38 g\/mol","einecs_number":"","product_packaging":"","substance_form":"Powder","type_of_substance":"","percentage_percent":"","hs_code":"29337900","pro_delivery_time":"","retest_period":"","storage_condition":"2-8\u00b0C","product_document_data":""},"rank_math_description":"Pramiracetam CAS 68497-62-1; MOQ: 1 kg; packed in bags. Delivery prompt from stock Hamburg, Germany. \/\/ biollachemicals.com","rank_math_focus_keyword":null,"taxonomy_info":{"product_cat":[{"value":141,"label":"Nootropics"},{"value":115,"label":"Pharma"}]},"featured_image_src_large":["https:\/\/biollachemicals.com\/wp-content\/uploads\/2020\/11\/Pramiracetam2-.jpg",1024,768,false],"author_info":[],"comment_info":"","_links":{"self":[{"href":"https:\/\/biollachemicals.com\/fr\/wp-json\/wp\/v2\/product\/986","targetHints":{"allow":["GET"]}}],"collection":[{"href":"https:\/\/biollachemicals.com\/fr\/wp-json\/wp\/v2\/product"}],"about":[{"href":"https:\/\/biollachemicals.com\/fr\/wp-json\/wp\/v2\/types\/product"}],"wp:featuredmedia":[{"embeddable":true,"href":"https:\/\/biollachemicals.com\/fr\/wp-json\/wp\/v2\/media\/988"}],"wp:attachment":[{"href":"https:\/\/biollachemicals.com\/fr\/wp-json\/wp\/v2\/media?parent=986"}],"wp:term":[{"taxonomy":"product_brand","embeddable":true,"href":"https:\/\/biollachemicals.com\/fr\/wp-json\/wp\/v2\/product_brand?post=986"},{"taxonomy":"product_cat","embeddable":true,"href":"https:\/\/biollachemicals.com\/fr\/wp-json\/wp\/v2\/product_cat?post=986"},{"taxonomy":"product_tag","embeddable":true,"href":"https:\/\/biollachemicals.com\/fr\/wp-json\/wp\/v2\/product_tag?post=986"}],"curies":[{"name":"wp","href":"https:\/\/api.w.org\/{rel}","templated":true}]}}