{"id":941,"date":"2020-09-11T14:05:39","date_gmt":"2020-09-11T14:05:39","guid":{"rendered":"https:\/\/biollachemicals.com\/?post_type=product&#038;p=941"},"modified":"2024-04-28T10:41:22","modified_gmt":"2024-04-28T10:41:22","slug":"cafeine-58-08-2","status":"publish","type":"product","link":"https:\/\/biollachemicals.com\/fr\/produit\/cafeine-58-08-2\/","title":{"rendered":"Caf\u00e9ine anhydre"},"content":{"rendered":"<h3 class=\"wp-block-heading\">Caf\u00e9ine anhydre - poudre de caf\u00e9ine pure !<\/h3>\n\n\n\n<h4 class=\"wp-block-heading\">Synonymes<\/h4>\n\n\n\n<p>1,3,7-Trim\u00e9thylxanthine, Caffeinum, Caf\u00e9ine, Caf\u00e9ine<\/p>\n\n\n\n<h4 class=\"wp-block-heading\">Poudre de caf\u00e9ine pure, anhydre, de la plus haute qualit\u00e9 pharmaceutique !<\/h4>\n\n\n\n<p>Notre poudre de caf\u00e9ine anhydre (caf\u00e9ine) est la forme la plus pure de caf\u00e9ine en qualit\u00e9 pharmaceutique. La caf\u00e9ine anhydre a le m\u00eame effet que la caf\u00e9ine provenant de sources naturelles, mais en tant que produit anhydre, elle est d'une qualit\u00e9 sup\u00e9rieure et plus constante.<\/p>\n\n\n\n<h4 class=\"wp-block-heading\">Application Caf\u00e9ine anhydre<\/h4>\n\n\n\n<p>La caf\u00e9ine est utilis\u00e9e depuis des si\u00e8cles pour ses effets connus sur le corps et l'esprit. De nos jours, la caf\u00e9ine est tr\u00e8s populaire et constitue un ingr\u00e9dient important dans de nombreux suppl\u00e9ments, boissons et aliments pour athl\u00e8tes. Elle a de nombreux effets diff\u00e9rents qui peuvent \u00eatre b\u00e9n\u00e9fiques pour les athl\u00e8tes, mais aussi pour les personnes qui ne font pas d'exercice.<\/p>\n\n\n\n<p>La caf\u00e9ine agit en synergie avec d'autres stimulants. Cela signifie qu'elle a un effet de renforcement.<\/p>\n\n\n\n<h4 class=\"wp-block-heading\">Pr\u00e9sence de caf\u00e9ine<\/h4>\n\n\n\n<p>La caf\u00e9ine provient de plusieurs sources naturelles. La source la plus connue est bien s\u00fbr le grain de caf\u00e9. On la trouve \u00e9galement dans les feuilles de th\u00e9 ou dans les graines de la plante guarana.<\/p>\n\n\n\n<h4 class=\"wp-block-heading\">Notre caf\u00e9ine anhydre :<\/h4>\n\n\n\n<ul class=\"wp-block-list\">\n<li>Haute qualit\u00e9<\/li>\n\n\n\n<li>Qualit\u00e9 pharmaceutique<\/li>\n\n\n\n<li>La caf\u00e9ine la plus pure<\/li>\n\n\n\n<li>Est rapidement absorb\u00e9 par l'organisme<\/li>\n\n\n\n<li>Livraison rapide<\/li>\n\n\n\n<li>Sacs d'emballage de 25 kgs<\/li>\n<\/ul>","protected":false},"excerpt":{"rendered":"<p>Caffeine anhydrous &#8211; pure caffeine powder! Synonyms 1,3,7-Trimethylxanthine, Caffeinum, Caffeine, Caffeine Pure caffeine powder, anhydrous in the highest pharmaceutical quality! Our anhydrous caffeine powder (caffeine) is the purest form of caffeine in pharmaceutical quality. Caffeine Anhydrous has the same effect as caffeine from natural sources, only as an anhydrous product it is of higher and [&hellip;]<\/p>\n","protected":false},"featured_media":942,"template":"","meta":{"_kad_blocks_custom_css":"","_kad_blocks_head_custom_js":"","_kad_blocks_body_custom_js":"","_kad_blocks_footer_custom_js":""},"product_brand":[],"product_cat":[115],"product_tag":[],"class_list":{"0":"post-941","1":"product","2":"type-product","3":"status-publish","4":"has-post-thumbnail","6":"product_cat-pharma","8":"first","9":"instock","10":"shipping-taxable","11":"product-type-simple"},"Meta Data":null,"meta_description":null,"Focus Keyword":null,"meta_box":{"cas_number":"58-08-2","chemical_formula":"C8H10N4O2","molecular_weight":"","einecs_number":"","product_packaging":"","substance_form":"","type_of_substance":"","percentage_percent":"","hs_code":"","pro_delivery_time":"","retest_period":"","storage_condition":"","product_document_data":""},"rank_math_description":"Boron CAS 7440-42-8 in purity series: 85%, 90%, 97%, packed in drums of 25 kg. Available immediately from warehouse in Hamburg. Order now at biolla.de","rank_math_focus_keyword":null,"taxonomy_info":{"product_cat":[{"value":115,"label":"Pharma"}]},"featured_image_src_large":["https:\/\/biollachemicals.com\/wp-content\/uploads\/2020\/09\/Zinkbisglycinat-705x470-1.jpg",705,470,false],"author_info":[],"comment_info":"","_links":{"self":[{"href":"https:\/\/biollachemicals.com\/fr\/wp-json\/wp\/v2\/product\/941","targetHints":{"allow":["GET"]}}],"collection":[{"href":"https:\/\/biollachemicals.com\/fr\/wp-json\/wp\/v2\/product"}],"about":[{"href":"https:\/\/biollachemicals.com\/fr\/wp-json\/wp\/v2\/types\/product"}],"wp:featuredmedia":[{"embeddable":true,"href":"https:\/\/biollachemicals.com\/fr\/wp-json\/wp\/v2\/media\/942"}],"wp:attachment":[{"href":"https:\/\/biollachemicals.com\/fr\/wp-json\/wp\/v2\/media?parent=941"}],"wp:term":[{"taxonomy":"product_brand","embeddable":true,"href":"https:\/\/biollachemicals.com\/fr\/wp-json\/wp\/v2\/product_brand?post=941"},{"taxonomy":"product_cat","embeddable":true,"href":"https:\/\/biollachemicals.com\/fr\/wp-json\/wp\/v2\/product_cat?post=941"},{"taxonomy":"product_tag","embeddable":true,"href":"https:\/\/biollachemicals.com\/fr\/wp-json\/wp\/v2\/product_tag?post=941"}],"curies":[{"name":"wp","href":"https:\/\/api.w.org\/{rel}","templated":true}]}}