{"id":938,"date":"2020-09-11T13:54:46","date_gmt":"2020-09-11T13:54:46","guid":{"rendered":"https:\/\/biollachemicals.com\/?post_type=product&#038;p=938"},"modified":"2024-04-24T10:49:17","modified_gmt":"2024-04-24T10:49:17","slug":"bore-7440-42-8","status":"publish","type":"product","link":"https:\/\/biollachemicals.com\/fr\/produit\/bore-7440-42-8\/","title":{"rendered":"Bore CAS 7440-42-8"},"content":{"rendered":"<p>Le bore est une poudre brun fonc\u00e9 \u00e0 brun noir.<\/p>\n\n\n\n<h4 class=\"wp-block-heading\">Sp\u00e9cifications :<\/h4>\n\n\n\n<figure class=\"wp-block-table is-style-stripes\"><table><tbody><tr><td><strong>Grade<\/strong><\/td><td><b>La puret\u00e9<\/b><\/td><td><strong>Mg<\/strong><\/td><td><strong>Insoluble dans le H<sub>2<\/sub>O<sub>2<\/sub><\/strong><\/td><td><strong>Bore soluble dans l'eau<\/strong><\/td><td><strong>Humidit\u00e9<\/strong><\/td><td><strong>Taille des particules (D<sub>50<\/sub>)<\/strong><\/td><\/tr><tr><td>B85<\/td><td>85-88%<\/td><td>\u226412.0%<\/td><td>\u2264 1.5%<\/td><td>\u2264 1.0%<\/td><td>\u2264 1.0%<\/td><td>\u2264 1\u00b5m<\/td><\/tr><tr><td>B90<\/td><td>90-92%<\/td><td>\u2264 6.0%<\/td><td>\u2264 1.0%<\/td><td>\u2264 0,5%<\/td><td>\u2264 0,5%<\/td><td>\u2264 1\u00b5m<\/td><\/tr><tr><td>B95<\/td><td>95-97%<\/td><td>\u2264 2.0%<\/td><td>\u2264 1.0%<\/td><td>\u2264 0,5%<\/td><td>\u2264 0,5%<\/td><td>\u2264 1\u00b5m<\/td><\/tr><\/tbody><\/table><\/figure>\n\n\n\n<h4 class=\"wp-block-heading\">Domaines d'application du bore :<\/h4>\n\n\n\n<ul class=\"wp-block-list\">\n<li>Additif dans les produits pyrotechniques<\/li>\n\n\n\n<li>Mati\u00e8re premi\u00e8re pour la production d'autres borures<\/li>\n\n\n\n<li>D\u00e9soxydant lors de la fusion de cuivre \u00e0 faible teneur en oxyg\u00e8ne<\/li>\n\n\n\n<li>Additif pour le soudage<\/li>\n\n\n\n<li>Ajout aux alliages sp\u00e9ciaux<\/li>\n\n\n\n<li>Propulseurs dans les fus\u00e9es \u00e0 propergol solide<\/li>\n\n\n\n<li>D\u00e9tonateurs dans les airbags des automobiles<\/li>\n\n\n\n<li>Agents d'enrobage ou de durcissement<\/li>\n\n\n\n<li>Partie de la c\u00e9ramique avanc\u00e9e<\/li>\n\n\n\n<li>Additif dans MgO-C pour la production de fours \u00e0 haute temp\u00e9rature en acier<\/li>\n<\/ul>","protected":false},"excerpt":{"rendered":"<p>Boron is a dark brown to black brown powder. Specifications: Grade Purity Mg Insoluble in H2O2 Water soluble Boron Moisture Particle size (D50) B85 85-88% \u226412.0% \u2264 1.5% \u2264 1.0% \u2264 1.0% \u2264 1\u00b5m B90 90-92% \u2264 6.0% \u2264 1.0% \u2264 0.5% \u2264 0.5% \u2264 1\u00b5m B95 95-97% \u2264 2.0% \u2264 1.0% \u2264 0.5% \u2264 [&hellip;]<\/p>\n","protected":false},"featured_media":939,"template":"","meta":{"_kad_blocks_custom_css":"","_kad_blocks_head_custom_js":"","_kad_blocks_body_custom_js":"","_kad_blocks_footer_custom_js":""},"product_brand":[],"product_cat":[129],"product_tag":[],"class_list":{"0":"post-938","1":"product","2":"type-product","3":"status-publish","4":"has-post-thumbnail","6":"product_cat-idustrial","8":"first","9":"instock","10":"shipping-taxable","11":"product-type-simple"},"Meta Data":null,"meta_description":null,"Focus Keyword":null,"meta_box":{"cas_number":"7440-42-8","chemical_formula":"B","molecular_weight":"","einecs_number":"","product_packaging":"","substance_form":"Powder","type_of_substance":"","percentage_percent":"","hs_code":"","pro_delivery_time":"","retest_period":"","storage_condition":"","product_document_data":""},"rank_math_description":"Boron CAS 7440-42-8 in purity series: 85%, 90%, 97%, packed in drums of 25 kg. Available immediately from warehouse in Hamburg. Order now at biolla.de","rank_math_focus_keyword":null,"taxonomy_info":{"product_cat":[{"value":129,"label":"Idustrial"}]},"featured_image_src_large":["https:\/\/biollachemicals.com\/wp-content\/uploads\/2020\/09\/Boron-Powder.jpg",268,268,false],"author_info":[],"comment_info":"","_links":{"self":[{"href":"https:\/\/biollachemicals.com\/fr\/wp-json\/wp\/v2\/product\/938","targetHints":{"allow":["GET"]}}],"collection":[{"href":"https:\/\/biollachemicals.com\/fr\/wp-json\/wp\/v2\/product"}],"about":[{"href":"https:\/\/biollachemicals.com\/fr\/wp-json\/wp\/v2\/types\/product"}],"wp:featuredmedia":[{"embeddable":true,"href":"https:\/\/biollachemicals.com\/fr\/wp-json\/wp\/v2\/media\/939"}],"wp:attachment":[{"href":"https:\/\/biollachemicals.com\/fr\/wp-json\/wp\/v2\/media?parent=938"}],"wp:term":[{"taxonomy":"product_brand","embeddable":true,"href":"https:\/\/biollachemicals.com\/fr\/wp-json\/wp\/v2\/product_brand?post=938"},{"taxonomy":"product_cat","embeddable":true,"href":"https:\/\/biollachemicals.com\/fr\/wp-json\/wp\/v2\/product_cat?post=938"},{"taxonomy":"product_tag","embeddable":true,"href":"https:\/\/biollachemicals.com\/fr\/wp-json\/wp\/v2\/product_tag?post=938"}],"curies":[{"name":"wp","href":"https:\/\/api.w.org\/{rel}","templated":true}]}}