{"id":891,"date":"2020-08-17T12:44:42","date_gmt":"2020-08-17T12:44:42","guid":{"rendered":"https:\/\/biollachemicals.com\/?post_type=product&#038;p=891"},"modified":"2024-04-24T18:53:43","modified_gmt":"2024-04-24T18:53:43","slug":"chlorure-dalkyldimethylbenzylammonium-cas-85409-23-0","status":"publish","type":"product","link":"https:\/\/biollachemicals.com\/fr\/produit\/chlorure-dalkyldimethylbenzylammonium-cas-85409-23-0\/","title":{"rendered":"Chlorure d'alkyl (C12-C14) dim\u00e9thyl \u00e9thylbenzyl ammonium 80%, CAS 85409-23-0"},"content":{"rendered":"<h2>Alkyl (C12-C14) Dim\u00e9thyl \u00e9thylbenzyl ammoniumchloride 80%<\/h2>\n<p><strong>Synonymes :<\/strong><\/p>\n<p>Chlorure de C12-14-Alkyldim\u00e9thyl(\u00e9thylbenzyl)ammonium, chlorure de C12-14-Alkyldim\u00e9thyl(\u00e9thylbenzyl)ammonium, C12-C14 ALKYLDIMETHYL(ETHYLBENZYL)AMMONIUMCHLORIDE ; chlorure de C12-14-Alkyldim\u00e9thyl(\u00e9thylbenzyl)ammonium ; chlorure de C12-C14-Alkyl(\u00e9thylbenzyl)dim\u00e9thylammonium ; Chlorure d'alkyl(C12-C14) dim\u00e9thyl\u00e9thylbenzyl ammonium ; chlorures d'alkyl(\u00e9thylbenzyl) ammonium en C12-14 ; chlorure d'alkyl dim\u00e9thyl \u00e9thyl benzyl ammonium (ADEBAC) ; chlorure de n-alcyl dim\u00e9thyl \u00e9thylbenzyl ammonium (AEBDMC)<\/p>\n<p><strong>No CAS<\/strong> 85409-23-0<\/p>\n<p><strong>Emballage :<\/strong> Tambours \u00e0 200 kgs<\/p>\n<div data-caption=\"Corrosive\"><\/div>\n<div data-caption=\"Corrosive\"><\/div>\n<div data-caption=\"Corrosive\">Plus de produits biolla\/INNOVOX :\u00a0<a href=\"https:\/\/biollachemicals.com\/fr\/boutique\/\">Liste des produits<\/a><\/div>","protected":false},"excerpt":{"rendered":"<p>Chlorure d'alkyl (C12-C14) dim\u00e9thyl \u00e9thylbenzyl ammonium 80% Synonymes : Chlorure de C12-14-alkyldim\u00e9thyl(\u00e9thylbenzyl)ammonium, chlorure de C12-14-alkyldim\u00e9thyl(\u00e9thylbenzyl)ammonium, C12-C14 ALKYLDIMETHYL(ETHYLBENZYL)AMMONIUMCHLORIDE ; chlorure de C12-14-alkyldim\u00e9thyl(\u00e9thylbenzyl)ammonium ; chlorure de C12-C14-alkyl(\u00e9thylbenzyl)dim\u00e9thylammonium ; Chlorure d'alkyl(C12-C14) dim\u00e9thyl\u00e9thylbenzyl ammonium ; chlorures d'alkyl(\u00e9thylbenzyl) ammonium en C12-14 ; chlorure d'alkyl dim\u00e9thyl \u00e9thyl benzyl ammonium (ADEBAC) ; chlorure de n-alcyl dim\u00e9thyl \u00e9thylbenzyl ammonium (AEBDMC) CAS No : 85409-23-0 Conditionnement : F\u00fbts \u00e0 200 kgs Plus de produits biolla\/INNOVOX : Liste de produits<\/p>","protected":false},"featured_media":826,"template":"","meta":{"_kad_blocks_custom_css":"","_kad_blocks_head_custom_js":"","_kad_blocks_body_custom_js":"","_kad_blocks_footer_custom_js":""},"product_brand":[],"product_cat":[129,133],"product_tag":[],"class_list":{"0":"post-891","1":"product","2":"type-product","3":"status-publish","4":"has-post-thumbnail","6":"product_cat-idustrial","7":"product_cat-quaternary-ammonium-salts","9":"first","10":"instock","11":"shipping-taxable","12":"product-type-simple"},"Meta Data":null,"meta_description":null,"Focus Keyword":null,"meta_box":{"cas_number":"85409-23-0","chemical_formula":"C23H42ClN","molecular_weight":"","einecs_number":"","product_packaging":"","substance_form":"Liquid","type_of_substance":"","percentage_percent":"80 %","hs_code":"","pro_delivery_time":"","retest_period":"","storage_condition":"","product_document_data":""},"rank_math_description":"Alkyl (C12-C14) Dimethylethylbenzylammoniumchloride 80% CAS 85409-23-0, packed in drums \u00e0 200 kgs, delivery from stock Hamburg, Germany","rank_math_focus_keyword":null,"taxonomy_info":{"product_cat":[{"value":129,"label":"Idustrial"},{"value":133,"label":"Quaternary Ammonium Salts"}]},"featured_image_src_large":["https:\/\/biollachemicals.com\/wp-content\/uploads\/2020\/06\/Drum-25kg-772x1030.jpg",772,1030,true],"author_info":[],"comment_info":"","_links":{"self":[{"href":"https:\/\/biollachemicals.com\/fr\/wp-json\/wp\/v2\/product\/891","targetHints":{"allow":["GET"]}}],"collection":[{"href":"https:\/\/biollachemicals.com\/fr\/wp-json\/wp\/v2\/product"}],"about":[{"href":"https:\/\/biollachemicals.com\/fr\/wp-json\/wp\/v2\/types\/product"}],"wp:featuredmedia":[{"embeddable":true,"href":"https:\/\/biollachemicals.com\/fr\/wp-json\/wp\/v2\/media\/826"}],"wp:attachment":[{"href":"https:\/\/biollachemicals.com\/fr\/wp-json\/wp\/v2\/media?parent=891"}],"wp:term":[{"taxonomy":"product_brand","embeddable":true,"href":"https:\/\/biollachemicals.com\/fr\/wp-json\/wp\/v2\/product_brand?post=891"},{"taxonomy":"product_cat","embeddable":true,"href":"https:\/\/biollachemicals.com\/fr\/wp-json\/wp\/v2\/product_cat?post=891"},{"taxonomy":"product_tag","embeddable":true,"href":"https:\/\/biollachemicals.com\/fr\/wp-json\/wp\/v2\/product_tag?post=891"}],"curies":[{"name":"wp","href":"https:\/\/api.w.org\/{rel}","templated":true}]}}