{"id":871,"date":"2020-06-25T13:10:17","date_gmt":"2020-06-25T13:10:17","guid":{"rendered":"https:\/\/biollachemicals.com\/?post_type=product&#038;p=871"},"modified":"2024-04-26T07:15:44","modified_gmt":"2024-04-26T07:15:44","slug":"tribromure-de-bore-10294-33-4-2","status":"publish","type":"product","link":"https:\/\/biollachemicals.com\/fr\/produit\/tribromure-de-bore-10294-33-4-2\/","title":{"rendered":"Tribromure de bore 99,9% CAS 10294-33-4"},"content":{"rendered":"<h4 class=\"wp-block-heading\">Synonymes<\/h4>\n\n\n\n<p>Tribromoboron<\/p>\n\n\n\n<figure class=\"wp-block-table is-style-stripes\"><table><tbody><tr><td>Texture<\/td><td>SUS304\/316<\/td><\/tr><tr><td>Diam\u00e8tre ext\u00e9rieur<\/td><td>410mm<\/td><\/tr><tr><td>Calibre<\/td><td>80mm<\/td><\/tr><tr><td>Haut<\/td><td>680 mm<\/td><\/tr><tr><td>\u00c9paisseur du placage<\/td><td>2mm<\/td><\/tr><tr><td>Mat\u00e9riau d'\u00e9tanch\u00e9it\u00e9<\/td><td>Joint torique en t\u00e9flon<\/td><\/tr><tr><td>Poids<\/td><td>20 kg<\/td><\/tr><tr><td>Emballage<\/td><td>Tambours en acier \u00e0 50 kgs<\/td><\/tr><\/tbody><\/table><\/figure>\n\n\n\n<figure class=\"wp-block-image aligncenter is-resized has-custom-border\"><a href=\"https:\/\/biollachemicals.com\/fr\/?attachment_id=880\" rel=\"attachment wp-att-880\"><img loading=\"lazy\" decoding=\"async\" width=\"224\" height=\"300\" src=\"https:\/\/biollachemicals.com\/wp-content\/uploads\/2020\/06\/Boron-tribromid-Steel-drums-224x300.webp\" alt=\"Bore-tribromide-tambours en acier\" class=\"wp-image-880\" style=\"border-radius:10px;width:204px;height:auto\" srcset=\"https:\/\/biollachemicals.com\/wp-content\/uploads\/2020\/06\/Boron-tribromid-Steel-drums-224x300.webp 224w, https:\/\/biollachemicals.com\/wp-content\/uploads\/2020\/06\/Boron-tribromid-Steel-drums-64x86.webp 64w, https:\/\/biollachemicals.com\/wp-content\/uploads\/2020\/06\/Boron-tribromid-Steel-drums.webp 354w\" sizes=\"auto, (max-width: 224px) 100vw, 224px\" \/><\/a><figcaption class=\"wp-element-caption\"><strong>Bore-tribromide-tambours en acier<\/strong><\/figcaption><\/figure>","protected":false},"excerpt":{"rendered":"<p>Synonymes Tribromoboron Texture SUS304\/316 Diam\u00e8tre ext\u00e9rieur 410mm Calibre 80mm Hauteur 680mm Epaisseur du placage 2mm Mat\u00e9riau d'\u00e9tanch\u00e9it\u00e9 Teflon O ring Poids 20kg Emballage Steel-Drums \u00e0 50 kgs<\/p>","protected":false},"featured_media":873,"template":"","meta":{"_kad_blocks_custom_css":"","_kad_blocks_head_custom_js":"","_kad_blocks_body_custom_js":"","_kad_blocks_footer_custom_js":""},"product_brand":[],"product_cat":[129,105],"product_tag":[],"class_list":{"0":"post-871","1":"product","2":"type-product","3":"status-publish","4":"has-post-thumbnail","6":"product_cat-idustrial","7":"product_cat-supplements","9":"first","10":"instock","11":"shipping-taxable","12":"product-type-simple"},"Meta Data":null,"meta_description":null,"Focus Keyword":null,"meta_box":{"cas_number":"10294-33-4","chemical_formula":"BBr3","molecular_weight":"","einecs_number":"","product_packaging":"","substance_form":"Liquid","type_of_substance":"","percentage_percent":"","hs_code":"29420090","pro_delivery_time":"","retest_period":"","storage_condition":"","product_document_data":"<p><strong>Specification:\u00a0<a href=\"https:\/\/biollachemicals.com\/?attachment_id=874\" target=\"_blank\" rel=\"noopener\">Boron tribromide 99,9%<\/a><\/strong><\/p>\n"},"rank_math_description":"Boron tribromide 99,9% CAS 10294-33-4, packed in drums \u00e0 25 kgs. Delivery prompt from stock Hamburg, Germany. \/\/ biollachemicals.com","rank_math_focus_keyword":null,"taxonomy_info":{"product_cat":[{"value":129,"label":"Idustrial"},{"value":105,"label":"Vitamins"}]},"featured_image_src_large":["https:\/\/biollachemicals.com\/wp-content\/uploads\/2020\/06\/Boron-tribromide-1200px-1030x748.webp",1030,748,true],"author_info":[],"comment_info":"","_links":{"self":[{"href":"https:\/\/biollachemicals.com\/fr\/wp-json\/wp\/v2\/product\/871","targetHints":{"allow":["GET"]}}],"collection":[{"href":"https:\/\/biollachemicals.com\/fr\/wp-json\/wp\/v2\/product"}],"about":[{"href":"https:\/\/biollachemicals.com\/fr\/wp-json\/wp\/v2\/types\/product"}],"wp:featuredmedia":[{"embeddable":true,"href":"https:\/\/biollachemicals.com\/fr\/wp-json\/wp\/v2\/media\/873"}],"wp:attachment":[{"href":"https:\/\/biollachemicals.com\/fr\/wp-json\/wp\/v2\/media?parent=871"}],"wp:term":[{"taxonomy":"product_brand","embeddable":true,"href":"https:\/\/biollachemicals.com\/fr\/wp-json\/wp\/v2\/product_brand?post=871"},{"taxonomy":"product_cat","embeddable":true,"href":"https:\/\/biollachemicals.com\/fr\/wp-json\/wp\/v2\/product_cat?post=871"},{"taxonomy":"product_tag","embeddable":true,"href":"https:\/\/biollachemicals.com\/fr\/wp-json\/wp\/v2\/product_tag?post=871"}],"curies":[{"name":"wp","href":"https:\/\/api.w.org\/{rel}","templated":true}]}}