{"id":831,"date":"2020-06-10T13:34:09","date_gmt":"2020-06-10T13:34:09","guid":{"rendered":"https:\/\/biollachemicals.com\/?post_type=product&#038;p=831"},"modified":"2024-04-28T16:04:45","modified_gmt":"2024-04-28T16:04:45","slug":"ddac-cas-7173-51-5","status":"publish","type":"product","link":"https:\/\/biollachemicals.com\/fr\/produit\/ddac-cas-7173-51-5\/","title":{"rendered":"Chlorure de did\u00e9cyl-dim\u00e9thylammonium 80%, CAS 7173-51-5"},"content":{"rendered":"<h4 class=\"wp-block-heading\">Synonymes<\/h4>\n\n\n\n<p>Chlorure de did\u00e9cyl-dim\u00e9thyl-ammonium ; Quaternium 12 ; DDAC-C10<\/p>\n\n\n\n<h4 class=\"wp-block-heading\"><strong>Formulaire de demande<\/strong><\/h4>\n\n\n\n<ul class=\"wp-block-list\">\n<li>Formulation du consommateur dans les produits biociaux et PPP<\/li>\n\n\n\n<li>Formulation pour les consommateurs de produits de lavage et de nettoyage antibact\u00e9riens<\/li>\n<\/ul>\n\n\n\n<figure class=\"wp-block-table is-style-stripes\"><table><tbody><tr><td>Paquet<\/td><td>f\u00fbts \u00e0 180 kgs ou IBCs \u00e0 900 kgs<\/td><\/tr><\/tbody><\/table><\/figure>","protected":false},"excerpt":{"rendered":"<p>Synonymes Chlorure de did\u00e9cyl-dim\u00e9thyl-ammonium ; Quaternium 12 ; DDAC-C10 Forme d'application F\u00fbts \u00e0 180 kgs ou IBCs \u00e0 900 kgs<\/p>","protected":false},"featured_media":826,"template":"","meta":{"_kad_blocks_custom_css":"","_kad_blocks_head_custom_js":"","_kad_blocks_body_custom_js":"","_kad_blocks_footer_custom_js":""},"product_brand":[],"product_cat":[129],"product_tag":[],"class_list":{"0":"post-831","1":"product","2":"type-product","3":"status-publish","4":"has-post-thumbnail","6":"product_cat-idustrial","8":"first","9":"instock","10":"shipping-taxable","11":"product-type-simple"},"Meta Data":null,"meta_description":null,"Focus Keyword":null,"meta_box":{"cas_number":"7173-51-5","chemical_formula":"C22H48ClN","molecular_weight":"362,08 g\/mol","einecs_number":"","product_packaging":"","substance_form":"Liquid","type_of_substance":"","percentage_percent":"80 %","hs_code":"2923900090","pro_delivery_time":"","retest_period":"","storage_condition":"","product_document_data":"<p><strong>Specification: <a href=\"https:\/\/biollachemicals.com\/wp-content\/uploads\/2020\/06\/CAS-7173-51-5-DDAC-80-EU-2.pdf\" target=\"_blank\" rel=\"noopener\">Didecyl Dimethylammoniumchloride 80%<\/a><\/strong><\/p>\n<p>MSDS DDAC:\u00a0<a href=\"https:\/\/biollachemicals.com\/wp-content\/uploads\/2020\/06\/MSDS-of-Didecyl-Dimethyl-Ammonium-Chloride80.pdf\" target=\"_blank\" rel=\"noopener\">DDAC-MSDS<\/a><\/p>\n"},"rank_math_description":"Didecyl Dimethylammoniumchloride 80%, CAS 7173-51-5, packed in drums \u00e0 180 kgs or IBCs \u00e0 900 kgs, delivery from stock Hamburg, Germany","rank_math_focus_keyword":null,"taxonomy_info":{"product_cat":[{"value":129,"label":"Idustrial"}]},"featured_image_src_large":["https:\/\/biollachemicals.com\/wp-content\/uploads\/2020\/06\/Drum-25kg-772x1030.jpg",772,1030,true],"author_info":[],"comment_info":"","_links":{"self":[{"href":"https:\/\/biollachemicals.com\/fr\/wp-json\/wp\/v2\/product\/831","targetHints":{"allow":["GET"]}}],"collection":[{"href":"https:\/\/biollachemicals.com\/fr\/wp-json\/wp\/v2\/product"}],"about":[{"href":"https:\/\/biollachemicals.com\/fr\/wp-json\/wp\/v2\/types\/product"}],"wp:featuredmedia":[{"embeddable":true,"href":"https:\/\/biollachemicals.com\/fr\/wp-json\/wp\/v2\/media\/826"}],"wp:attachment":[{"href":"https:\/\/biollachemicals.com\/fr\/wp-json\/wp\/v2\/media?parent=831"}],"wp:term":[{"taxonomy":"product_brand","embeddable":true,"href":"https:\/\/biollachemicals.com\/fr\/wp-json\/wp\/v2\/product_brand?post=831"},{"taxonomy":"product_cat","embeddable":true,"href":"https:\/\/biollachemicals.com\/fr\/wp-json\/wp\/v2\/product_cat?post=831"},{"taxonomy":"product_tag","embeddable":true,"href":"https:\/\/biollachemicals.com\/fr\/wp-json\/wp\/v2\/product_tag?post=831"}],"curies":[{"name":"wp","href":"https:\/\/api.w.org\/{rel}","templated":true}]}}