{"id":821,"date":"2020-06-09T14:09:43","date_gmt":"2020-06-09T14:09:43","guid":{"rendered":"https:\/\/biollachemicals.com\/?post_type=product&#038;p=821"},"modified":"2024-04-25T19:27:24","modified_gmt":"2024-04-25T19:27:24","slug":"bisglycinate-de-zinc-cas-14281-83-5","status":"publish","type":"product","link":"https:\/\/biollachemicals.com\/fr\/produit\/bisglycinate-de-zinc-cas-14281-83-5\/","title":{"rendered":"Bisglycinate de zinc monohydrat\u00e9 CAS 14281-83-5"},"content":{"rendered":"<h2 class=\"wp-block-heading\">Bisglycinate de zinc monohydrat\u00e9 de qualit\u00e9 alimentaire, 30%<\/h2>\n\n\n\n<h4 class=\"wp-block-heading\">Synonyme<\/h4>\n\n\n\n<p>Bisglycinate de zinc, glycinate de zinc, sel de zinc de glycine, ch\u00e9late de bisglycinate de zinc, ch\u00e9late de glycinate de zinc<\/p>\n\n\n\n<h4 class=\"wp-block-heading\">Description<\/h4>\n\n\n\n<p>Le bisglycinate de zinc CAS 14281-83-5 est un compos\u00e9 ch\u00e9lat\u00e9 form\u00e9 \u00e0 partir de glycine et de zinc. Il a un faible poids mol\u00e9culaire et peut \u00eatre absorb\u00e9 globalement. Le bisglycinate de zinc CAS 14281-83-5 est une nouvelle g\u00e9n\u00e9ration d'additifs organiques s\u00fbrs et efficaces pour le zinc. La structure est un ch\u00e9late de zinc typique \u00e0 deux acides amin\u00e9s. L'efficacit\u00e9 d'absorption du bisglycinate de zinc CAS 14281-83-5 dans le tractus intestinal est tr\u00e8s \u00e9lev\u00e9e et ne provoque aucune interaction avec d'autres \u00e9l\u00e9ments.<br>Nous proposons une poudre pure de bisglycinate de zinc monohydrat\u00e9. Ce ch\u00e9late a une teneur \u00e9lev\u00e9e en zinc de 27%, une tr\u00e8s faible teneur en Pb \/ Cd \/ As \/ Hg. Le zinc est important pour la croissance, la maturation et le d\u00e9veloppement de l'organisme, ainsi que pour la r\u00e9paration des tissus et la r\u00e9sistance aux maladies.<\/p>\n\n\n\n<p>Le bisglycinate de zinc cas 14281-83-5 est principalement utilis\u00e9 comme additif alimentaire. Il peut \u00eatre enrichi dans les produits laitiers (lait en poudre, lait, lait de soja, etc.), les boissons solides, les produits de sant\u00e9 \u00e0 base de c\u00e9r\u00e9ales, le sel et d'autres aliments.<\/p>\n\n\n\n<p>Le bisglycinate de zinc CAS 14281-83-5 a trouv\u00e9 une tr\u00e8s large application dans la fabrication de compl\u00e9ments alimentaires.<\/p>\n\n\n\n<h4 class=\"wp-block-heading\">Domaines d'application<\/h4>\n\n\n\n<ul class=\"wp-block-list\">\n<li>Compl\u00e9ments alimentaires<\/li>\n\n\n\n<li>Alimentation<\/li>\n\n\n\n<li>M\u00e9decine<\/li>\n\n\n\n<li>Alimentation<\/li>\n\n\n\n<li>Autres secteurs<\/li>\n<\/ul>\n\n\n\n<figure class=\"wp-block-table is-style-stripes\"><table><tbody><tr><td>Apparence<\/td><td>Poudre de cristal<\/td><\/tr><tr><td>Emballage<\/td><td>Sacs de 25 kg<\/td><\/tr><\/tbody><\/table><\/figure>","protected":false},"excerpt":{"rendered":"<p>Zinc Bisglycinate Monohydrat Food Grade, 30% Synonyme Zinc Bisglycinate, Zinc glycinate, Glycine Zinc Salt, Zinc Bisglycinate Chelate, Zinc Glycinate Chelate Descripton Zinc bisglycinate CAS 14281-83-5 is a chelate compound that is formed from glycine and zinc. It has a small molecular weight and can be absorbed overall. Zinc bisglycinate CAS 14281-83-5 is a new generation [&hellip;]<\/p>\n","protected":false},"featured_media":620,"template":"","meta":{"_kad_blocks_custom_css":"","_kad_blocks_head_custom_js":"","_kad_blocks_body_custom_js":"","_kad_blocks_footer_custom_js":""},"product_brand":[],"product_cat":[129,105],"product_tag":[],"class_list":{"0":"post-821","1":"product","2":"type-product","3":"status-publish","4":"has-post-thumbnail","6":"product_cat-idustrial","7":"product_cat-supplements","9":"first","10":"instock","11":"shipping-taxable","12":"product-type-simple"},"Meta Data":null,"meta_description":null,"Focus Keyword":null,"meta_box":{"cas_number":"14281-83-5","chemical_formula":"Zn(C2H4NO2)2","molecular_weight":"","einecs_number":"","product_packaging":"","substance_form":"","type_of_substance":"","percentage_percent":"","hs_code":"2922500090","pro_delivery_time":"","retest_period":"","storage_condition":"Tightly closed, dry and store at room temperature","product_document_data":"<p><strong>Specification:\u00a0<\/strong><a href=\"https:\/\/biollachemicals.com\/\/wp-content\/uploads\/2020\/06\/Specification-Zinc-Bisglycinate-ENG.pdf\" target=\"_blank\" rel=\"noopener\">Zinc Bisglycinate Food Grade<\/a><\/p>\n"},"rank_math_description":"Zinc Bisglycinate Monohydrat, CAS 14281-83-5, Food Grade, packed in bags \u00e0 25 kgs. Delivery promt from storage Hamburg, Request here: biollachemicals.com","rank_math_focus_keyword":null,"taxonomy_info":{"product_cat":[{"value":129,"label":"Idustrial"},{"value":105,"label":"Vitamins"}]},"featured_image_src_large":["https:\/\/biollachemicals.com\/wp-content\/uploads\/2019\/08\/Potassium-nitrate-CAS-7757-79-1-Kaliumnitrate-1030x687.jpg",1030,687,true],"author_info":[],"comment_info":"","_links":{"self":[{"href":"https:\/\/biollachemicals.com\/fr\/wp-json\/wp\/v2\/product\/821","targetHints":{"allow":["GET"]}}],"collection":[{"href":"https:\/\/biollachemicals.com\/fr\/wp-json\/wp\/v2\/product"}],"about":[{"href":"https:\/\/biollachemicals.com\/fr\/wp-json\/wp\/v2\/types\/product"}],"wp:featuredmedia":[{"embeddable":true,"href":"https:\/\/biollachemicals.com\/fr\/wp-json\/wp\/v2\/media\/620"}],"wp:attachment":[{"href":"https:\/\/biollachemicals.com\/fr\/wp-json\/wp\/v2\/media?parent=821"}],"wp:term":[{"taxonomy":"product_brand","embeddable":true,"href":"https:\/\/biollachemicals.com\/fr\/wp-json\/wp\/v2\/product_brand?post=821"},{"taxonomy":"product_cat","embeddable":true,"href":"https:\/\/biollachemicals.com\/fr\/wp-json\/wp\/v2\/product_cat?post=821"},{"taxonomy":"product_tag","embeddable":true,"href":"https:\/\/biollachemicals.com\/fr\/wp-json\/wp\/v2\/product_tag?post=821"}],"curies":[{"name":"wp","href":"https:\/\/api.w.org\/{rel}","templated":true}]}}