{"id":742,"date":"2019-10-15T10:00:59","date_gmt":"2019-10-15T10:00:59","guid":{"rendered":"https:\/\/biollachemicals.com\/en\/?post_type=product&#038;p=742"},"modified":"2024-04-26T06:50:31","modified_gmt":"2024-04-26T06:50:31","slug":"erythorbate-de-sodium-6381-77-7","status":"publish","type":"product","link":"https:\/\/biollachemicals.com\/fr\/produit\/erythorbate-de-sodium-6381-77-7\/","title":{"rendered":"Erythorbate de sodium, CAS 6381-77-7"},"content":{"rendered":"<h4 class=\"wp-block-heading\">Synonymes<\/h4>\n\n\n\n<p>2,3-didehydro-3-O-sodio-D-erythro-hexono-1,4-lactone ; isoascorbate de sodium ; Isona ; sel sodique de l'acide isoascorbique ; C6H7O6Na-H2O ; Natriumisoascorbat<\/p>\n\n\n\n<h4 class=\"wp-block-heading\">Application<\/h4>\n\n\n\n<p>L'\u00e9rythorbate de sodium est un antioxydant important dans l'industrie alimentaire, qui pr\u00e9serve la couleur et la saveur naturelle des aliments et prolonge leur conservation sans effets toxiques ou secondaires. Il est utilis\u00e9 dans la transformation de la viande, des fruits, des l\u00e9gumes, des conserves et des confitures. L'\u00e9rythorbate de sodium est utilis\u00e9 dans les boissons, telles que la bi\u00e8re, le vin de raisin, les boissons gazeuses, le th\u00e9 aux fruits et les jus de fruits.<\/p>\n\n\n\n<h4 class=\"wp-block-heading\">Sp\u00e9cifications<\/h4>\n\n\n\n<figure class=\"wp-block-table is-style-stripes\"><table><tbody><tr><td>Apparence<\/td><td>Cristallin blanc granuleux<\/td><\/tr><tr><td>Essai<\/td><td>min 98.0%<\/td><\/tr><tr><td>Rotation sp\u00e9cifique<\/td><td>+95\u00b0\u00e0+98\u00b0<\/td><\/tr><tr><td>PH(10%)<\/td><td>5,5 \u00e0 8,0<\/td><\/tr><tr><td>Perte au s\u00e9chage<\/td><td>max. 0,25%<\/td><\/tr><tr><td>Plomb<\/td><td>max. 2mg\/kg<\/td><\/tr><tr><td>M\u00e9taux lourds (en Pb)<\/td><td>max. 10 mg\/kg<\/td><\/tr><tr><td>Emballage<\/td><td>L'\u00e9rythorbate de sodium est disponible en cartons de 25 kg.<\/td><\/tr><\/tbody><\/table><\/figure>","protected":false},"excerpt":{"rendered":"<p>Synonyms 2,3-didehydro-3-O-sodio-D-erythro-hexono-1,4-lactone; Sodium isoascorbate; Isona; Isoascorbic acid sodium salt; C6H7O6Na\u0387H2O; Natriumisoascorbat Application Sodium Erythorbate is important antioxidant in food industry, which keeps the color, natural flavor of food and lengthen its storage without any toxic and side effects. They are used in meat processing, fruits, vegetable, tin and jam. Sodium Erythorbate is used in drinks, [&hellip;]<\/p>\n","protected":false},"featured_media":620,"template":"","meta":{"_kad_blocks_custom_css":"","_kad_blocks_head_custom_js":"","_kad_blocks_body_custom_js":"","_kad_blocks_footer_custom_js":""},"product_brand":[],"product_cat":[107,129],"product_tag":[],"class_list":{"0":"post-742","1":"product","2":"type-product","3":"status-publish","4":"has-post-thumbnail","6":"product_cat-food","7":"product_cat-idustrial","9":"first","10":"instock","11":"shipping-taxable","12":"product-type-simple"},"Meta Data":null,"meta_description":null,"Focus Keyword":null,"meta_box":{"cas_number":"6381-77-7","chemical_formula":"C6H7NaO6 H2O","molecular_weight":"216.3","einecs_number":"228-973-9","product_packaging":"","substance_form":"","type_of_substance":"","percentage_percent":"","hs_code":"","pro_delivery_time":"","retest_period":"","storage_condition":"It must be stored in the warehouse of ventilation, dry shady and cool, and cannot be mixed with poisonous","product_document_data":""},"rank_math_description":null,"rank_math_focus_keyword":null,"taxonomy_info":{"product_cat":[{"value":107,"label":"Food"},{"value":129,"label":"Idustrial"}]},"featured_image_src_large":["https:\/\/biollachemicals.com\/wp-content\/uploads\/2019\/08\/Potassium-nitrate-CAS-7757-79-1-Kaliumnitrate-1030x687.jpg",1030,687,true],"author_info":[],"comment_info":"","_links":{"self":[{"href":"https:\/\/biollachemicals.com\/fr\/wp-json\/wp\/v2\/product\/742","targetHints":{"allow":["GET"]}}],"collection":[{"href":"https:\/\/biollachemicals.com\/fr\/wp-json\/wp\/v2\/product"}],"about":[{"href":"https:\/\/biollachemicals.com\/fr\/wp-json\/wp\/v2\/types\/product"}],"wp:featuredmedia":[{"embeddable":true,"href":"https:\/\/biollachemicals.com\/fr\/wp-json\/wp\/v2\/media\/620"}],"wp:attachment":[{"href":"https:\/\/biollachemicals.com\/fr\/wp-json\/wp\/v2\/media?parent=742"}],"wp:term":[{"taxonomy":"product_brand","embeddable":true,"href":"https:\/\/biollachemicals.com\/fr\/wp-json\/wp\/v2\/product_brand?post=742"},{"taxonomy":"product_cat","embeddable":true,"href":"https:\/\/biollachemicals.com\/fr\/wp-json\/wp\/v2\/product_cat?post=742"},{"taxonomy":"product_tag","embeddable":true,"href":"https:\/\/biollachemicals.com\/fr\/wp-json\/wp\/v2\/product_tag?post=742"}],"curies":[{"name":"wp","href":"https:\/\/api.w.org\/{rel}","templated":true}]}}