{"id":673,"date":"2019-10-01T14:39:51","date_gmt":"2019-10-01T14:39:51","guid":{"rendered":"https:\/\/biollachemicals.com\/en\/?post_type=product&#038;p=673"},"modified":"2024-04-28T09:53:05","modified_gmt":"2024-04-28T09:53:05","slug":"bisglycinate-de-fer-21","status":"publish","type":"product","link":"https:\/\/biollachemicals.com\/fr\/produit\/bisglycinate-de-fer-21\/","title":{"rendered":"Bisglycinate de fer 21%, USP, BP, qualit\u00e9 alimentaire"},"content":{"rendered":"<figure class=\"wp-block-table is-style-stripes\"><table><tbody><tr><td>Apparence<\/td><td>poudre rouge brun<\/td><\/tr><tr><td>Caract\u00e9ristiques<\/td><td>Bonne liquidit\u00e9 ; insipide, inodore<\/td><\/tr><tr><td>Essai (base s\u00e8che)<\/td><td>99%<\/td><\/tr><tr><td>Fer ferreux Fe 2+<\/td><td>20%-23,7%<\/td><\/tr><tr><td>Fer ferrique Fe 3+<\/td><td>max. 2.0%<\/td><\/tr><tr><td>Total Fe\/Iron<\/td><td>20,20%<\/td><\/tr><tr><td>Perte au s\u00e9chage<\/td><td>7.0%<\/td><\/tr><tr><td>Arsenic<\/td><td>3 ppm<\/td><\/tr><tr><td>Plomb<\/td><td>2 ppm<\/td><\/tr><tr><td>Sulfate<\/td><td>max. 0,2%<\/td><\/tr><\/tbody><\/table><\/figure>","protected":false},"excerpt":{"rendered":"<p>Aspect poudre rouge brun Caract\u00e9ristiques Bonne liquidit\u00e9 ; insipide, inodore Dosage (base s\u00e8che) 99% Fer ferreux Fe 2+ 20%-23,7% Fer ferrique Fe 3+ max. 2.0% Total Fe\/Fer 20,20% Perte \u00e0 la dessiccation 7.0% Arsenic 3 ppm Plomb 2 ppm Sulfate max. 0,2%<\/p>","protected":false},"featured_media":419,"template":"","meta":{"_kad_blocks_custom_css":"","_kad_blocks_head_custom_js":"","_kad_blocks_body_custom_js":"","_kad_blocks_footer_custom_js":""},"product_brand":[],"product_cat":[129,105],"product_tag":[],"class_list":{"0":"post-673","1":"product","2":"type-product","3":"status-publish","4":"has-post-thumbnail","6":"product_cat-idustrial","7":"product_cat-supplements","9":"first","10":"instock","11":"shipping-taxable","12":"product-type-simple"},"Meta Data":null,"meta_description":null,"Focus Keyword":null,"meta_box":{"cas_number":"20150-34-9","chemical_formula":"Fe (NH2CH2COO) 3","molecular_weight":"","einecs_number":"","product_packaging":"","substance_form":"","type_of_substance":"","percentage_percent":"","hs_code":"","pro_delivery_time":"","retest_period":"","storage_condition":"","product_document_data":"<p><strong>Specification<\/strong>:\u00a0<a href=\"https:\/\/biollachemicals.com\/wp-content\/uploads\/2019\/10\/Specification-FerrousBisglycinate-21-English.pdf\">Ferrous Bisglycinate 21%<\/a><\/p>\n"},"rank_math_description":null,"rank_math_focus_keyword":null,"taxonomy_info":{"product_cat":[{"value":129,"label":"Idustrial"},{"value":105,"label":"Vitamins"}]},"featured_image_src_large":["https:\/\/biollachemicals.com\/wp-content\/uploads\/2019\/07\/574BEC0B-DA65-485E-AA93-2BB325AD0CF5.jpeg",506,407,false],"author_info":[],"comment_info":"","_links":{"self":[{"href":"https:\/\/biollachemicals.com\/fr\/wp-json\/wp\/v2\/product\/673","targetHints":{"allow":["GET"]}}],"collection":[{"href":"https:\/\/biollachemicals.com\/fr\/wp-json\/wp\/v2\/product"}],"about":[{"href":"https:\/\/biollachemicals.com\/fr\/wp-json\/wp\/v2\/types\/product"}],"wp:featuredmedia":[{"embeddable":true,"href":"https:\/\/biollachemicals.com\/fr\/wp-json\/wp\/v2\/media\/419"}],"wp:attachment":[{"href":"https:\/\/biollachemicals.com\/fr\/wp-json\/wp\/v2\/media?parent=673"}],"wp:term":[{"taxonomy":"product_brand","embeddable":true,"href":"https:\/\/biollachemicals.com\/fr\/wp-json\/wp\/v2\/product_brand?post=673"},{"taxonomy":"product_cat","embeddable":true,"href":"https:\/\/biollachemicals.com\/fr\/wp-json\/wp\/v2\/product_cat?post=673"},{"taxonomy":"product_tag","embeddable":true,"href":"https:\/\/biollachemicals.com\/fr\/wp-json\/wp\/v2\/product_tag?post=673"}],"curies":[{"name":"wp","href":"https:\/\/api.w.org\/{rel}","templated":true}]}}