{"id":611,"date":"2019-08-08T10:45:26","date_gmt":"2019-08-08T10:45:26","guid":{"rendered":"https:\/\/biollachemicals.com\/en\/?post_type=product&#038;p=611"},"modified":"2024-04-28T10:32:10","modified_gmt":"2024-04-28T10:32:10","slug":"fer-acetylacetonate-14024-18-1","status":"publish","type":"product","link":"https:\/\/biollachemicals.com\/fr\/produit\/fer-acetylacetonate-14024-18-1\/","title":{"rendered":"Ac\u00e9tylac\u00e9tonate de fer (III) \/ fe acac 3 \/ CAS 14024-18-1"},"content":{"rendered":"<h4 class=\"wp-block-heading\"><strong>Synonymes<\/strong><\/h4>\n\n\n\n<p>Fer(III) tris(2,4-pentanedionato), sel de fer(III) ac\u00e9tylac\u00e9tone, ac\u00e9tylac\u00e9tonate de fer(III), ac\u00e9tylac\u00e9tonate de fer(III), fe acac 3<\/p>\n\n\n\n<h4 class=\"wp-block-heading\">Propri\u00e9t\u00e9s de l'ac\u00e9tylac\u00e9tonate de fer<\/h4>\n\n\n\n<p>Propri\u00e9t\u00e9s magn\u00e9tiques particuli\u00e8rement bonnes<\/p>\n\n\n\n<h4 class=\"wp-block-heading\">Utilisation de l'ac\u00e9tylac\u00e9tonate de fer :<\/h4>\n\n\n\n<ul class=\"wp-block-list\">\n<li>Catalyseur de synth\u00e8se chimique<\/li>\n\n\n\n<li>Industrie chimique<\/li>\n<\/ul>\n\n\n\n<figure class=\"wp-block-table is-style-stripes\"><table><tbody><tr><td>Apparence<\/td><td>Poudre rouge<\/td><\/tr><tr><td>La puret\u00e9<\/td><td>99.2%<\/td><\/tr><tr><td>Teneur en fer<\/td><td>15.6%<\/td><\/tr><tr><td>Point de fusion<\/td><td>180-183 \u00b0 C<\/td><\/tr><tr><td>Densit\u00e9<\/td><td>5,24 g \/ cm\u00b3<\/td><\/tr><tr><td>Solubilit\u00e9 dans l'eau<\/td><td>2 kg \/ m\u00b3<\/td><\/tr><tr><td>Emballage<\/td><td>25 kg \/ Carton<\/td><\/tr><tr><td>Formule lin\u00e9aire<\/td><td>Fe (C5H7O2) 3<\/td><\/tr><\/tbody><\/table><\/figure>","protected":false},"excerpt":{"rendered":"<p>Synonymes Tris(2,4-pentanedionato)iron(III), Acetylacetone Iron(III) Salt, Ferric(III) Acetylacetonate, Iron(III) Acetylacetonate, fe acac 3 Properties of iron acetylacetonate Particularly good magnetic properties Use of iron acetylacetonate: Appearance Red Powder Purity 99.2% Iron content 15.6% Melting point 180-183 \u00b0 C Density 5.24 g \/ cm\u00b3 Solubility in water 2 kg \/ m\u00b3 Packaging 25 kg \/ Carton Linear [&hellip;]<\/p>\n","protected":false},"featured_media":627,"template":"","meta":{"_kad_blocks_custom_css":"","_kad_blocks_head_custom_js":"","_kad_blocks_body_custom_js":"","_kad_blocks_footer_custom_js":""},"product_brand":[],"product_cat":[129],"product_tag":[],"class_list":{"0":"post-611","1":"product","2":"type-product","3":"status-publish","4":"has-post-thumbnail","6":"product_cat-idustrial","8":"first","9":"instock","10":"shipping-taxable","11":"product-type-simple"},"Meta Data":null,"meta_description":null,"Focus Keyword":null,"meta_box":{"cas_number":"14024-18-1","chemical_formula":"C\u2081\u2085H\u2082\u2081FeO\u2086","molecular_weight":"353.17 g \/ mol","einecs_number":"","product_packaging":"","substance_form":"Powder","type_of_substance":"","percentage_percent":"min 99%","hs_code":"","pro_delivery_time":"","retest_period":"","storage_condition":"","product_document_data":""},"rank_math_description":"Iron (III) acetylacetonate \/ Ferric Acetylacetonate, CAS 14024-18-1, packing in cartons \u00e0 25 kgs. Derlivery prompt from storage Hamburg, Germany","rank_math_focus_keyword":null,"taxonomy_info":{"product_cat":[{"value":129,"label":"Idustrial"}]},"featured_image_src_large":["https:\/\/biollachemicals.com\/wp-content\/uploads\/2019\/08\/IronIIIactylacetonat-Formel-350x350.jpg",350,350,false],"author_info":[],"comment_info":"","_links":{"self":[{"href":"https:\/\/biollachemicals.com\/fr\/wp-json\/wp\/v2\/product\/611","targetHints":{"allow":["GET"]}}],"collection":[{"href":"https:\/\/biollachemicals.com\/fr\/wp-json\/wp\/v2\/product"}],"about":[{"href":"https:\/\/biollachemicals.com\/fr\/wp-json\/wp\/v2\/types\/product"}],"wp:featuredmedia":[{"embeddable":true,"href":"https:\/\/biollachemicals.com\/fr\/wp-json\/wp\/v2\/media\/627"}],"wp:attachment":[{"href":"https:\/\/biollachemicals.com\/fr\/wp-json\/wp\/v2\/media?parent=611"}],"wp:term":[{"taxonomy":"product_brand","embeddable":true,"href":"https:\/\/biollachemicals.com\/fr\/wp-json\/wp\/v2\/product_brand?post=611"},{"taxonomy":"product_cat","embeddable":true,"href":"https:\/\/biollachemicals.com\/fr\/wp-json\/wp\/v2\/product_cat?post=611"},{"taxonomy":"product_tag","embeddable":true,"href":"https:\/\/biollachemicals.com\/fr\/wp-json\/wp\/v2\/product_tag?post=611"}],"curies":[{"name":"wp","href":"https:\/\/api.w.org\/{rel}","templated":true}]}}