{"id":3628,"date":"2025-01-22T10:52:56","date_gmt":"2025-01-22T10:52:56","guid":{"rendered":"https:\/\/biollachemicals.com\/?post_type=product&#038;p=3628"},"modified":"2025-01-22T11:22:14","modified_gmt":"2025-01-22T11:22:14","slug":"biolla-vitamins","status":"publish","type":"product","link":"https:\/\/biollachemicals.com\/fr\/produit\/biolla-vitamins\/","title":{"rendered":"biolla Vitamines"},"content":{"rendered":"<p><strong>Vitamine A :<\/strong> Essentiel pour le syst\u00e8me immunitaire et la vision<\/p>\n\n\n\n<p><strong>Complexe de vitamines B (B1, B2, B5, B6, B7, B12) :<\/strong> Crucial pour le m\u00e9tabolisme et la production d'\u00e9nergie<\/p>\n\n\n\n<p><strong>Vitamine D3 :<\/strong> Favorise la sant\u00e9 des os et le syst\u00e8me immunitaire<\/p>\n\n\n\n<p><strong>Vitamine E (tocoph\u00e9rols, tocotri\u00e9nols) :<\/strong> Protection contre le stress oxydatif<\/p>\n\n\n\n<p><strong>Vitamine PP (Nicotinamide) :<\/strong> Favorise la sant\u00e9 de la peau et l'\u00e9quilibre m\u00e9tabolique<\/p>\n\n\n\n<p><strong>Inositol<\/strong><\/p>\n\n\n\n<p>Et autres<\/p>\n\n\n\n<p><\/p>","protected":false},"excerpt":{"rendered":"<p>Vitamine A : essentielle pour le syst\u00e8me immunitaire et la vision Complexe de vitamines B (B1, B2, B5, B6, B7, B12) : Vitamine D3 : soutient la sant\u00e9 des os et le syst\u00e8me immunitaire Vitamine E (tocoph\u00e9rols, tocotri\u00e9nols) : Protection contre le stress oxydatif Vitamine PP (Nicotinamide) : Favorise la sant\u00e9 de la peau et l'\u00e9quilibre m\u00e9tabolique Inositol et autres<\/p>","protected":false},"featured_media":3629,"template":"","meta":{"_kad_blocks_custom_css":"","_kad_blocks_head_custom_js":"","_kad_blocks_body_custom_js":"","_kad_blocks_footer_custom_js":""},"product_brand":[],"product_cat":[107,109,115,105],"product_tag":[],"class_list":{"0":"post-3628","1":"product","2":"type-product","3":"status-publish","4":"has-post-thumbnail","6":"product_cat-food","7":"product_cat-food-additives","8":"product_cat-pharma","9":"product_cat-supplements","11":"first","12":"instock","13":"shipping-taxable","14":"product-type-simple"},"Meta Data":null,"meta_description":null,"Focus Keyword":null,"meta_box":{"cas_number":"","chemical_formula":"","molecular_weight":"","einecs_number":"","product_packaging":"on request","substance_form":"","type_of_substance":"","percentage_percent":"","hs_code":"","pro_delivery_time":"","retest_period":"","storage_condition":"","product_document_data":"<h2>biolla Vitamins<\/h2>\n<p><!-- wp:paragraph --><\/p>\n<p><strong>Vitamin A:<\/strong> Essential for the immune system and vision<\/p>\n<p><!-- \/wp:paragraph --><\/p>\n<p><!-- wp:paragraph --><\/p>\n<p><strong>Vitamin B Complex (B1, B2, B5, B6, B7, B12):<\/strong> Crucial for metabolism and energy production<\/p>\n<p><!-- \/wp:paragraph --><\/p>\n<p><!-- wp:paragraph --><\/p>\n<p><strong>Vitamin D3:<\/strong> Supports bone health and the immune system<\/p>\n<p><!-- \/wp:paragraph --><\/p>\n<p><!-- wp:paragraph --><\/p>\n<p><strong>Vitamin E (Tocopherols, Tocotrienols):<\/strong> Protection against oxidative stress<\/p>\n<p><!-- \/wp:paragraph --><\/p>\n<p><!-- wp:paragraph --><\/p>\n<p><strong>Vitamin PP (Nicotinamide):<\/strong> Promotes skin health and metabolic balance<\/p>\n<p><strong>Inositol<\/strong><\/p>\n<p><!-- \/wp:paragraph --><\/p>\n<p><!-- wp:paragraph --><\/p>\n<p>And Others<\/p>\n<p><!-- \/wp:paragraph --><\/p>\n<p><!-- wp:paragraph --><\/p>\n<p>&nbsp;<\/p>\n<p><!-- \/wp:paragraph --><\/p>\n"},"rank_math_description":null,"rank_math_focus_keyword":null,"taxonomy_info":{"product_cat":[{"value":107,"label":"Food"},{"value":109,"label":"Food Components"},{"value":115,"label":"Pharma"},{"value":105,"label":"Vitamins"}]},"featured_image_src_large":["https:\/\/biollachemicals.com\/wp-content\/uploads\/2025\/01\/DALL\u00b7E-2025-01-22-11.54.27-A-visually-appealing-composition-combining-fresh-natural-ingredients-such-as-carrots-oranges-nuts-and-green-leafy-vegetables-on-a-bright-well-lit.webp",1024,1024,false],"author_info":[],"comment_info":"","_links":{"self":[{"href":"https:\/\/biollachemicals.com\/fr\/wp-json\/wp\/v2\/product\/3628","targetHints":{"allow":["GET"]}}],"collection":[{"href":"https:\/\/biollachemicals.com\/fr\/wp-json\/wp\/v2\/product"}],"about":[{"href":"https:\/\/biollachemicals.com\/fr\/wp-json\/wp\/v2\/types\/product"}],"wp:featuredmedia":[{"embeddable":true,"href":"https:\/\/biollachemicals.com\/fr\/wp-json\/wp\/v2\/media\/3629"}],"wp:attachment":[{"href":"https:\/\/biollachemicals.com\/fr\/wp-json\/wp\/v2\/media?parent=3628"}],"wp:term":[{"taxonomy":"product_brand","embeddable":true,"href":"https:\/\/biollachemicals.com\/fr\/wp-json\/wp\/v2\/product_brand?post=3628"},{"taxonomy":"product_cat","embeddable":true,"href":"https:\/\/biollachemicals.com\/fr\/wp-json\/wp\/v2\/product_cat?post=3628"},{"taxonomy":"product_tag","embeddable":true,"href":"https:\/\/biollachemicals.com\/fr\/wp-json\/wp\/v2\/product_tag?post=3628"}],"curies":[{"name":"wp","href":"https:\/\/api.w.org\/{rel}","templated":true}]}}