{"id":3605,"date":"2024-11-27T09:27:36","date_gmt":"2024-11-27T09:27:36","guid":{"rendered":"https:\/\/biollachemicals.com\/?post_type=product&#038;p=3605"},"modified":"2024-11-28T10:02:11","modified_gmt":"2024-11-28T10:02:11","slug":"extract-powder-tinospora-cordifolia-root","status":"publish","type":"product","link":"https:\/\/biollachemicals.com\/fr\/produit\/extract-powder-tinospora-cordifolia-root\/","title":{"rendered":"Extrait de racine de Tinospora Cordifolia"},"content":{"rendered":"<p><strong>Extrait de racine de Tinospora cordifolia - L'ultime herbe ayurv\u00e9dique du bien-\u00eatre<\/strong><br>Le Tinospora cordifolia, souvent appel\u00e9 \"Guduchi\" ou \"Amrita\", est une plante v\u00e9n\u00e9r\u00e9e dans la m\u00e9decine ayurv\u00e9dique, connue pour ses propri\u00e9t\u00e9s adaptog\u00e8nes et stimulantes pour le syst\u00e8me immunitaire. D\u00e9riv\u00e9 de la racine de cette plante puissante, l'extrait de racine de Tinospora cordifolia soutient l'immunit\u00e9, la d\u00e9sintoxication et la vitalit\u00e9 g\u00e9n\u00e9rale.<\/p>\n\n\n\n<h3 class=\"wp-block-heading\"><strong>Principaux avantages<\/strong>:<\/h3>\n\n\n\n<ul class=\"wp-block-list\">\n<li><strong>Soutien du syst\u00e8me immunitaire<\/strong>: Renforce les d\u00e9fenses naturelles de l'organisme en stimulant la fonction immunitaire et en luttant contre les infections.<\/li>\n\n\n\n<li><strong>D\u00e9sintoxication<\/strong>: Aide \u00e0 purifier l'organisme en favorisant la sant\u00e9 du foie et l'\u00e9limination des toxines.<\/li>\n\n\n\n<li><strong>Propri\u00e9t\u00e9s anti-inflammatoires<\/strong>: R\u00e9duit l'inflammation, favorise la sant\u00e9 et le confort des articulations.<\/li>\n\n\n\n<li><strong>Soutien adaptog\u00e8ne<\/strong>: Aide l'organisme \u00e0 s'adapter au stress et am\u00e9liore la r\u00e9sistance \u00e0 la fatigue mentale et physique.<\/li>\n\n\n\n<li><strong>Sant\u00e9 digestive<\/strong>: Favorise une digestion saine et aide \u00e0 maintenir un microbiome intestinal \u00e9quilibr\u00e9.<\/li>\n\n\n\n<li><strong>Riche en antioxydants<\/strong>: Prot\u00e8ge contre le stress oxydatif, favorise la sant\u00e9 cellulaire et la long\u00e9vit\u00e9.<\/li>\n<\/ul>\n\n\n\n<h3 class=\"wp-block-heading\"><strong>Pourquoi choisir notre extrait de racine de Tinospora cordifolia ?<\/strong><\/h3>\n\n\n\n<ul class=\"wp-block-list\">\n<li>Provenant de racines de Tinospora cordifolia de haute qualit\u00e9 pour une puissance optimale.<\/li>\n\n\n\n<li>100% naturel, v\u00e9g\u00e9talien et sans additifs ni conservateurs artificiels.<\/li>\n\n\n\n<li>Trait\u00e9e pour conserver un maximum de compos\u00e9s bioactifs, garantissant une efficacit\u00e9 sup\u00e9rieure.<\/li>\n\n\n\n<li>Forme en poudre facile \u00e0 utiliser - id\u00e9ale pour les th\u00e9s, les smoothies ou les suppl\u00e9ments.<\/li>\n<\/ul>\n\n\n\n<p>Exploitez la sagesse ancestrale de l'Ayurveda avec <strong>Extrait de racine de Tinospora cordifolia<\/strong> - un alli\u00e9 puissant pour l'immunit\u00e9, la d\u00e9sintoxication et la gestion du stress.<\/p>\n\n\n\n<p><\/p>","protected":false},"excerpt":{"rendered":"<h1 id=\"formHeaderTitle_12\" class=\"pa-gy pa-py pa-sd pa-fg pa-dw pa-se pa-rg pa-rf pa-sf\" title=\"Produit : Extrait en poudre : Tinospora Cordifolia Root\" data-id=\"header_title\">Extrait en poudre : Tinospora Cordifolia Root<\/h1>","protected":false},"featured_media":3622,"template":"","meta":{"_kad_blocks_custom_css":"","_kad_blocks_head_custom_js":"","_kad_blocks_body_custom_js":"","_kad_blocks_footer_custom_js":""},"product_brand":[],"product_cat":[143],"product_tag":[],"class_list":{"0":"post-3605","1":"product","2":"type-product","3":"status-publish","4":"has-post-thumbnail","6":"product_cat-plant-extracts","8":"first","9":"instock","10":"shipping-taxable","11":"product-type-simple"},"Meta Data":null,"meta_description":null,"Focus Keyword":null,"meta_box":{"cas_number":"90131-61-6","chemical_formula":"","molecular_weight":"","einecs_number":"","product_packaging":"drum 25 kg","substance_form":"","type_of_substance":"","percentage_percent":"","hs_code":"","pro_delivery_time":"","retest_period":"","storage_condition":"","product_document_data":"<h1 id=\"formHeaderTitle_12\" class=\"pa-gy pa-py pa-sd pa-fg pa-dw pa-se pa-rg pa-rf pa-sf \" title=\"Product: Extract Powder: Tinospora Cordifolia Root\" data-id=\"header_title\">Extract Powder: Tinospora Cordifolia Root<\/h1>\n"},"rank_math_description":null,"rank_math_focus_keyword":null,"taxonomy_info":{"product_cat":[{"value":143,"label":"Extracts"}]},"featured_image_src_large":["https:\/\/biollachemicals.com\/wp-content\/uploads\/2024\/11\/TinosporaCorifoliaRoot-1030x1030.jpg",1030,1030,true],"author_info":[],"comment_info":"","_links":{"self":[{"href":"https:\/\/biollachemicals.com\/fr\/wp-json\/wp\/v2\/product\/3605","targetHints":{"allow":["GET"]}}],"collection":[{"href":"https:\/\/biollachemicals.com\/fr\/wp-json\/wp\/v2\/product"}],"about":[{"href":"https:\/\/biollachemicals.com\/fr\/wp-json\/wp\/v2\/types\/product"}],"wp:featuredmedia":[{"embeddable":true,"href":"https:\/\/biollachemicals.com\/fr\/wp-json\/wp\/v2\/media\/3622"}],"wp:attachment":[{"href":"https:\/\/biollachemicals.com\/fr\/wp-json\/wp\/v2\/media?parent=3605"}],"wp:term":[{"taxonomy":"product_brand","embeddable":true,"href":"https:\/\/biollachemicals.com\/fr\/wp-json\/wp\/v2\/product_brand?post=3605"},{"taxonomy":"product_cat","embeddable":true,"href":"https:\/\/biollachemicals.com\/fr\/wp-json\/wp\/v2\/product_cat?post=3605"},{"taxonomy":"product_tag","embeddable":true,"href":"https:\/\/biollachemicals.com\/fr\/wp-json\/wp\/v2\/product_tag?post=3605"}],"curies":[{"name":"wp","href":"https:\/\/api.w.org\/{rel}","templated":true}]}}