{"id":3600,"date":"2024-11-27T09:14:32","date_gmt":"2024-11-27T09:14:32","guid":{"rendered":"https:\/\/biollachemicals.com\/?post_type=product&#038;p=3600"},"modified":"2024-11-28T11:23:41","modified_gmt":"2024-11-28T11:23:41","slug":"valerian-extract-powder","status":"publish","type":"product","link":"https:\/\/biollachemicals.com\/fr\/produit\/valerian-extract-powder\/","title":{"rendered":"Extrait de val\u00e9riane en poudre"},"content":{"rendered":"<p><strong>Extrait de val\u00e9riane - Relaxation naturelle et aide au sommeil<\/strong><br>La val\u00e9riane (Valeriana officinalis) est un rem\u00e8de \u00e0 base de plantes connu depuis longtemps pour ses propri\u00e9t\u00e9s calmantes et sa capacit\u00e9 \u00e0 favoriser un sommeil r\u00e9parateur. Extrait des racines de la val\u00e9riane, ce compl\u00e9ment naturel est id\u00e9al pour ceux qui recherchent un soulagement du stress, une am\u00e9lioration de la qualit\u00e9 du sommeil et une relaxation accrue.<\/p>\n\n\n\n<h3 class=\"wp-block-heading\"><strong>Principaux avantages<\/strong>:<\/h3>\n\n\n\n<ul class=\"wp-block-list\">\n<li><strong>Favorise un sommeil r\u00e9parateur<\/strong>: Favorise un cycle de sommeil sain et contribue \u00e0 r\u00e9duire le temps n\u00e9cessaire pour s'endormir.<\/li>\n\n\n\n<li><strong>Soulagement du stress<\/strong>: Calme naturellement l'esprit et le corps, r\u00e9duisant les sentiments d'anxi\u00e9t\u00e9 et de tension.<\/li>\n\n\n\n<li><strong>Soutien de l'humeur<\/strong>: Am\u00e9liore le bien-\u00eatre \u00e9motionnel en soutenant le syst\u00e8me nerveux.<\/li>\n\n\n\n<li><strong>Pas de formation de l'habitat<\/strong>: Constitue une alternative douce et naturelle aux somnif\u00e8res conventionnels.<\/li>\n\n\n\n<li><strong>Relaxation musculaire<\/strong>: Aide \u00e0 soulager les tensions musculaires et favorise la relaxation physique g\u00e9n\u00e9rale.<\/li>\n\n\n\n<li><strong>Soutien cognitif<\/strong>: Aide \u00e0 r\u00e9duire la fatigue mentale et \u00e0 am\u00e9liorer la concentration en p\u00e9riode de stress.<\/li>\n<\/ul>\n\n\n\n<h3 class=\"wp-block-heading\"><strong>Pourquoi choisir notre extrait de val\u00e9riane ?<\/strong><\/h3>\n\n\n\n<ul class=\"wp-block-list\">\n<li>D\u00e9riv\u00e9 de racines de val\u00e9riane de haute qualit\u00e9 pour en garantir l'efficacit\u00e9 et la puret\u00e9.<\/li>\n\n\n\n<li>100% naturel, respectueux de l'environnement et exempt d'additifs artificiels ou de substances de remplissage.<\/li>\n\n\n\n<li>Forme pratique en poudre - parfaite pour les th\u00e9s, les teintures ou comme compl\u00e9ment autonome.<\/li>\n\n\n\n<li>Soigneusement trait\u00e9 pour conserver les compos\u00e9s actifs de la plante pour une efficacit\u00e9 optimale.<\/li>\n<\/ul>\n\n\n\n<p>Retrouvez la tranquillit\u00e9 avec <strong>Extrait de val\u00e9riane<\/strong> - votre alli\u00e9 naturel pour un meilleur sommeil, une r\u00e9duction du stress et une relaxation accrue.<\/p>","protected":false},"excerpt":{"rendered":"<p>Extrait de val\u00e9riane en poudre<\/p>","protected":false},"featured_media":3624,"template":"","meta":{"_kad_blocks_custom_css":"","_kad_blocks_head_custom_js":"","_kad_blocks_body_custom_js":"","_kad_blocks_footer_custom_js":""},"product_brand":[],"product_cat":[143],"product_tag":[],"class_list":{"0":"post-3600","1":"product","2":"type-product","3":"status-publish","4":"has-post-thumbnail","6":"product_cat-plant-extracts","8":"first","9":"instock","10":"shipping-taxable","11":"product-type-simple"},"Meta Data":null,"meta_description":null,"Focus Keyword":null,"meta_box":{"cas_number":"8057-49-6","chemical_formula":"","molecular_weight":"","einecs_number":"","product_packaging":"drum 25 kg","substance_form":"","type_of_substance":"","percentage_percent":"","hs_code":"","pro_delivery_time":"","retest_period":"","storage_condition":"","product_document_data":"<p>Valerian Extract Powder<\/p>\n"},"rank_math_description":null,"rank_math_focus_keyword":null,"taxonomy_info":{"product_cat":[{"value":143,"label":"Extracts"}]},"featured_image_src_large":["https:\/\/biollachemicals.com\/wp-content\/uploads\/2024\/11\/Valerian-Plant.jpg",1000,677,false],"author_info":[],"comment_info":"","_links":{"self":[{"href":"https:\/\/biollachemicals.com\/fr\/wp-json\/wp\/v2\/product\/3600","targetHints":{"allow":["GET"]}}],"collection":[{"href":"https:\/\/biollachemicals.com\/fr\/wp-json\/wp\/v2\/product"}],"about":[{"href":"https:\/\/biollachemicals.com\/fr\/wp-json\/wp\/v2\/types\/product"}],"wp:featuredmedia":[{"embeddable":true,"href":"https:\/\/biollachemicals.com\/fr\/wp-json\/wp\/v2\/media\/3624"}],"wp:attachment":[{"href":"https:\/\/biollachemicals.com\/fr\/wp-json\/wp\/v2\/media?parent=3600"}],"wp:term":[{"taxonomy":"product_brand","embeddable":true,"href":"https:\/\/biollachemicals.com\/fr\/wp-json\/wp\/v2\/product_brand?post=3600"},{"taxonomy":"product_cat","embeddable":true,"href":"https:\/\/biollachemicals.com\/fr\/wp-json\/wp\/v2\/product_cat?post=3600"},{"taxonomy":"product_tag","embeddable":true,"href":"https:\/\/biollachemicals.com\/fr\/wp-json\/wp\/v2\/product_tag?post=3600"}],"curies":[{"name":"wp","href":"https:\/\/api.w.org\/{rel}","templated":true}]}}