{"id":3591,"date":"2024-11-27T09:10:39","date_gmt":"2024-11-27T09:10:39","guid":{"rendered":"https:\/\/biollachemicals.com\/?post_type=product&#038;p=3591"},"modified":"2024-11-28T11:08:54","modified_gmt":"2024-11-28T11:08:54","slug":"saw-palmetto-extract","status":"publish","type":"product","link":"https:\/\/biollachemicals.com\/fr\/produit\/saw-palmetto-extract\/","title":{"rendered":"Extrait de palmier nain"},"content":{"rendered":"<p><strong>Extrait de palmier nain - Soutien naturel \u00e0 la prostate et \u00e0 la sant\u00e9 hormonale<\/strong><br>Le palmier nain (Serenoa repens) est une petite plante palmiste originaire d'Am\u00e9rique du Nord, r\u00e9put\u00e9e pour son r\u00f4le dans la sant\u00e9 masculine et l'\u00e9quilibre hormonal. Riche en acides gras et en phytost\u00e9rols, l'extrait de palmier nain est une solution naturelle pour favoriser la sant\u00e9 de la prostate, l'\u00e9quilibre hormonal et la vitalit\u00e9 g\u00e9n\u00e9rale.<\/p>\n\n\n\n<h3 class=\"wp-block-heading\"><strong>Principaux avantages<\/strong>:<\/h3>\n\n\n\n<ul class=\"wp-block-list\">\n<li><strong>Sant\u00e9 de la prostate<\/strong>: Favorise la sant\u00e9 de la prostate et aide \u00e0 r\u00e9duire les sympt\u00f4mes associ\u00e9s \u00e0 l'hyperplasie b\u00e9nigne de la prostate (HBP).<\/li>\n\n\n\n<li><strong>L'\u00e9quilibre hormonal<\/strong>: Aide \u00e0 r\u00e9guler les niveaux de testost\u00e9rone, favorisant la sant\u00e9 reproductive et la vitalit\u00e9.<\/li>\n\n\n\n<li><strong>Sant\u00e9 des cheveux<\/strong>: Favorise une croissance saine des cheveux en combattant la DHT (dihydrotestost\u00e9rone), une hormone li\u00e9e \u00e0 l'amincissement des cheveux.<\/li>\n\n\n\n<li><strong>Sant\u00e9 urinaire<\/strong>: Favorise une fonction urinaire normale et r\u00e9duit les probl\u00e8mes de fr\u00e9quence chez les hommes.<\/li>\n\n\n\n<li><strong>Propri\u00e9t\u00e9s anti-inflammatoires<\/strong>: R\u00e9duit l'inflammation, favorise le bien-\u00eatre g\u00e9n\u00e9ral et le confort.<\/li>\n\n\n\n<li><strong>\u00c9nergie et vitalit\u00e9<\/strong>: Favorise le bien-\u00eatre g\u00e9n\u00e9ral en soutenant les fonctions hormonales et m\u00e9taboliques.<\/li>\n<\/ul>\n\n\n\n<h3 class=\"wp-block-heading\"><strong>Pourquoi choisir notre extrait de palmier nain ?<\/strong><\/h3>\n\n\n\n<ul class=\"wp-block-list\">\n<li>Fabriqu\u00e9 \u00e0 partir de baies de palmier nain de haute qualit\u00e9 pour une puissance maximale.<\/li>\n\n\n\n<li>Les compos\u00e9s actifs sont normalis\u00e9s, ce qui garantit des r\u00e9sultats coh\u00e9rents.<\/li>\n\n\n\n<li>100% naturel, respectueux de l'environnement et exempt d'additifs artificiels ou de substances de remplissage.<\/li>\n\n\n\n<li>Forme de poudre facile \u00e0 utiliser, parfaite pour les smoothies, les th\u00e9s ou les g\u00e9lules.<\/li>\n<\/ul>\n\n\n\n<p>D\u00e9couvrez les avantages de <strong>Extrait de palmier nain<\/strong> - votre alli\u00e9 naturel pour la sant\u00e9 de la prostate, l'\u00e9quilibre hormonal et la vitalit\u00e9 g\u00e9n\u00e9rale.<\/p>\n\n\n\n<p><\/p>","protected":false},"excerpt":{"rendered":"<p>Extrait de palmier nain<\/p>","protected":false},"featured_media":3623,"template":"","meta":{"_kad_blocks_custom_css":"","_kad_blocks_head_custom_js":"","_kad_blocks_body_custom_js":"","_kad_blocks_footer_custom_js":""},"product_brand":[],"product_cat":[143],"product_tag":[],"class_list":{"0":"post-3591","1":"product","2":"type-product","3":"status-publish","4":"has-post-thumbnail","6":"product_cat-plant-extracts","8":"first","9":"instock","10":"shipping-taxable","11":"product-type-simple"},"Meta Data":null,"meta_description":null,"Focus Keyword":null,"meta_box":{"cas_number":"84604-15-9","chemical_formula":"","molecular_weight":"","einecs_number":"","product_packaging":"drum 25 kg","substance_form":"","type_of_substance":"","percentage_percent":"","hs_code":"","pro_delivery_time":"","retest_period":"","storage_condition":"","product_document_data":"<p>Saw palmetto Extract<\/p>\n"},"rank_math_description":null,"rank_math_focus_keyword":null,"taxonomy_info":{"product_cat":[{"value":143,"label":"Extracts"}]},"featured_image_src_large":["https:\/\/biollachemicals.com\/wp-content\/uploads\/2024\/11\/Saw-palmetto-1030x687.jpeg",1030,687,true],"author_info":[],"comment_info":"","_links":{"self":[{"href":"https:\/\/biollachemicals.com\/fr\/wp-json\/wp\/v2\/product\/3591","targetHints":{"allow":["GET"]}}],"collection":[{"href":"https:\/\/biollachemicals.com\/fr\/wp-json\/wp\/v2\/product"}],"about":[{"href":"https:\/\/biollachemicals.com\/fr\/wp-json\/wp\/v2\/types\/product"}],"wp:featuredmedia":[{"embeddable":true,"href":"https:\/\/biollachemicals.com\/fr\/wp-json\/wp\/v2\/media\/3623"}],"wp:attachment":[{"href":"https:\/\/biollachemicals.com\/fr\/wp-json\/wp\/v2\/media?parent=3591"}],"wp:term":[{"taxonomy":"product_brand","embeddable":true,"href":"https:\/\/biollachemicals.com\/fr\/wp-json\/wp\/v2\/product_brand?post=3591"},{"taxonomy":"product_cat","embeddable":true,"href":"https:\/\/biollachemicals.com\/fr\/wp-json\/wp\/v2\/product_cat?post=3591"},{"taxonomy":"product_tag","embeddable":true,"href":"https:\/\/biollachemicals.com\/fr\/wp-json\/wp\/v2\/product_tag?post=3591"}],"curies":[{"name":"wp","href":"https:\/\/api.w.org\/{rel}","templated":true}]}}