{"id":3570,"date":"2024-11-27T08:55:55","date_gmt":"2024-11-27T08:55:55","guid":{"rendered":"https:\/\/biollachemicals.com\/?post_type=product&#038;p=3570"},"modified":"2024-11-28T08:29:40","modified_gmt":"2024-11-28T08:29:40","slug":"dandelion-extract","status":"publish","type":"product","link":"https:\/\/biollachemicals.com\/fr\/produit\/dandelion-extract\/","title":{"rendered":"Extrait de pissenlit"},"content":{"rendered":"<p><strong>Extrait de pissenlit - D\u00e9toxifie, nourrit et revitalise naturellement<\/strong><br>Le pissenlit (Taraxacum officinale) est une herbe puissante traditionnellement reconnue pour ses propri\u00e9t\u00e9s d\u00e9toxifiantes et rajeunissantes. Riche en nutriments essentiels, en antioxydants et en compos\u00e9s bioactifs, l'extrait de pissenlit est une solution naturelle pour favoriser la sant\u00e9 du foie, la digestion et la vitalit\u00e9 g\u00e9n\u00e9rale.<\/p>\n\n\n\n<h3 class=\"wp-block-heading\"><strong>Principaux avantages<\/strong>:<\/h3>\n\n\n\n<ul class=\"wp-block-list\">\n<li><strong>Sant\u00e9 du foie<\/strong>: Soutient la fonction h\u00e9patique et favorise les processus naturels de d\u00e9sintoxication.<\/li>\n\n\n\n<li><strong>Aide \u00e0 la digestion<\/strong>: Stimule une digestion saine en favorisant la production de bile et en apaisant le tube digestif.<\/li>\n\n\n\n<li><strong>Riche en antioxydants<\/strong>: Neutralise les radicaux libres, prot\u00e9geant ainsi les cellules des dommages oxydatifs.<\/li>\n\n\n\n<li><strong>Soutien immunitaire<\/strong>: Renforce le syst\u00e8me immunitaire gr\u00e2ce \u00e0 ses propri\u00e9t\u00e9s anti-inflammatoires et antimicrobiennes.<\/li>\n\n\n\n<li><strong>Propri\u00e9t\u00e9s diur\u00e9tiques<\/strong>: Favorise le bon fonctionnement des reins et aide \u00e0 r\u00e9duire la r\u00e9tention d'eau.<\/li>\n\n\n\n<li><strong>Sant\u00e9 de la peau<\/strong>: Favorise une peau claire et \u00e9clatante en purifiant le corps de l'int\u00e9rieur.<\/li>\n<\/ul>\n\n\n\n<h3 class=\"wp-block-heading\"><strong>Pourquoi choisir notre extrait de pissenlit ?<\/strong><\/h3>\n\n\n\n<ul class=\"wp-block-list\">\n<li>Provient de racines et de feuilles de pissenlit de haute qualit\u00e9 pour une puissance maximale.<\/li>\n\n\n\n<li>100% naturel, respectueux de l'environnement et exempt d'additifs artificiels ou de substances de remplissage.<\/li>\n\n\n\n<li>Forme pratique en poudre - parfaite pour les th\u00e9s, les smoothies ou vos recettes pr\u00e9f\u00e9r\u00e9es.<\/li>\n\n\n\n<li>Soigneusement trait\u00e9 pour pr\u00e9server les nutriments naturels et les compos\u00e9s bioactifs de l'herbe.<\/li>\n<\/ul>\n\n\n\n<p>Revitalisez votre corps avec <strong>Extrait de pissenlit<\/strong> - l'alli\u00e9 v\u00e9g\u00e9tal id\u00e9al pour nettoyer, nourrir et stimuler la vitalit\u00e9.<\/p>","protected":false},"excerpt":{"rendered":"<p>Extrait de pissenlit<\/p>","protected":false},"featured_media":3619,"template":"","meta":{"_kad_blocks_custom_css":"","_kad_blocks_head_custom_js":"","_kad_blocks_body_custom_js":"","_kad_blocks_footer_custom_js":""},"product_brand":[],"product_cat":[143],"product_tag":[],"class_list":{"0":"post-3570","1":"product","2":"type-product","3":"status-publish","4":"has-post-thumbnail","6":"product_cat-plant-extracts","8":"first","9":"instock","10":"shipping-taxable","11":"product-type-simple"},"Meta Data":null,"meta_description":null,"Focus Keyword":null,"meta_box":{"cas_number":"84775-55-3","chemical_formula":"","molecular_weight":"","einecs_number":"","product_packaging":"drum 25 kg","substance_form":"","type_of_substance":"","percentage_percent":"","hs_code":"","pro_delivery_time":"","retest_period":"","storage_condition":"","product_document_data":"<p>Dandelion Extract<\/p>\n"},"rank_math_description":null,"rank_math_focus_keyword":null,"taxonomy_info":{"product_cat":[{"value":143,"label":"Extracts"}]},"featured_image_src_large":["https:\/\/biollachemicals.com\/wp-content\/uploads\/2024\/11\/Dandelion-687x1030.jpg",687,1030,true],"author_info":[],"comment_info":"","_links":{"self":[{"href":"https:\/\/biollachemicals.com\/fr\/wp-json\/wp\/v2\/product\/3570","targetHints":{"allow":["GET"]}}],"collection":[{"href":"https:\/\/biollachemicals.com\/fr\/wp-json\/wp\/v2\/product"}],"about":[{"href":"https:\/\/biollachemicals.com\/fr\/wp-json\/wp\/v2\/types\/product"}],"wp:featuredmedia":[{"embeddable":true,"href":"https:\/\/biollachemicals.com\/fr\/wp-json\/wp\/v2\/media\/3619"}],"wp:attachment":[{"href":"https:\/\/biollachemicals.com\/fr\/wp-json\/wp\/v2\/media?parent=3570"}],"wp:term":[{"taxonomy":"product_brand","embeddable":true,"href":"https:\/\/biollachemicals.com\/fr\/wp-json\/wp\/v2\/product_brand?post=3570"},{"taxonomy":"product_cat","embeddable":true,"href":"https:\/\/biollachemicals.com\/fr\/wp-json\/wp\/v2\/product_cat?post=3570"},{"taxonomy":"product_tag","embeddable":true,"href":"https:\/\/biollachemicals.com\/fr\/wp-json\/wp\/v2\/product_tag?post=3570"}],"curies":[{"name":"wp","href":"https:\/\/api.w.org\/{rel}","templated":true}]}}