{"id":3567,"date":"2024-11-27T08:52:57","date_gmt":"2024-11-27T08:52:57","guid":{"rendered":"https:\/\/biollachemicals.com\/?post_type=product&#038;p=3567"},"modified":"2024-11-28T08:04:11","modified_gmt":"2024-11-28T08:04:11","slug":"black-currant-extract-powder","status":"publish","type":"product","link":"https:\/\/biollachemicals.com\/fr\/produit\/black-currant-extract-powder\/","title":{"rendered":"Extrait de cassis en poudre"},"content":{"rendered":"<p><strong>Extrait de cassis - La super baie de la nature pour la sant\u00e9 et la vitalit\u00e9<\/strong><br>Le cassis (Ribes nigrum) est un superfruit riche en nutriments, en vitamines, en antioxydants et en acides gras essentiels. Connu pour sa couleur pourpre et sa saveur acidul\u00e9e, cet extrait puissant offre toute une s\u00e9rie de bienfaits pour la sant\u00e9, allant du renforcement de l'immunit\u00e9 \u00e0 la promotion d'une peau \u00e9clatante et de l'\u00e9nergie.<\/p>\n\n\n\n<h3 class=\"wp-block-heading\"><strong>Principaux avantages<\/strong>:<\/h3>\n\n\n\n<ul class=\"wp-block-list\">\n<li><strong>Riche en antioxydants<\/strong>: Les anthocyanes et les polyph\u00e9nols prot\u00e8gent les cellules du stress oxydatif et favorisent un vieillissement en bonne sant\u00e9.<\/li>\n\n\n\n<li><strong>Soutien immunitaire<\/strong>: La teneur \u00e9lev\u00e9e en vitamine C et en antioxydants naturels contribue \u00e0 renforcer le syst\u00e8me immunitaire.<\/li>\n\n\n\n<li><strong>Sant\u00e9 de la peau et des cheveux<\/strong>: Favorise l'\u00e9clat de la peau et la sant\u00e9 des cheveux en am\u00e9liorant l'hydratation et en luttant contre les radicaux libres.<\/li>\n\n\n\n<li><strong>R\u00e9cup\u00e9ration musculaire et articulaire<\/strong>: R\u00e9duit l'inflammation, ce qui le rend id\u00e9al pour les modes de vie actifs et la r\u00e9cup\u00e9ration musculaire.<\/li>\n\n\n\n<li><strong>Sant\u00e9 cardiaque<\/strong>: Favorise une circulation saine et la fonction cardiovasculaire en soutenant la sant\u00e9 des vaisseaux sanguins.<\/li>\n\n\n\n<li><strong>Sant\u00e9 des yeux<\/strong>: Contient des compos\u00e9s qui soutiennent la vision et aident \u00e0 r\u00e9duire la fatigue oculaire, en particulier dans les modes de vie num\u00e9riques modernes.<\/li>\n<\/ul>\n\n\n\n<h3 class=\"wp-block-heading\"><strong>Pourquoi choisir notre extrait de cassis ?<\/strong><\/h3>\n\n\n\n<ul class=\"wp-block-list\">\n<li>Provient de cassis de premi\u00e8re qualit\u00e9 pour une teneur en nutriments et une puissance maximales.<\/li>\n\n\n\n<li>100% naturel, respectueux de l'environnement et exempt d'additifs artificiels ou de substances de remplissage.<\/li>\n\n\n\n<li>Poudre facile \u00e0 utiliser - parfaite pour les smoothies, les th\u00e9s ou comme compl\u00e9ment autonome.<\/li>\n\n\n\n<li>Une saveur riche et naturelle qui allie les bienfaits pour la sant\u00e9 \u00e0 un go\u00fbt d\u00e9licieux.<\/li>\n<\/ul>\n\n\n\n<p>Retrouvez la vitalit\u00e9 avec <strong>Extrait de cassis<\/strong> - votre dose quotidienne d'antioxydants et de nutriments pour une meilleure sant\u00e9 et plus d'\u00e9nergie.<\/p>\n\n\n\n<p><\/p>","protected":false},"excerpt":{"rendered":"<p>Extrait de cassis en poudre<\/p>","protected":false},"featured_media":3613,"template":"","meta":{"_kad_blocks_custom_css":"","_kad_blocks_head_custom_js":"","_kad_blocks_body_custom_js":"","_kad_blocks_footer_custom_js":""},"product_brand":[],"product_cat":[143],"product_tag":[],"class_list":{"0":"post-3567","1":"product","2":"type-product","3":"status-publish","4":"has-post-thumbnail","6":"product_cat-plant-extracts","8":"first","9":"instock","10":"shipping-taxable","11":"product-type-simple"},"Meta Data":null,"meta_description":null,"Focus Keyword":null,"meta_box":{"cas_number":"68606-81-5","chemical_formula":"","molecular_weight":"","einecs_number":"271-749-0","product_packaging":"drum 25 kg","substance_form":"","type_of_substance":"","percentage_percent":"","hs_code":"","pro_delivery_time":"","retest_period":"","storage_condition":"","product_document_data":"<p>Black Currant Extract Powder<\/p>\n"},"rank_math_description":null,"rank_math_focus_keyword":null,"taxonomy_info":{"product_cat":[{"value":143,"label":"Extracts"}]},"featured_image_src_large":["https:\/\/biollachemicals.com\/wp-content\/uploads\/2024\/11\/blackcurrant.jpg",400,267,false],"author_info":[],"comment_info":"","_links":{"self":[{"href":"https:\/\/biollachemicals.com\/fr\/wp-json\/wp\/v2\/product\/3567","targetHints":{"allow":["GET"]}}],"collection":[{"href":"https:\/\/biollachemicals.com\/fr\/wp-json\/wp\/v2\/product"}],"about":[{"href":"https:\/\/biollachemicals.com\/fr\/wp-json\/wp\/v2\/types\/product"}],"wp:featuredmedia":[{"embeddable":true,"href":"https:\/\/biollachemicals.com\/fr\/wp-json\/wp\/v2\/media\/3613"}],"wp:attachment":[{"href":"https:\/\/biollachemicals.com\/fr\/wp-json\/wp\/v2\/media?parent=3567"}],"wp:term":[{"taxonomy":"product_brand","embeddable":true,"href":"https:\/\/biollachemicals.com\/fr\/wp-json\/wp\/v2\/product_brand?post=3567"},{"taxonomy":"product_cat","embeddable":true,"href":"https:\/\/biollachemicals.com\/fr\/wp-json\/wp\/v2\/product_cat?post=3567"},{"taxonomy":"product_tag","embeddable":true,"href":"https:\/\/biollachemicals.com\/fr\/wp-json\/wp\/v2\/product_tag?post=3567"}],"curies":[{"name":"wp","href":"https:\/\/api.w.org\/{rel}","templated":true}]}}