{"id":339,"date":"2018-10-22T01:41:52","date_gmt":"2018-10-22T01:41:52","guid":{"rendered":"https:\/\/biollachemicals.com\/en\/?post_type=product&#038;p=339"},"modified":"2024-04-24T19:11:23","modified_gmt":"2024-04-24T19:11:23","slug":"sucralose-en-poudre-cas-56038-13-2","status":"publish","type":"product","link":"https:\/\/biollachemicals.com\/fr\/produit\/sucralose-en-poudre-cas-56038-13-2\/","title":{"rendered":"Sucralose en poudre, CAS 56038-13-2"},"content":{"rendered":"<figure class=\"wp-block-table\"><table><tbody><tr><th>Sucralose en poudre<\/th><th>&nbsp;<\/th><\/tr><tr><th>GB25531-2010, FCC IX, EP9.0, UPS38-NF33, E955<\/th><th>&nbsp;<\/th><\/tr><tr><td>Formule<\/td><td>C12H19Cl3O<\/td><\/tr><tr><td>Sucralose (sur base anhydre)<\/td><td>98.0%-102.0%<\/td><\/tr><tr><td>Ident IR<\/td><td>Le spectre d'absorption IR est conforme au spectre de r\u00e9f\u00e9rence<\/td><\/tr><tr><td>Ident HPLC<\/td><td>Le temps de r\u00e9tention du pic principal dans le chromatogramme de l'essai correspond \u00e0 celui du chromatogramme de la pr\u00e9paration \u00e9talon.<\/td><\/tr><tr><td>Ident TLC<\/td><td>La valeur RF de la tache principale dans le chromatogramme de la solution \u00e0 tester correspond \u00e0 celle de la solution \u00e9talon.<\/td><\/tr><tr><td>Poudre blanche \u00e0 presque blanche<\/td><td>&nbsp;<\/td><\/tr><tr><td>Rotation sp\u00e9cifique (\u03b1)20D<\/td><td>+84.0\u00b0 -+87,5\u00b0<\/td><\/tr><tr><td>Valeur du pH (solution 10%)<\/td><td>5.0-7.0<\/td><\/tr><tr><td>Humidit\u00e9<\/td><td>NMT 2.0%<\/td><\/tr><tr><td>R\u00e9sidus enflamm\u00e9s<\/td><td>NMT 0,7%<\/td><\/tr><tr><td>Taille des particules<\/td><td>95% passe \u00e0 travers 100 Mesh<\/td><\/tr><tr><td>M\u00e9thanol<\/td><td>NMT 0.1%<\/td><\/tr><tr><td>Substances apparent\u00e9es (autres disaccharides chlor\u00e9s)<\/td><td>NMT 0.5%<\/td><\/tr><tr><td>Produits d'hydrolyse (monosaccarides chlor\u00e9s)<\/td><td>NMT 0.1%<\/td><\/tr><tr><td>Oxyde de triph\u00e9nylphosphine<\/td><td>NMT 150 ppm<\/td><\/tr><tr><td>M\u00e9taux lourds<\/td><td>NMT 10,0 ppm<\/td><\/tr><tr><td>Arsenic (As)<\/td><td>NMT 3.0 ppm<\/td><\/tr><tr><td>Plomb (Pb)<\/td><td>NMT 1,0 ppm<\/td><\/tr><tr><td>Nombre total d'a\u00e9robies<\/td><td>NMT 250 ufc\/g<\/td><\/tr><tr><td>&nbsp;<\/td><td>&nbsp;<\/td><\/tr><tr><td>Levures et moisissures<\/td><td>NMT 50 cfu\/g<\/td><\/tr><tr><td>Coliformes<\/td><td>&lt; 3 MPN\/g<\/td><\/tr><tr><td>E.Coli<\/td><td>N\u00e9gatif\/25g<\/td><\/tr><tr><td>S.aureus<\/td><td>N\u00e9gatif\/25g<\/td><\/tr><tr><td>Shigella<\/td><td>N\u00e9gatif\/25g<\/td><\/tr><tr><td>Salmonelle<\/td><td>N\u00e9gatif\/25g<\/td><\/tr><tr><td>Emballage<\/td><td>Grand emballage de 25 kg\/10 kg. Deux sacs en poly\u00e9thyl\u00e8ne \u00e0 l'int\u00e9rieur, un tambour carr\u00e9 en fibre \u00e0 l'ext\u00e9rieur. Taille de 10Kg : 28x28x29cm, taille de 25Kg : 37x37x38cm.<\/td><\/tr><tr><td>Stockage<\/td><td>conserver dans un endroit frais et sec. Prot\u00e9ger de la lumi\u00e8re et garder le r\u00e9cipient ferm\u00e9.<\/td><\/tr><tr><td>Dur\u00e9e de conservation<\/td><td>24 mois lorsqu'il est correctement stock\u00e9.<\/td><\/tr><\/tbody><\/table><\/figure>","protected":false},"excerpt":{"rendered":"<p>Sucralose Powder &nbsp; GB25531-2010, FCC IX, EP9.0, UPS38-NF33, E955 &nbsp; Formula C12H19Cl3O Sucralose (on anhhydrous basis) 98.0%-102.0% Ident IR The IR absorption spectrum conform the reference spectrum Ident HPLC The retention time of the principal peak in the chromatogram of the assay corresponds to that in the chromatogram of the standard preparation. Ident TLC The [&hellip;]<\/p>\n","protected":false},"featured_media":0,"template":"","meta":{"_kad_blocks_custom_css":"","_kad_blocks_head_custom_js":"","_kad_blocks_body_custom_js":"","_kad_blocks_footer_custom_js":""},"product_brand":[],"product_cat":[111,107,109,115,139,113],"product_tag":[],"class_list":{"0":"post-339","1":"product","2":"type-product","3":"status-publish","5":"product_cat-feed-additives","6":"product_cat-food","7":"product_cat-food-additives","8":"product_cat-pharma","9":"product_cat-pharma-grade","10":"product_cat-sweeteners","12":"first","13":"instock","14":"shipping-taxable","15":"product-type-simple"},"Meta Data":null,"meta_description":null,"Focus Keyword":null,"meta_box":{"cas_number":"56038-13-2","chemical_formula":"C\u2081\u2082H\u2081\u2089Cl\u2083O\u2088","molecular_weight":"","einecs_number":"","product_packaging":"","substance_form":"","type_of_substance":"","percentage_percent":"","hs_code":"","pro_delivery_time":"","retest_period":"","storage_condition":"","product_document_data":""},"rank_math_description":"Sucralose Powder CAS 56038-13-2 - pharm, food, feed - delivery promt from stock Hamburg \/\/ biolla chemicals","rank_math_focus_keyword":null,"taxonomy_info":{"product_cat":[{"value":111,"label":"Feed Additives"},{"value":107,"label":"Food"},{"value":109,"label":"Food Components"},{"value":115,"label":"Pharma"},{"value":139,"label":"Pharmaceutical Ingredients"},{"value":113,"label":"Sweeteners"}]},"featured_image_src_large":false,"author_info":[],"comment_info":"","_links":{"self":[{"href":"https:\/\/biollachemicals.com\/fr\/wp-json\/wp\/v2\/product\/339","targetHints":{"allow":["GET"]}}],"collection":[{"href":"https:\/\/biollachemicals.com\/fr\/wp-json\/wp\/v2\/product"}],"about":[{"href":"https:\/\/biollachemicals.com\/fr\/wp-json\/wp\/v2\/types\/product"}],"wp:attachment":[{"href":"https:\/\/biollachemicals.com\/fr\/wp-json\/wp\/v2\/media?parent=339"}],"wp:term":[{"taxonomy":"product_brand","embeddable":true,"href":"https:\/\/biollachemicals.com\/fr\/wp-json\/wp\/v2\/product_brand?post=339"},{"taxonomy":"product_cat","embeddable":true,"href":"https:\/\/biollachemicals.com\/fr\/wp-json\/wp\/v2\/product_cat?post=339"},{"taxonomy":"product_tag","embeddable":true,"href":"https:\/\/biollachemicals.com\/fr\/wp-json\/wp\/v2\/product_tag?post=339"}],"curies":[{"name":"wp","href":"https:\/\/api.w.org\/{rel}","templated":true}]}}