{"id":333,"date":"2018-10-22T00:54:56","date_gmt":"2018-10-22T00:54:56","guid":{"rendered":"https:\/\/biollachemicals.com\/en\/?post_type=product&#038;p=333"},"modified":"2024-04-24T06:35:12","modified_gmt":"2024-04-24T06:35:12","slug":"stevia-98","status":"publish","type":"product","link":"https:\/\/biollachemicals.com\/fr\/produit\/stevia-98\/","title":{"rendered":"St\u00e9via 98%"},"content":{"rendered":"<p>Stevia 98% est une forme hautement purifi\u00e9e de l'\u00e9dulcorant naturel d\u00e9riv\u00e9 des feuilles de la plante Stevia rebaudiana. Avec un niveau de puret\u00e9 de 98%, il contient une quantit\u00e9 concentr\u00e9e de glycosides de st\u00e9viol, principalement le rebaudioside A et le st\u00e9vioside, qui lui conf\u00e8rent son go\u00fbt sucr\u00e9 intense. Ce compos\u00e9 est souvent utilis\u00e9 comme substitut du sucre sans calorie dans divers produits alimentaires et boissons, offrant un go\u00fbt sucr\u00e9 sans les calories ou l'impact glyc\u00e9mique du sucre. La st\u00e9via 98% est appr\u00e9ci\u00e9e pour sa puissance et son origine naturelle, ce qui en fait un choix populaire pour ceux qui recherchent des alternatives aux \u00e9dulcorants traditionnels.<\/p>\n\n\n\n<figure class=\"wp-block-table is-style-stripes\"><table><tbody><tr><td>Apparence<\/td><td>Poudre fine blanche<\/td><td><\/td><\/tr><tr><td>Rebaudioside A<\/td><td>NLT 98.0%<\/td><td>JECFA 2010<\/td><\/tr><tr><td>Autres glycosides de st\u00e9viol apparent\u00e9s<\/td><td>NMT 2.0%<\/td><td>JECFA 2010<\/td><\/tr><tr><td>pH<\/td><td>4.5- 7.0<\/td><td>JECFA 2010<\/td><\/tr><tr><td>Perte au s\u00e9chage<\/td><td>NMT 5.0%<\/td><td>JECFA 2010<\/td><\/tr><tr><td>Cendres totales<\/td><td>NMT 0.2%<\/td><td>JECFA 2010<\/td><\/tr><tr><th>SOLVANTS R\u00c9SIDUELS<\/th><th><\/th><th><\/th><\/tr><tr><td>M\u00e9thanol<\/td><td>NMT 200 ppm<\/td><td>FCC VII<\/td><\/tr><tr><td>\u00c9thanol<\/td><td>NMT 3000 ppm<\/td><td>FCC VII<\/td><\/tr><tr><td>Arsenic (As)<\/td><td>NMT 1,0 ppm<\/td><td>AAS (Chp 2015 Partie 4 (2321))<\/td><\/tr><tr><td>Plomb (Pb)<\/td><td>NMT 0,5 ppm<\/td><td>AAS (Chp 2015 Partie 4 (2321))<\/td><\/tr><tr><td>Cadmium (Cd)<\/td><td>NMT 1,0 ppm<\/td><td>AAS (Chp 2015 Partie 4 (2321))<\/td><\/tr><tr><td>Mercure (Hg)<\/td><td>NMT 0,1 ppm<\/td><td>AAS (Chp 2015 Partie 4 (2321))<\/td><\/tr><tr><td>Bact\u00e9ries a\u00e9robies totales<\/td><td>NMT 1000 ufc\/g<\/td><td>ChP 2015 Partie 4 (1105)<\/td><\/tr><tr><td>Levures et moisissures<\/td><td>NMT 100 cfu\/g<\/td><td>ChP 2015 Partie 4 (1105)<\/td><\/tr><tr><td>E.Coli<\/td><td>N\u00e9gatif<\/td><td>ChP 2015 Partie 4 (1106)<\/td><\/tr><tr><td>Salmonelle<\/td><td>N\u00e9gatif\/25g<\/td><td>ChP 2015 Partie 4 (1106)<\/td><\/tr><tr><td>Emballage<\/td><td>Net 20kg\/bo\u00eete en carton.<\/td><td><\/td><\/tr><tr><td>Dur\u00e9e de conservation<\/td><td>24 mois lorsqu'il est correctement stock\u00e9.<\/td><td><\/td><\/tr><\/tbody><\/table><\/figure>","protected":false},"excerpt":{"rendered":"<p>Stevia 98% is a highly purified form of the natural sweetener derived from the leaves of the Stevia rebaudiana plant. With a purity level of 98%, it contains a concentrated amount of steviol glycosides, primarily rebaudioside A and stevioside, which impart its intense sweetness. This compound is often used as a zero-calorie sugar substitute in [&hellip;]<\/p>\n","protected":false},"featured_media":0,"template":"","meta":{"_kad_blocks_custom_css":"","_kad_blocks_head_custom_js":"","_kad_blocks_body_custom_js":"","_kad_blocks_footer_custom_js":""},"product_brand":[],"product_cat":[113],"product_tag":[],"class_list":{"0":"post-333","1":"product","2":"type-product","3":"status-publish","5":"product_cat-sweeteners","7":"first","8":"instock","9":"shipping-taxable","10":"product-type-simple"},"Meta Data":null,"meta_description":null,"Focus Keyword":null,"meta_box":{"cas_number":"57817-89-7","chemical_formula":"C38H60O18","molecular_weight":"","einecs_number":"","product_packaging":"","substance_form":"","type_of_substance":"","percentage_percent":"","hs_code":"","pro_delivery_time":"","retest_period":"","storage_condition":"Air-tight original sealed container, keep away from strong light, heat and moisture.","product_document_data":""},"rank_math_description":null,"rank_math_focus_keyword":null,"taxonomy_info":{"product_cat":[{"value":113,"label":"Sweeteners"}]},"featured_image_src_large":false,"author_info":[],"comment_info":"","_links":{"self":[{"href":"https:\/\/biollachemicals.com\/fr\/wp-json\/wp\/v2\/product\/333","targetHints":{"allow":["GET"]}}],"collection":[{"href":"https:\/\/biollachemicals.com\/fr\/wp-json\/wp\/v2\/product"}],"about":[{"href":"https:\/\/biollachemicals.com\/fr\/wp-json\/wp\/v2\/types\/product"}],"wp:attachment":[{"href":"https:\/\/biollachemicals.com\/fr\/wp-json\/wp\/v2\/media?parent=333"}],"wp:term":[{"taxonomy":"product_brand","embeddable":true,"href":"https:\/\/biollachemicals.com\/fr\/wp-json\/wp\/v2\/product_brand?post=333"},{"taxonomy":"product_cat","embeddable":true,"href":"https:\/\/biollachemicals.com\/fr\/wp-json\/wp\/v2\/product_cat?post=333"},{"taxonomy":"product_tag","embeddable":true,"href":"https:\/\/biollachemicals.com\/fr\/wp-json\/wp\/v2\/product_tag?post=333"}],"curies":[{"name":"wp","href":"https:\/\/api.w.org\/{rel}","templated":true}]}}