{"id":310,"date":"2018-10-11T19:41:05","date_gmt":"2018-10-11T19:41:05","guid":{"rendered":"https:\/\/biollachemicals.com\/en\/?post_type=product&#038;p=310"},"modified":"2024-04-28T09:49:23","modified_gmt":"2024-04-28T09:49:23","slug":"nutrimag-cic-an-citrate-de-magnesium-anhydre","status":"publish","type":"product","link":"https:\/\/biollachemicals.com\/fr\/produit\/nutrimag-cic-an-citrate-de-magnesium-anhydre\/","title":{"rendered":"Citrate de magn\u00e9sium anhydre"},"content":{"rendered":"<figure class=\"wp-block-table is-style-stripes\"><table><tbody><tr><th>CITRATE DE MAGN\u00c9SIUM ANHYDRE<\/th><th><\/th><\/tr><tr><th>PH.EUR.\/USP<\/th><th><\/th><\/tr><tr><td>poudre blanche fine et fluide, l\u00e9g\u00e8rement hygroscopique<\/td><td><\/td><\/tr><tr><td>Magn\u00e9sium<\/td><td>conforme<\/td><\/tr><tr><td>Citrate<\/td><td>conforme<\/td><\/tr><tr><td>Essai<\/td><td>min 99,5 %<\/td><\/tr><tr><td>Magn\u00e9sium (sur base s\u00e8che)<\/td><td>15,0 - 16,4 %<\/td><\/tr><tr><td>Aspect de la solution<\/td><td>conforme<\/td><\/tr><tr><td>Oxalates<\/td><td>max 280 ppm<\/td><\/tr><tr><td>Chlorure<\/td><td>max 0,05 %<\/td><\/tr><tr><td>Sulfate<\/td><td>max 0,2 %<\/td><\/tr><tr><td>Calcium<\/td><td>max 0,2 %<\/td><\/tr><tr><td>Le fer<\/td><td>max 100 ppm<\/td><\/tr><tr><td>Arsenic<\/td><td>max 3 ppm<\/td><\/tr><tr><td>M\u00e9taux lourds<\/td><td>max 10 ppm<\/td><\/tr><tr><td>Perte au s\u00e9chage (180\u00b0C\/ 5h)<\/td><td>max 2 %<\/td><\/tr><tr><td>Plomb<\/td><td>max 3 ppm<\/td><\/tr><tr><td>Cadmium<\/td><td>max 1 ppm<\/td><\/tr><tr><td>Mercure<\/td><td>max 0,1 ppm<\/td><\/tr><tr><td>pH<\/td><td>6,0 - 8,5<\/td><\/tr><tr><td>Densit\u00e9 apparente<\/td><td>min 0,60 g\/ml<\/td><\/tr><tr><td>Densit\u00e9 de pr\u00e9l\u00e8vement<\/td><td>min 0,70 g\/ml<\/td><\/tr><tr><td>Taille des particules jusqu'\u00e0 80 mesh<\/td><td>min 98 g\/ml<\/td><\/tr><tr><td>Taille des particules jusqu'\u00e0 100 mesh<\/td><td>max 2,0 %<\/td><\/tr><tr><td>Nombre total d'a\u00e9robies<\/td><td>max 300 cfu\/g<\/td><\/tr><tr><td>Moisissures et levures<\/td><td>max 100 cfu\/g<\/td><\/tr><tr><td>E.coli\/ g<\/td><td>absents<\/td><\/tr><tr><td>Salmonella\/ 10g<\/td><td>absents<\/td><\/tr><tr><td>Emballage<\/td><td>Sac en papier de 25 kg net<\/td><\/tr><tr><td>Dur\u00e9e de conservation<\/td><td>2 ans \u00e0 compter de la date de fabrication<\/td><\/tr><\/tbody><\/table><\/figure>","protected":false},"excerpt":{"rendered":"<p>MAGNESIUM CITRATE, ANHYDROUS PH.EUR.\/USP fine white free flowing powder, slightly hygroscopic Magnesium complies Citrate complies Assay min 99,5 % Magnesium (on dried basis) 15,0 \u2013 16,4 % Appearance of solution complies Oxalates max 280 ppm Chloride max 0,05 % Sulphate max 0,2 % Calcium max 0,2 % Iron max 100 ppm Arsenic max 3 ppm [&hellip;]<\/p>\n","protected":false},"featured_media":0,"template":"","meta":{"_kad_blocks_custom_css":"","_kad_blocks_head_custom_js":"","_kad_blocks_body_custom_js":"","_kad_blocks_footer_custom_js":""},"product_brand":[],"product_cat":[105],"product_tag":[],"class_list":{"0":"post-310","1":"product","2":"type-product","3":"status-publish","5":"product_cat-supplements","7":"first","8":"instock","9":"shipping-taxable","10":"product-type-simple"},"Meta Data":null,"meta_description":null,"Focus Keyword":null,"meta_box":{"cas_number":"3344-18-1","chemical_formula":"C12H10Mg3O14","molecular_weight":"","einecs_number":"","product_packaging":"","substance_form":"","type_of_substance":"","percentage_percent":"","hs_code":"","pro_delivery_time":"","retest_period":"","storage_condition":"Store tightly closed in a cool and dry place","product_document_data":""},"rank_math_description":null,"rank_math_focus_keyword":null,"taxonomy_info":{"product_cat":[{"value":105,"label":"Vitamins"}]},"featured_image_src_large":false,"author_info":[],"comment_info":"","_links":{"self":[{"href":"https:\/\/biollachemicals.com\/fr\/wp-json\/wp\/v2\/product\/310","targetHints":{"allow":["GET"]}}],"collection":[{"href":"https:\/\/biollachemicals.com\/fr\/wp-json\/wp\/v2\/product"}],"about":[{"href":"https:\/\/biollachemicals.com\/fr\/wp-json\/wp\/v2\/types\/product"}],"wp:attachment":[{"href":"https:\/\/biollachemicals.com\/fr\/wp-json\/wp\/v2\/media?parent=310"}],"wp:term":[{"taxonomy":"product_brand","embeddable":true,"href":"https:\/\/biollachemicals.com\/fr\/wp-json\/wp\/v2\/product_brand?post=310"},{"taxonomy":"product_cat","embeddable":true,"href":"https:\/\/biollachemicals.com\/fr\/wp-json\/wp\/v2\/product_cat?post=310"},{"taxonomy":"product_tag","embeddable":true,"href":"https:\/\/biollachemicals.com\/fr\/wp-json\/wp\/v2\/product_tag?post=310"}],"curies":[{"name":"wp","href":"https:\/\/api.w.org\/{rel}","templated":true}]}}