{"id":309,"date":"2018-10-11T19:28:29","date_gmt":"2018-10-11T19:28:29","guid":{"rendered":"https:\/\/biollachemicals.com\/en\/?post_type=product&#038;p=309"},"modified":"2024-04-28T10:03:49","modified_gmt":"2024-04-28T10:03:49","slug":"magnesiumsulfat-7-hydrat","status":"publish","type":"product","link":"https:\/\/biollachemicals.com\/fr\/produit\/magnesiumsulfat-7-hydrat\/","title":{"rendered":"Sulfate de magn\u00e9sium 7-hydrat\u00e9"},"content":{"rendered":"<figure class=\"wp-block-table is-style-stripes\"><table><tbody><tr><td>kristallin, FCC<\/td><td><\/td><\/tr><tr><td>k\u00f6rniges, kristallines Pulver oder farblose Kristalle<\/td><td><\/td><\/tr><tr><td>L\u00f6slichkeit<\/td><td>L\u00e9g\u00e8rement liquide dans l'eau, l\u00e9g\u00e8rement liquide dans la glyc\u00e9rine, l\u00e9g\u00e8rement liquide dans l'alcool.<\/td><\/tr><tr><td>Gehalt (auf gegl\u00fchter Basis)<\/td><td>min. 99,5 %<\/td><\/tr><tr><td>Identification<\/td><td>entspricht<\/td><\/tr><tr><td>MgSO4<\/td><td>ca. 49,1 %<\/td><\/tr><tr><td>La joie de vivre<\/td><td>40,0 - 52,0 %<\/td><\/tr><tr><td>Se<\/td><td>max. 30 ppm<\/td><\/tr><tr><td>Pb<\/td><td>max. 4 ppm<\/td><\/tr><tr><td>Cd<\/td><td>max. 1 ppm<\/td><\/tr><tr><td>Hg<\/td><td>max. 0,1 ppm<\/td><\/tr><tr><td>L'eau<\/td><td>ca. 50,9 %*<\/td><\/tr><tr><td>Na<\/td><td>ca. 40 ppm*<\/td><\/tr><tr><td>K<\/td><td>ca. 230 ppm*<\/td><\/tr><tr><td>Ca<\/td><td>ca. 60 ppm*<\/td><\/tr><tr><td>Cl<\/td><td>ca. 80 ppm*<\/td><\/tr><tr><td>Sch\u00fcttgewicht<\/td><td>ca. 980 g\/l*<\/td><\/tr><tr><td>Sch\u00fcttwinkel<\/td><td>ca. 32 \u00b0*<\/td><\/tr><tr><td>L\u00f6slichkeit (dans l'eau) (20 \u00b0C)<\/td><td>ca. 26,3 %*<\/td><\/tr><tr><td>Korngr\u00f6\u00dfe &lt; 1,0 mm<\/td><td>ca. 70 %*<\/td><\/tr><tr><td>Korngr\u00f6\u00dfe D\u2085\u2080<\/td><td>ca. 0,75 mm*<\/td><\/tr><tr><td>Dichte<\/td><td>ca. 1,7 g\/cm\u00b3*<\/td><\/tr><\/tbody><\/table><\/figure>","protected":false},"excerpt":{"rendered":"<p>kristallin, FCC k\u00f6rniges, kristallines Pulver oder farblose Kristalle L\u00f6slichkeit leicht l\u00f6slich in Wasser, langsam l\u00f6slich in Glycerin, schwer l\u00f6slich in Alkohol Gehalt (auf gegl\u00fchter Basis) min. 99,5 % Identifikation entspricht MgSO4 ca. 49,1 % Gl\u00fchverlust 40,0 \u2013 52,0 % Se max. 30 ppm Pb max. 4 ppm Cd max. 1 ppm Hg max. 0,1 ppm [&hellip;]<\/p>\n","protected":false},"featured_media":0,"template":"","meta":{"_kad_blocks_custom_css":"","_kad_blocks_head_custom_js":"","_kad_blocks_body_custom_js":"","_kad_blocks_footer_custom_js":""},"product_brand":[],"product_cat":[105],"product_tag":[],"class_list":{"0":"post-309","1":"product","2":"type-product","3":"status-publish","5":"product_cat-supplements","7":"first","8":"instock","9":"shipping-taxable","10":"product-type-simple"},"Meta Data":null,"meta_description":null,"Focus Keyword":null,"meta_box":{"cas_number":"10034-99-8","chemical_formula":"MgO\u2084S*7H\u2082O","molecular_weight":"246,48 g\/mol","einecs_number":"","product_packaging":"","substance_form":"","type_of_substance":"","percentage_percent":"","hs_code":"","pro_delivery_time":"","retest_period":"","storage_condition":"","product_document_data":""},"rank_math_description":null,"rank_math_focus_keyword":null,"taxonomy_info":{"product_cat":[{"value":105,"label":"Vitamins"}]},"featured_image_src_large":false,"author_info":[],"comment_info":"","_links":{"self":[{"href":"https:\/\/biollachemicals.com\/fr\/wp-json\/wp\/v2\/product\/309","targetHints":{"allow":["GET"]}}],"collection":[{"href":"https:\/\/biollachemicals.com\/fr\/wp-json\/wp\/v2\/product"}],"about":[{"href":"https:\/\/biollachemicals.com\/fr\/wp-json\/wp\/v2\/types\/product"}],"wp:attachment":[{"href":"https:\/\/biollachemicals.com\/fr\/wp-json\/wp\/v2\/media?parent=309"}],"wp:term":[{"taxonomy":"product_brand","embeddable":true,"href":"https:\/\/biollachemicals.com\/fr\/wp-json\/wp\/v2\/product_brand?post=309"},{"taxonomy":"product_cat","embeddable":true,"href":"https:\/\/biollachemicals.com\/fr\/wp-json\/wp\/v2\/product_cat?post=309"},{"taxonomy":"product_tag","embeddable":true,"href":"https:\/\/biollachemicals.com\/fr\/wp-json\/wp\/v2\/product_tag?post=309"}],"curies":[{"name":"wp","href":"https:\/\/api.w.org\/{rel}","templated":true}]}}