{"id":305,"date":"2018-10-11T18:55:15","date_gmt":"2018-10-11T18:55:15","guid":{"rendered":"https:\/\/biollachemicals.com\/en\/?post_type=product&#038;p=305"},"modified":"2024-04-24T19:15:07","modified_gmt":"2024-04-24T19:15:07","slug":"oxyde-de-magnesium-lourd-cas-1309-48-4-2","status":"publish","type":"product","link":"https:\/\/biollachemicals.com\/fr\/produit\/oxyde-de-magnesium-lourd-cas-1309-48-4-2\/","title":{"rendered":"Oxyde de magn\u00e9sium lourd CAS 1309-48-4"},"content":{"rendered":"<figure class=\"wp-block-table\"><table><tbody><tr><th>Magn\u00e9siumoxyd, Schwer<\/th><th>&nbsp;<\/th><\/tr><tr><th>EP, USP, FCC, E 530<\/th><th>&nbsp;<\/th><\/tr><tr><td>Poudre blanche<\/td><td>&nbsp;<\/td><\/tr><tr><td>L\u00f6slichkeit<\/td><td>Nahezu unl\u00f6slich in Wasser und Alkohol, l\u00f6slich in verd\u00fcnnten Minerals\u00e4uren<\/td><\/tr><tr><td>MgO (sur base g\u00e9ante) (EP)<\/td><td>98,0 - 100,5 %<\/td><\/tr><tr><td>MgO (sur base g\u00e9ante) (E 530)<\/td><td>min. 98,0 %<\/td><\/tr><tr><td>MgO (sur base g\u00e9ante) (USP, FCC)<\/td><td>96,0 - 100,5 %<\/td><\/tr><tr><td>Identification<\/td><td>entspricht<\/td><\/tr><tr><td>Mise en \u0153uvre de la solution<\/td><td>entspricht<\/td><\/tr><tr><td>Produits en vrac<\/td><td>max. 2,00 %<\/td><\/tr><tr><td>Unl\u00f6sliche Stoffe (\u00e0 S\u00e4ure)<\/td><td>max. 0,100 %<\/td><\/tr><tr><td>Alcali libre<\/td><td>max. 2,00 ml<\/td><\/tr><tr><td>Cl<\/td><td>max. 0,10 %<\/td><\/tr><tr><td>Ca (EP)<\/td><td>max. 1,50 %<\/td><\/tr><tr><td>Ca (USP)<\/td><td>max. 1,10 %<\/td><\/tr><tr><td>CaO<\/td><td>max. 1,50 %<\/td><\/tr><tr><td>SO4<\/td><td>max. 1,00 %<\/td><\/tr><tr><td>Schwermetalle (als Pb)<\/td><td>max. 20 ppm<\/td><\/tr><tr><td>Pb<\/td><td>max. 0,7 ppm<\/td><\/tr><tr><td>Cd<\/td><td>max. 1 ppm<\/td><\/tr><tr><td>Hg<\/td><td>max. 0,5 ppm<\/td><\/tr><tr><td>Hg<\/td><td>&lt;0,1 ppm*<\/td><\/tr><tr><td>En tant que<\/td><td>max. 1 ppm<\/td><\/tr><tr><td>Fe (EP)<\/td><td>max. 0,07 %<\/td><\/tr><tr><td>Fe (USP)<\/td><td>max. 0,05 %<\/td><\/tr><tr><td>Gl\u00fchverlust (USP, FCC)<\/td><td>max. 10,0 %<\/td><\/tr><tr><td>Gl\u00fchverlust (EP)<\/td><td>max. 8,0 %<\/td><\/tr><tr><td>Gl\u00fchverlust (E 530)<\/td><td>max. 5,0 %<\/td><\/tr><tr><td>Sch\u00fcttgewicht (perdre)<\/td><td>min. 250 g\/l<\/td><\/tr><tr><td>Korngr\u00f6\u00dfe (&gt; 325 Mesh) (Nasssieb)<\/td><td>max. 25,0 %<\/td><\/tr><\/tbody><\/table><\/figure>","protected":false},"excerpt":{"rendered":"<p>Magnesiumoxid, Schwer &nbsp; EP, USP, FCC, E 530 &nbsp; Wei\u00dfes Pulver &nbsp; L\u00f6slichkeit Nahezu unl\u00f6slich in Wasser und Alkohol, l\u00f6slich in verd\u00fcnnten Minerals\u00e4uren MgO (auf gegl\u00fchter Basis) (EP) 98,0 \u2013 100,5 % MgO (auf gegl\u00fchter Basis) (E 530) min. 98,0 % MgO (auf gegl\u00fchter Basis) (USP, FCC) 96,0 \u2013 100,5 % Identifikation entspricht Aussehen der [&hellip;]<\/p>\n","protected":false},"featured_media":0,"template":"","meta":{"_kad_blocks_custom_css":"","_kad_blocks_head_custom_js":"","_kad_blocks_body_custom_js":"","_kad_blocks_footer_custom_js":""},"product_brand":[],"product_cat":[111,107,109,129,115,139,105],"product_tag":[],"class_list":{"0":"post-305","1":"product","2":"type-product","3":"status-publish","5":"product_cat-feed-additives","6":"product_cat-food","7":"product_cat-food-additives","8":"product_cat-idustrial","9":"product_cat-pharma","10":"product_cat-pharma-grade","11":"product_cat-supplements","13":"first","14":"instock","15":"shipping-taxable","16":"product-type-simple"},"Meta Data":null,"meta_description":null,"Focus Keyword":null,"meta_box":{"cas_number":"1309-48-4","chemical_formula":"MgO","molecular_weight":"","einecs_number":"","product_packaging":"","substance_form":"","type_of_substance":"","percentage_percent":"","hs_code":"","pro_delivery_time":"","retest_period":"","storage_condition":"","product_document_data":""},"rank_math_description":"Magnesium Oxide heavy, CAS 1309-48-4 - pharm, food, feed - delivery promt from stock Hamburg \/\/ biolla chemicals","rank_math_focus_keyword":null,"taxonomy_info":{"product_cat":[{"value":111,"label":"Feed Additives"},{"value":107,"label":"Food"},{"value":109,"label":"Food Components"},{"value":129,"label":"Idustrial"},{"value":115,"label":"Pharma"},{"value":139,"label":"Pharmaceutical Ingredients"},{"value":105,"label":"Vitamins"}]},"featured_image_src_large":false,"author_info":[],"comment_info":"","_links":{"self":[{"href":"https:\/\/biollachemicals.com\/fr\/wp-json\/wp\/v2\/product\/305","targetHints":{"allow":["GET"]}}],"collection":[{"href":"https:\/\/biollachemicals.com\/fr\/wp-json\/wp\/v2\/product"}],"about":[{"href":"https:\/\/biollachemicals.com\/fr\/wp-json\/wp\/v2\/types\/product"}],"wp:attachment":[{"href":"https:\/\/biollachemicals.com\/fr\/wp-json\/wp\/v2\/media?parent=305"}],"wp:term":[{"taxonomy":"product_brand","embeddable":true,"href":"https:\/\/biollachemicals.com\/fr\/wp-json\/wp\/v2\/product_brand?post=305"},{"taxonomy":"product_cat","embeddable":true,"href":"https:\/\/biollachemicals.com\/fr\/wp-json\/wp\/v2\/product_cat?post=305"},{"taxonomy":"product_tag","embeddable":true,"href":"https:\/\/biollachemicals.com\/fr\/wp-json\/wp\/v2\/product_tag?post=305"}],"curies":[{"name":"wp","href":"https:\/\/api.w.org\/{rel}","templated":true}]}}