{"id":303,"date":"2018-10-11T18:46:03","date_gmt":"2018-10-11T18:46:03","guid":{"rendered":"https:\/\/biollachemicals.com\/en\/?post_type=product&#038;p=303"},"modified":"2024-04-24T19:23:32","modified_gmt":"2024-04-24T19:23:32","slug":"carbonate-de-magnesium-lourd-cas-546-93-0","status":"publish","type":"product","link":"https:\/\/biollachemicals.com\/fr\/produit\/carbonate-de-magnesium-lourd-cas-546-93-0\/","title":{"rendered":"Carbonate de magn\u00e9sium lourd CAS 546-93-0"},"content":{"rendered":"<figure class=\"wp-block-table\"><table><tbody><tr><th>Magn\u00e9siumcarbonat, Schwer<\/th><th>&nbsp;<\/th><\/tr><tr><th>EP, USP, FCC, E 504(II)<\/th><th>&nbsp;<\/th><\/tr><tr><td>wei\u00dfes Pulver<\/td><td>&nbsp;<\/td><\/tr><tr><td>Geruch<\/td><td>geruchlos<\/td><\/tr><tr><td>Geschmack<\/td><td>geschmacklos<\/td><\/tr><tr><td>MgO (sur une base plus solide)<\/td><td>40,0 - 43,5 %<\/td><\/tr><tr><td>Identification<\/td><td>positif<\/td><\/tr><tr><td>Mise en \u0153uvre de la solution<\/td><td>B4<\/td><\/tr><tr><td>Produits en vrac<\/td><td>max. 1,0 %<\/td><\/tr><tr><td>Unl\u00f6sliche Stoffe (en Essigs\u00e4ure)<\/td><td>max. 0,05 %<\/td><\/tr><tr><td>Produits non alcoolis\u00e9s (dans HCl)<\/td><td>max. 0,05 %<\/td><\/tr><tr><td>Cl<\/td><td>max. 0,07 %<\/td><\/tr><tr><td>SO4<\/td><td>max. 0,6 %<\/td><\/tr><tr><td>Ca<\/td><td>max. 0,4 %<\/td><\/tr><tr><td>CaO<\/td><td>max. 0,6 %<\/td><\/tr><tr><td>Schwermetalle<\/td><td>max. 20 ppm<\/td><\/tr><tr><td>Pb<\/td><td>max. 2 ppm<\/td><\/tr><tr><td>Cd<\/td><td>max. 1 ppm<\/td><\/tr><tr><td>Hg<\/td><td>max. 0,1 ppm<\/td><\/tr><tr><td>En tant que<\/td><td>max. 2 ppm<\/td><\/tr><tr><td>Fe<\/td><td>max. 200 ppm<\/td><\/tr><tr><td>E. coli<\/td><td>n\u00e9gatif<\/td><\/tr><tr><td>Sch\u00fcttgewicht<\/td><td>500 - 600 g\/l<\/td><\/tr><tr><td>Korngr\u00f6\u00dfe D50<\/td><td>min. 30,0 \u03bcm<\/td><\/tr><\/tbody><\/table><\/figure>","protected":false},"excerpt":{"rendered":"<p>Magnesiumcarbonat, Schwer &nbsp; EP, USP, FCC, E 504(II) &nbsp; wei\u00dfes Pulver &nbsp; Geruch geruchlos Geschmack geschmacklos MgO (auf getrockneter Basis) 40,0 \u2013 43,5 % Identifikation positiv Aussehen der L\u00f6sung B4 L\u00f6sliche Stoffe max. 1,0 % Unl\u00f6sliche Stoffe (in Essigs\u00e4ure) max. 0,05 % Unl\u00f6sliche Stoffe (in HCl) max. 0,05 % Cl max. 0,07 % SO4 max. [&hellip;]<\/p>\n","protected":false},"featured_media":0,"template":"","meta":{"_kad_blocks_custom_css":"","_kad_blocks_head_custom_js":"","_kad_blocks_body_custom_js":"","_kad_blocks_footer_custom_js":""},"product_brand":[],"product_cat":[111,107,109,129,115,139,105],"product_tag":[],"class_list":{"0":"post-303","1":"product","2":"type-product","3":"status-publish","5":"product_cat-feed-additives","6":"product_cat-food","7":"product_cat-food-additives","8":"product_cat-idustrial","9":"product_cat-pharma","10":"product_cat-pharma-grade","11":"product_cat-supplements","13":"first","14":"instock","15":"shipping-taxable","16":"product-type-simple"},"Meta Data":null,"meta_description":null,"Focus Keyword":null,"meta_box":{"cas_number":"546-93-0","chemical_formula":"MgCO3","molecular_weight":"","einecs_number":"","product_packaging":"","substance_form":"","type_of_substance":"","percentage_percent":"","hs_code":"","pro_delivery_time":"","retest_period":"","storage_condition":"","product_document_data":""},"rank_math_description":"Magnesium Carbonate heavy, CAS 546-93-0 - pharm, food, feed - Delivery promt from stock Hamburg \/ biollachemicals.com","rank_math_focus_keyword":null,"taxonomy_info":{"product_cat":[{"value":111,"label":"Feed Additives"},{"value":107,"label":"Food"},{"value":109,"label":"Food Components"},{"value":129,"label":"Idustrial"},{"value":115,"label":"Pharma"},{"value":139,"label":"Pharmaceutical Ingredients"},{"value":105,"label":"Vitamins"}]},"featured_image_src_large":false,"author_info":[],"comment_info":"","_links":{"self":[{"href":"https:\/\/biollachemicals.com\/fr\/wp-json\/wp\/v2\/product\/303","targetHints":{"allow":["GET"]}}],"collection":[{"href":"https:\/\/biollachemicals.com\/fr\/wp-json\/wp\/v2\/product"}],"about":[{"href":"https:\/\/biollachemicals.com\/fr\/wp-json\/wp\/v2\/types\/product"}],"wp:attachment":[{"href":"https:\/\/biollachemicals.com\/fr\/wp-json\/wp\/v2\/media?parent=303"}],"wp:term":[{"taxonomy":"product_brand","embeddable":true,"href":"https:\/\/biollachemicals.com\/fr\/wp-json\/wp\/v2\/product_brand?post=303"},{"taxonomy":"product_cat","embeddable":true,"href":"https:\/\/biollachemicals.com\/fr\/wp-json\/wp\/v2\/product_cat?post=303"},{"taxonomy":"product_tag","embeddable":true,"href":"https:\/\/biollachemicals.com\/fr\/wp-json\/wp\/v2\/product_tag?post=303"}],"curies":[{"name":"wp","href":"https:\/\/api.w.org\/{rel}","templated":true}]}}