{"id":273,"date":"2018-10-11T02:11:17","date_gmt":"2018-10-11T02:11:17","guid":{"rendered":"https:\/\/biollachemicals.com\/en\/?post_type=product&#038;p=273"},"modified":"2024-10-08T07:56:51","modified_gmt":"2024-10-08T07:56:51","slug":"citrate-de-tri-potassium-monohydrate-cas-6100-05-6","status":"publish","type":"product","link":"https:\/\/biollachemicals.com\/fr\/produit\/citrate-de-tri-potassium-monohydrate-cas-6100-05-6\/","title":{"rendered":"Citrate tri-potassique monohydrat\u00e9 CAS 6100-05-6"},"content":{"rendered":"<p><strong><mark style=\"background-color:rgba(0, 0, 0, 0)\" class=\"has-inline-color has-palette-color-2-color\">BP\/USP\/FCC\/E332(ii)<\/mark><\/strong><\/p>\n\n\n\n<p>Sel de potassium de haute puret\u00e9 et polyvalent de l'acide citrique, id\u00e9al pour une utilisation dans les produits alimentaires, pharmaceutiques et de nutrition sportive.<\/p>\n\n\n\n<p><strong>Applications :<\/strong><\/p>\n\n\n\n<ul class=\"wp-block-list\">\n<li><strong>Industrie alimentaire :<\/strong> Agit comme r\u00e9gulateur de pH et stabilisateur dans les boissons, les aliments transform\u00e9s et les produits de boulangerie.<\/li>\n\n\n\n<li><strong>Pharma :<\/strong> Utilis\u00e9 dans les formulations pour r\u00e9guler le pH, stabiliser les m\u00e9dicaments et comme ingr\u00e9dient actif dans les traitements d'alcalinisation urinaire.<\/li>\n\n\n\n<li><strong>Suppl\u00e9ments :<\/strong> Un \u00e9lectrolyte efficace qui favorise l'hydratation et la fonction musculaire dans les boissons et les compl\u00e9ments alimentaires pour sportifs.<\/li>\n<\/ul>\n\n\n\n<p><strong>Principaux avantages :<\/strong><\/p>\n\n\n\n<ul class=\"wp-block-list\">\n<li><strong>Haute puret\u00e9<\/strong>: Fabriqu\u00e9 selon les normes de qualit\u00e9 les plus strictes.<\/li>\n\n\n\n<li><strong>Excellente solubilit\u00e9<\/strong>: Se dissout rapidement dans l'eau, ce qui le rend parfait pour une vari\u00e9t\u00e9 de formulations.<\/li>\n\n\n\n<li><strong>Durabilit\u00e9<\/strong>: Produit en mettant l'accent sur des pratiques respectueuses de l'environnement<\/li>\n<\/ul>\n\n\n\n<figure class=\"wp-block-embed is-type-video is-provider-youtube wp-block-embed-youtube wp-embed-aspect-16-9 wp-has-aspect-ratio\"><div class=\"wp-block-embed__wrapper\">\n<iframe loading=\"lazy\" title=\"Citrate tri-potassique monohydrat\u00e9 de biolla chemicals | Haute puret\u00e9 et applications polyvalentes\" width=\"1290\" height=\"726\" src=\"https:\/\/www.youtube.com\/embed\/FvjwseYZHWI?start=12&#038;feature=oembed\" frameborder=\"0\" allow=\"accelerometer; autoplay; clipboard-write; encrypted-media; gyroscope; picture-in-picture; web-share\" referrerpolicy=\"strict-origin-when-cross-origin\" allowfullscreen><\/iframe>\n<\/div><\/figure>\n\n\n\n<p><\/p>","protected":false},"excerpt":{"rendered":"<p>BP\/USP\/FCC\/E332(ii) Sel de potassium de haute puret\u00e9 et polyvalent de l'acide citrique, id\u00e9al pour une utilisation dans les produits alimentaires, pharmaceutiques et de nutrition sportive. Applications : Principaux avantages :<\/p>","protected":false},"featured_media":3554,"template":"","meta":{"_kad_blocks_custom_css":"","_kad_blocks_head_custom_js":"","_kad_blocks_body_custom_js":"","_kad_blocks_footer_custom_js":""},"product_brand":[],"product_cat":[107,109,115,139],"product_tag":[],"class_list":{"0":"post-273","1":"product","2":"type-product","3":"status-publish","4":"has-post-thumbnail","6":"product_cat-food","7":"product_cat-food-additives","8":"product_cat-pharma","9":"product_cat-pharma-grade","11":"first","12":"instock","13":"featured","14":"shipping-taxable","15":"product-type-simple"},"Meta Data":null,"meta_description":null,"Focus Keyword":null,"meta_box":{"cas_number":"6100-05-6","chemical_formula":"C\u2086H\u2085K\u2083O\u2087 * H\u2082O","molecular_weight":"","einecs_number":"","product_packaging":"bags 25 kg or bigbag 500 kg","substance_form":"powder","type_of_substance":"","percentage_percent":"","hs_code":"","pro_delivery_time":"","retest_period":"","storage_condition":"","product_document_data":"<p><a href=\"https:\/\/biollachemicals.com\/wp-content\/uploads\/2018\/10\/biolla-TPC-specification.pdf\" target=\"_blank\" rel=\"noopener\">biolla-TPC-specification<\/a><\/p>\n"},"rank_math_description":"Tri Potassium Citrate Monohydrate, CAS 6100-05-6 - pharm, food, feed - delivery direct from stock Hamburg \/\/ biolla chemicals","rank_math_focus_keyword":null,"taxonomy_info":{"product_cat":[{"value":107,"label":"Food"},{"value":109,"label":"Food Components"},{"value":115,"label":"Pharma"},{"value":139,"label":"Pharmaceutical Ingredients"}]},"featured_image_src_large":["https:\/\/biollachemicals.com\/wp-content\/uploads\/2018\/10\/Tri-Potassium-Citrate.webp",1024,1024,false],"author_info":[],"comment_info":"","_links":{"self":[{"href":"https:\/\/biollachemicals.com\/fr\/wp-json\/wp\/v2\/product\/273","targetHints":{"allow":["GET"]}}],"collection":[{"href":"https:\/\/biollachemicals.com\/fr\/wp-json\/wp\/v2\/product"}],"about":[{"href":"https:\/\/biollachemicals.com\/fr\/wp-json\/wp\/v2\/types\/product"}],"wp:featuredmedia":[{"embeddable":true,"href":"https:\/\/biollachemicals.com\/fr\/wp-json\/wp\/v2\/media\/3554"}],"wp:attachment":[{"href":"https:\/\/biollachemicals.com\/fr\/wp-json\/wp\/v2\/media?parent=273"}],"wp:term":[{"taxonomy":"product_brand","embeddable":true,"href":"https:\/\/biollachemicals.com\/fr\/wp-json\/wp\/v2\/product_brand?post=273"},{"taxonomy":"product_cat","embeddable":true,"href":"https:\/\/biollachemicals.com\/fr\/wp-json\/wp\/v2\/product_cat?post=273"},{"taxonomy":"product_tag","embeddable":true,"href":"https:\/\/biollachemicals.com\/fr\/wp-json\/wp\/v2\/product_tag?post=273"}],"curies":[{"name":"wp","href":"https:\/\/api.w.org\/{rel}","templated":true}]}}