{"id":270,"date":"2018-10-10T03:43:52","date_gmt":"2018-10-10T03:43:52","guid":{"rendered":"https:\/\/biollachemicals.com\/en\/?post_type=product&#038;p=270"},"modified":"2024-04-25T05:42:54","modified_gmt":"2024-04-25T05:42:54","slug":"chlorure-de-potassium-cas-7447-40-7","status":"publish","type":"product","link":"https:\/\/biollachemicals.com\/fr\/produit\/chlorure-de-potassium-cas-7447-40-7\/","title":{"rendered":"Chlorure de potassium CAS 7447-40-7"},"content":{"rendered":"<figure class=\"wp-block-table is-style-stripes\"><table><tbody><tr><th>Chlorure de kalium<\/th><th>&nbsp;<\/th><\/tr><tr><th>GB25585-2010, FCC-V<\/th><th>&nbsp;<\/th><\/tr><tr><td>P\u00e2te \u00e0 papier cristalline blanche, cristaux de couleurs vives<\/td><td>&nbsp;<\/td><\/tr><tr><td>Gehalt KCl (getrocknet)<\/td><td>\u226599.0%<\/td><\/tr><tr><td>Natrium (Na)<\/td><td>\u22640.5%<\/td><\/tr><tr><td>Pertes de charge<\/td><td>\u22641.0%<\/td><\/tr><tr><td>Schwermetalle (Pb)<\/td><td>\u22645,0mg\/kg<\/td><\/tr><tr><td>Arsen (As)<\/td><td>) \u22642,0mg\/kg<\/td><\/tr><tr><th>VERPACKUNG :<\/th><th>S\u00c4CKE 25 KG<\/th><\/tr><tr><td>Lagerung :<\/td><td>Dans l'emballage d'origine, l'ouvrage est en mauvais \u00e9tat et ne pr\u00e9sente pas de traces de chocs.<\/td><\/tr><tr><td>Haltbarkeit :<\/td><td>5 Jahre ab ab Herstellungsdatum<\/td><\/tr><\/tbody><\/table><\/figure>","protected":false},"excerpt":{"rendered":"<p>Kaliumchlorid GB25585-2010, FCC-V wei\u00dfes kristallines Pulver, farblose Kristalle Gehalt KCl (getrocknet) \u226599.0% Natrium (Na) \u22640.5% Trocknungsverlust \u22641.0% Schwermetalle (Pb) \u22645.0mg\/kg Arsen (As) ) \u22642.0mg\/kg VERPACKUNG : S\u00c4CKE 25 KG Lagerung : Dans l'emballage d'origine, le produit peut \u00eatre endommag\u00e9, endommag\u00e9 et endommag\u00e9. Dur\u00e9e de conservation : 5 ans \u00e0 compter de la date d'exp\u00e9dition.<\/p>","protected":false},"featured_media":0,"template":"","meta":{"_kad_blocks_custom_css":"","_kad_blocks_head_custom_js":"","_kad_blocks_body_custom_js":"","_kad_blocks_footer_custom_js":""},"product_brand":[],"product_cat":[111,107,109,129,105],"product_tag":[],"class_list":{"0":"post-270","1":"product","2":"type-product","3":"status-publish","5":"product_cat-feed-additives","6":"product_cat-food","7":"product_cat-food-additives","8":"product_cat-idustrial","9":"product_cat-supplements","11":"first","12":"instock","13":"shipping-taxable","14":"product-type-simple"},"Meta Data":null,"meta_description":null,"Focus Keyword":null,"meta_box":{"cas_number":"7447-40-7","chemical_formula":"KCl","molecular_weight":"","einecs_number":"","product_packaging":"","substance_form":"","type_of_substance":"","percentage_percent":"","hs_code":"","pro_delivery_time":"","retest_period":"","storage_condition":"","product_document_data":""},"rank_math_description":null,"rank_math_focus_keyword":null,"taxonomy_info":{"product_cat":[{"value":111,"label":"Feed Additives"},{"value":107,"label":"Food"},{"value":109,"label":"Food Components"},{"value":129,"label":"Idustrial"},{"value":105,"label":"Vitamins"}]},"featured_image_src_large":false,"author_info":[],"comment_info":"","_links":{"self":[{"href":"https:\/\/biollachemicals.com\/fr\/wp-json\/wp\/v2\/product\/270","targetHints":{"allow":["GET"]}}],"collection":[{"href":"https:\/\/biollachemicals.com\/fr\/wp-json\/wp\/v2\/product"}],"about":[{"href":"https:\/\/biollachemicals.com\/fr\/wp-json\/wp\/v2\/types\/product"}],"wp:attachment":[{"href":"https:\/\/biollachemicals.com\/fr\/wp-json\/wp\/v2\/media?parent=270"}],"wp:term":[{"taxonomy":"product_brand","embeddable":true,"href":"https:\/\/biollachemicals.com\/fr\/wp-json\/wp\/v2\/product_brand?post=270"},{"taxonomy":"product_cat","embeddable":true,"href":"https:\/\/biollachemicals.com\/fr\/wp-json\/wp\/v2\/product_cat?post=270"},{"taxonomy":"product_tag","embeddable":true,"href":"https:\/\/biollachemicals.com\/fr\/wp-json\/wp\/v2\/product_tag?post=270"}],"curies":[{"name":"wp","href":"https:\/\/api.w.org\/{rel}","templated":true}]}}