{"id":237,"date":"2018-10-05T16:31:12","date_gmt":"2018-10-05T16:31:12","guid":{"rendered":"https:\/\/biollachemicals.com\/en\/?post_type=product&#038;p=237"},"modified":"2024-04-24T06:48:53","modified_gmt":"2024-04-24T06:48:53","slug":"eisenbisglycinat","status":"publish","type":"product","link":"https:\/\/biollachemicals.com\/fr\/produit\/eisenbisglycinat\/","title":{"rendered":"Bisglycinate de fer 14%"},"content":{"rendered":"<figure class=\"wp-block-table is-style-stripes\"><table><tbody><tr><td>ca 14% Fe<\/td><td><\/td><\/tr><tr><th>LMQ<\/th><th><\/th><\/tr><tr><td>feines, r\u00f6tlich-dunkelbraunes Pulver<\/td><td><\/td><\/tr><tr><td>L\u00f6slichkeit<\/td><td>Moderat l\u00f6slich bis l\u00f6slich<\/td><\/tr><tr><td>Fe<\/td><td>13,3 - 14,8 %<\/td><\/tr><tr><td>Pb<\/td><td>max. 2,0 ppm<\/td><\/tr><tr><td>Cd<\/td><td>max. 0,5 ppm<\/td><\/tr><tr><td>Hg<\/td><td>max. 0,1 ppm<\/td><\/tr><tr><td>En tant que<\/td><td>max. 2,0 ppm<\/td><\/tr><tr><td>La poussi\u00e8re d'\u00e9pave<\/td><td>max. 8 %<\/td><\/tr><tr><td>Gesamtkeimzahl<\/td><td>&lt; 1000 KBE\/g<\/td><\/tr><tr><td>Hefen \/ Schimmelpilze<\/td><td>&lt; 100 KBE\/g<\/td><\/tr><tr><td>Coliforme Bakterien<\/td><td>&lt;10 KBE\/g<\/td><\/tr><tr><td>E. coli<\/td><td>n\u00e9gatif<\/td><\/tr><tr><td>Salmonelles<\/td><td>n\u00e9gatif\/25<\/td><\/tr><tr><td>Staphylokokken<\/td><td>n\u00e9gatif<\/td><\/tr><tr><td>pH-Wert<\/td><td>7,0 - 9,0<\/td><\/tr><tr><td>Dichte<\/td><td>0,35 - 0,85 g\/cm3<\/td><\/tr><\/tbody><\/table><\/figure>","protected":false},"excerpt":{"rendered":"<p>ca 14% Fe LMQ feines, r\u00f6tlich-dunkelbraunes Pulver L\u00f6slichkeit Moderat l\u00f6slich bis l\u00f6slich Fe 13,3 \u2013 14,8 % Pb max. 2,0 ppm Cd max. 0,5 ppm Hg max. 0,1 ppm As max. 2,0 ppm Trockenverlust max. 8 % Gesamtkeimzahl &lt; 1000 KBE\/g Hefen \/ Schimmelpilze &lt; 100 KBE\/g Coliforme Bakterien &lt;10 KBE\/g E. coli negativ Salmonellen [&hellip;]<\/p>\n","protected":false},"featured_media":0,"template":"","meta":{"_kad_blocks_custom_css":"","_kad_blocks_head_custom_js":"","_kad_blocks_body_custom_js":"","_kad_blocks_footer_custom_js":""},"product_brand":[],"product_cat":[129,105],"product_tag":[],"class_list":{"0":"post-237","1":"product","2":"type-product","3":"status-publish","5":"product_cat-idustrial","6":"product_cat-supplements","8":"first","9":"instock","10":"shipping-taxable","11":"product-type-simple"},"Meta Data":null,"meta_description":null,"Focus Keyword":null,"meta_box":{"cas_number":"20150-34-9","chemical_formula":"Fe (NH2CH2COO) 3","molecular_weight":"","einecs_number":"","product_packaging":"","substance_form":"","type_of_substance":"","percentage_percent":"","hs_code":"","pro_delivery_time":"","retest_period":"","storage_condition":"","product_document_data":""},"rank_math_description":null,"rank_math_focus_keyword":null,"taxonomy_info":{"product_cat":[{"value":129,"label":"Idustrial"},{"value":105,"label":"Vitamins"}]},"featured_image_src_large":false,"author_info":[],"comment_info":"","_links":{"self":[{"href":"https:\/\/biollachemicals.com\/fr\/wp-json\/wp\/v2\/product\/237","targetHints":{"allow":["GET"]}}],"collection":[{"href":"https:\/\/biollachemicals.com\/fr\/wp-json\/wp\/v2\/product"}],"about":[{"href":"https:\/\/biollachemicals.com\/fr\/wp-json\/wp\/v2\/types\/product"}],"wp:attachment":[{"href":"https:\/\/biollachemicals.com\/fr\/wp-json\/wp\/v2\/media?parent=237"}],"wp:term":[{"taxonomy":"product_brand","embeddable":true,"href":"https:\/\/biollachemicals.com\/fr\/wp-json\/wp\/v2\/product_brand?post=237"},{"taxonomy":"product_cat","embeddable":true,"href":"https:\/\/biollachemicals.com\/fr\/wp-json\/wp\/v2\/product_cat?post=237"},{"taxonomy":"product_tag","embeddable":true,"href":"https:\/\/biollachemicals.com\/fr\/wp-json\/wp\/v2\/product_tag?post=237"}],"curies":[{"name":"wp","href":"https:\/\/api.w.org\/{rel}","templated":true}]}}