{"id":1928,"date":"2023-12-18T13:33:15","date_gmt":"2023-12-18T13:33:15","guid":{"rendered":"https:\/\/biollachemicals.com\/?post_type=product&#038;p=1928"},"modified":"2024-04-22T12:46:19","modified_gmt":"2024-04-22T12:46:19","slug":"phosphate-de-tri-calcium-cas-7758-87-4","status":"publish","type":"product","link":"https:\/\/biollachemicals.com\/fr\/produit\/phosphate-de-tri-calcium-cas-7758-87-4\/","title":{"rendered":"Phosphate tri-calcique TCP, E341(iii) CAS 7758-87-4"},"content":{"rendered":"<h2>Phosphate tri-calcique (TCP), E341(iii) dans les produits pharmaceutiques, les denr\u00e9es alimentaires et les aliments pour animaux<\/h2>\n<p>Le phosphate tricalcique est un composant essentiel des compl\u00e9ments alimentaires et est souvent utilis\u00e9 dans l'industrie alimentaire. Il s'agit d'une forme de calcium hautement biodisponible, essentielle au maintien de la sant\u00e9 des os et des dents.<\/p>\n<p>Nos produits de phosphate tri-calcique de haute qualit\u00e9 sont fabriqu\u00e9s avec soin et r\u00e9pondent aux normes de qualit\u00e9 les plus strictes. En tant que fournisseur de confiance, nous vous offrons la tranquillit\u00e9 d'esprit de recevoir un produit qui r\u00e9pond de mani\u00e8re optimale \u00e0 vos besoins nutritionnels.<\/p>\n<p><strong>Nos sp\u00e9cifications :<\/strong><\/p>\n<p><a href=\"https:\/\/biollachemicals.com\/wp-content\/uploads\/2023\/12\/Tri-CalciumPhosphate-FOOD-Specification.pdf\" target=\"_blank\" rel=\"noopener\">Phosphate tri-calcique anhydre (TCP), E341(iii) - qualit\u00e9 alimentaire<\/a><\/p>\n<p><a href=\"https:\/\/biollachemicals.com\/wp-content\/uploads\/2023\/12\/Tri-CalciumPhosphate-FEED-Specification.pdf\" target=\"_blank\" rel=\"noopener\">Phosphate tri-calcique (TCP) - Qualit\u00e9 FEED<\/a><\/p>\n<p>&nbsp;<\/p>","protected":false},"excerpt":{"rendered":"<p>Tri-Calcium Phosphate (TCP), E341(iii) in Pharm, Food or Feed Tri-calcium phosphate is an essential component of dietary supplements and is often used in the food industry. It is a highly bioavailable form of calcium that is crucial for maintaining healthy bones and teeth. Our high-quality tri-calcium phosphate products are carefully manufactured and meet the strictest [&hellip;]<\/p>\n","protected":false},"featured_media":1843,"template":"","meta":{"_kad_blocks_custom_css":"","_kad_blocks_head_custom_js":"","_kad_blocks_body_custom_js":"","_kad_blocks_footer_custom_js":""},"product_brand":[],"product_cat":[111,109],"product_tag":[],"class_list":{"0":"post-1928","1":"product","2":"type-product","3":"status-publish","4":"has-post-thumbnail","6":"product_cat-feed-additives","7":"product_cat-food-additives","9":"first","10":"instock","11":"shipping-taxable","12":"product-type-simple"},"Meta Data":null,"meta_description":null,"Focus Keyword":null,"meta_box":{"cas_number":"12167-74-7, 7758-87-4","chemical_formula":"","molecular_weight":"","einecs_number":"","product_packaging":"","substance_form":"Powder","type_of_substance":"","percentage_percent":"","hs_code":"","pro_delivery_time":"","retest_period":"","storage_condition":"","product_document_data":"<p><strong>Our specifications:<\/strong><\/p>\n<p><a href=\"https:\/\/biollachemicals.com\/wp-content\/uploads\/2023\/12\/Tri-CalciumPhosphate-FOOD-Specification.pdf\" target=\"_blank\" rel=\"noopener\">Tri-Calcium Phosphate Anhydrous (TCP), E341(iii) \u2013 FOOD GRADE<\/a><\/p>\n<p><a href=\"https:\/\/biollachemicals.com\/wp-content\/uploads\/2023\/12\/Tri-CalciumPhosphate-FEED-Specification.pdf\" target=\"_blank\" rel=\"noopener\">Tri-Calcium Phosphate (TCP) \u2013 FEED Grade<\/a><\/p>\n"},"rank_math_description":null,"rank_math_focus_keyword":null,"taxonomy_info":{"product_cat":[{"value":111,"label":"Feed Additives"},{"value":109,"label":"Food Components"}]},"featured_image_src_large":["https:\/\/biollachemicals.com\/wp-content\/uploads\/2023\/10\/biolla_team_logo3.jpg",550,800,false],"author_info":[],"comment_info":"","_links":{"self":[{"href":"https:\/\/biollachemicals.com\/fr\/wp-json\/wp\/v2\/product\/1928","targetHints":{"allow":["GET"]}}],"collection":[{"href":"https:\/\/biollachemicals.com\/fr\/wp-json\/wp\/v2\/product"}],"about":[{"href":"https:\/\/biollachemicals.com\/fr\/wp-json\/wp\/v2\/types\/product"}],"wp:featuredmedia":[{"embeddable":true,"href":"https:\/\/biollachemicals.com\/fr\/wp-json\/wp\/v2\/media\/1843"}],"wp:attachment":[{"href":"https:\/\/biollachemicals.com\/fr\/wp-json\/wp\/v2\/media?parent=1928"}],"wp:term":[{"taxonomy":"product_brand","embeddable":true,"href":"https:\/\/biollachemicals.com\/fr\/wp-json\/wp\/v2\/product_brand?post=1928"},{"taxonomy":"product_cat","embeddable":true,"href":"https:\/\/biollachemicals.com\/fr\/wp-json\/wp\/v2\/product_cat?post=1928"},{"taxonomy":"product_tag","embeddable":true,"href":"https:\/\/biollachemicals.com\/fr\/wp-json\/wp\/v2\/product_tag?post=1928"}],"curies":[{"name":"wp","href":"https:\/\/api.w.org\/{rel}","templated":true}]}}