{"id":1799,"date":"2023-05-10T12:50:29","date_gmt":"2023-05-10T12:50:29","guid":{"rendered":"https:\/\/biollachemicals.com\/?post_type=product&#038;p=1799"},"modified":"2024-08-30T21:22:17","modified_gmt":"2024-08-30T21:22:17","slug":"sirop-de-glucose-seche","status":"publish","type":"product","link":"https:\/\/biollachemicals.com\/fr\/produit\/sirop-de-glucose-seche\/","title":{"rendered":"Sirop de glucose s\u00e9ch\u00e9"},"content":{"rendered":"<p>Sirop de glucose d\u00e9shydrat\u00e9 biolla :<\/p>\n\n\n\n<p>Sp\u00e9cification biolla\u00a0<a href=\"https:\/\/biollachemicals.com\/wp-content\/uploads\/2024\/06\/TDS_DGS-DE-30_biolla-2023.pdf\" target=\"_blank\" rel=\"noreferrer noopener\"><strong>Sirop de glucose d\u00e9shydrat\u00e9 \/ Maltodextrine DE 30<\/strong><\/a><\/p>\n\n\n\n<p>Sp\u00e9cification biolla\u00a0<a href=\"https:\/\/biollachemicals.com\/wp-content\/uploads\/2024\/06\/TDS_DGS-DE-38_biolla-2023.pdf\" target=\"_blank\" rel=\"noreferrer noopener\"><strong>Sirop de glucose d\u00e9shydrat\u00e9 \/ Maltodextrine DE 38<\/strong><\/a><\/p>\n\n\n\n<h4 class=\"wp-block-heading\">Nous fournissons nos clients dans le monde entier<\/h4>\n\n\n\n<p>La rapidit\u00e9 de livraison est une question tr\u00e8s importante pour nous ! Nous savons que nos clients attendent un traitement rapide et fiable de leurs commandes. C'est pourquoi nous garantissons \u00e0 nos clients une livraison rapide et professionnelle de leurs commandes. Vous pouvez donc \u00eatre s\u00fbr que vos marchandises vous parviendront \u00e0 temps.<\/p>\n\n\n\n<p>Autres produits de biolla chemicals :&nbsp;<a href=\"https:\/\/biollachemicals.com\/fr\/boutique\/\">Liste des produits<\/a><\/p>","protected":false},"excerpt":{"rendered":"<p><strong>Emballage :<\/strong> Sacs plastiques multicouches de 25 kg<\/p>","protected":false},"featured_media":1696,"template":"","meta":{"_kad_blocks_custom_css":"","_kad_blocks_head_custom_js":"","_kad_blocks_body_custom_js":"","_kad_blocks_footer_custom_js":""},"product_brand":[],"product_cat":[109,117,115,113],"product_tag":[119],"class_list":{"0":"post-1799","1":"product","2":"type-product","3":"status-publish","4":"has-post-thumbnail","6":"product_cat-food-additives","7":"product_cat-laboratory-chemicals","8":"product_cat-pharma","9":"product_cat-sweeteners","10":"product_tag-dried-glucose-syrup","12":"first","13":"instock","14":"featured","15":"shipping-taxable","16":"product-type-simple"},"Meta Data":null,"meta_description":null,"Focus Keyword":null,"meta_box":{"cas_number":"NONE","chemical_formula":"C6H12O6","molecular_weight":"","einecs_number":"","product_packaging":"","substance_form":"powder","type_of_substance":"","percentage_percent":"","hs_code":"1702905010","pro_delivery_time":"","retest_period":"2 years","storage_condition":"","product_document_data":"<p>Biola Dried Glucose Syrup:<\/p>\n<div class=\"ZyvIDe\">\n<div class=\"a8FIud X0rvP L6rCcb\" data-apply-responsive-style=\"true\" data-classes=\"\" data-initial-translation-length=\"41\" data-saved-translation-limit-reached=\"false\">\n<div data-show-delay-ms=\"250\" data-append-to-body=\"false\" data-propagate-tooltip-mouseover-events=\"true\" data-anchor-corner=\"bottom-end\" data-enable-skip-handler=\"false\" data-popup-corner=\"top-end\">\n<p>Specification biolla\u00a0<a href=\"https:\/\/biollachemicals.com\/wp-content\/uploads\/2024\/06\/TDS_DGS-DE-30_biolla-2023.pdf\" target=\"_blank\" rel=\"noopener\"><strong>Dried Glucose Syrup \/ Maltodextrin DE 30<\/strong><\/a><\/p>\n<p>Specification biolla\u00a0<a href=\"https:\/\/biollachemicals.com\/wp-content\/uploads\/2024\/06\/TDS_DGS-DE-38_biolla-2023.pdf\" target=\"_blank\" rel=\"noopener\"><strong>Dried Glucose Syrup \/ Maltodextrin DE 38<\/strong><\/a><\/p>\n<\/div>\n<\/div>\n<\/div>\n"},"rank_math_description":"Dried Glucose Syrup - High quality Dried Glucose Syrup. Prompt delivery from stock in Hamburg \/\/ biolla chemicals.","rank_math_focus_keyword":"Dried Glucose Syrup","taxonomy_info":{"product_cat":[{"value":109,"label":"Food Components"},{"value":117,"label":"Laboratory Chemicals"},{"value":115,"label":"Pharma"},{"value":113,"label":"Sweeteners"}],"product_tag":[{"value":119,"label":"Dried Glucose Syrup"}]},"featured_image_src_large":["https:\/\/biollachemicals.com\/wp-content\/uploads\/2020\/06\/prod1.jpg",379,242,false],"author_info":[],"comment_info":"","_links":{"self":[{"href":"https:\/\/biollachemicals.com\/fr\/wp-json\/wp\/v2\/product\/1799","targetHints":{"allow":["GET"]}}],"collection":[{"href":"https:\/\/biollachemicals.com\/fr\/wp-json\/wp\/v2\/product"}],"about":[{"href":"https:\/\/biollachemicals.com\/fr\/wp-json\/wp\/v2\/types\/product"}],"wp:featuredmedia":[{"embeddable":true,"href":"https:\/\/biollachemicals.com\/fr\/wp-json\/wp\/v2\/media\/1696"}],"wp:attachment":[{"href":"https:\/\/biollachemicals.com\/fr\/wp-json\/wp\/v2\/media?parent=1799"}],"wp:term":[{"taxonomy":"product_brand","embeddable":true,"href":"https:\/\/biollachemicals.com\/fr\/wp-json\/wp\/v2\/product_brand?post=1799"},{"taxonomy":"product_cat","embeddable":true,"href":"https:\/\/biollachemicals.com\/fr\/wp-json\/wp\/v2\/product_cat?post=1799"},{"taxonomy":"product_tag","embeddable":true,"href":"https:\/\/biollachemicals.com\/fr\/wp-json\/wp\/v2\/product_tag?post=1799"}],"curies":[{"name":"wp","href":"https:\/\/api.w.org\/{rel}","templated":true}]}}