{"id":1773,"date":"2023-02-15T10:03:53","date_gmt":"2023-02-15T10:03:53","guid":{"rendered":"https:\/\/biollachemicals.com\/?post_type=product&#038;p=1773"},"modified":"2024-04-24T18:04:21","modified_gmt":"2024-04-24T18:04:21","slug":"sulfate-ferreux-heptahydrate-cas-7782-63-0","status":"publish","type":"product","link":"https:\/\/biollachemicals.com\/fr\/produit\/sulfate-ferreux-heptahydrate-cas-7782-63-0\/","title":{"rendered":"Sulfate ferreux heptahydrat\u00e9, CAS 7782-63-0"},"content":{"rendered":"<p>Sulfate ferreux monohydrat\u00e9 ou heptahydrat\u00e9<\/p>\n<p>Sulfate ferreux (Sulfate de fer II) Heptahydrat\u00e9 | CAS 7782-63-0<\/p>\n<p>Sulfate ferreux monohydrat\u00e9 CAS 13463-43-9<\/p>","protected":false},"excerpt":{"rendered":"<p>Sulfate ferreux monohydrat\u00e9 ou heptahydrat\u00e9 Sulfate ferreux (sulfate de fer II) heptahydrat\u00e9 CAS 7782-63-0 Sulfate ferreux monohydrat\u00e9 CAS 13463-43-9<\/p>","protected":false},"featured_media":0,"template":"","meta":{"_kad_blocks_custom_css":"","_kad_blocks_head_custom_js":"","_kad_blocks_body_custom_js":"","_kad_blocks_footer_custom_js":""},"product_brand":[],"product_cat":[125],"product_tag":[127],"class_list":{"0":"post-1773","1":"product","2":"type-product","3":"status-publish","5":"product_cat-industrial-chemicals","6":"product_tag-ferrous-sulfate-heptahydrate","8":"first","9":"instock","10":"shipping-taxable","11":"product-type-simple"},"Meta Data":null,"meta_description":null,"Focus Keyword":null,"meta_box":{"cas_number":"7782-63-0","chemical_formula":"","molecular_weight":"","einecs_number":"","product_packaging":"","substance_form":"","type_of_substance":"","percentage_percent":"","hs_code":"","pro_delivery_time":"","retest_period":"","storage_condition":"","product_document_data":""},"rank_math_description":"Ferrous Sulfate Heptahydrate - Ferrous Sulfate Monohydrate or Heptahydrate. Ferrous Sulfate (Iron II Sulfate) Heptahydrate | CAS 7782-63-0F.","rank_math_focus_keyword":"Ferrous Sulfate Heptahydrate","taxonomy_info":{"product_cat":[{"value":125,"label":"Industrial Chemicals"}],"product_tag":[{"value":127,"label":"Ferrous Sulfate Heptahydrate"}]},"featured_image_src_large":false,"author_info":[],"comment_info":"","_links":{"self":[{"href":"https:\/\/biollachemicals.com\/fr\/wp-json\/wp\/v2\/product\/1773","targetHints":{"allow":["GET"]}}],"collection":[{"href":"https:\/\/biollachemicals.com\/fr\/wp-json\/wp\/v2\/product"}],"about":[{"href":"https:\/\/biollachemicals.com\/fr\/wp-json\/wp\/v2\/types\/product"}],"wp:attachment":[{"href":"https:\/\/biollachemicals.com\/fr\/wp-json\/wp\/v2\/media?parent=1773"}],"wp:term":[{"taxonomy":"product_brand","embeddable":true,"href":"https:\/\/biollachemicals.com\/fr\/wp-json\/wp\/v2\/product_brand?post=1773"},{"taxonomy":"product_cat","embeddable":true,"href":"https:\/\/biollachemicals.com\/fr\/wp-json\/wp\/v2\/product_cat?post=1773"},{"taxonomy":"product_tag","embeddable":true,"href":"https:\/\/biollachemicals.com\/fr\/wp-json\/wp\/v2\/product_tag?post=1773"}],"curies":[{"name":"wp","href":"https:\/\/api.w.org\/{rel}","templated":true}]}}