{"id":1771,"date":"2023-02-15T10:02:59","date_gmt":"2023-02-15T10:02:59","guid":{"rendered":"https:\/\/biollachemicals.com\/?post_type=product&#038;p=1771"},"modified":"2024-04-24T18:38:34","modified_gmt":"2024-04-24T18:38:34","slug":"sulfate-ferreux-cas-13463-43-9","status":"publish","type":"product","link":"https:\/\/biollachemicals.com\/fr\/produit\/sulfate-ferreux-cas-13463-43-9\/","title":{"rendered":"Sulfate ferreux monohydrat\u00e9, CAS 13463-43-9"},"content":{"rendered":"<p>Sulfate ferreux monohydrat\u00e9 ou heptahydrat\u00e9<\/p>\n<p>Sulfate ferreux (Sulfate de fer II) Heptahydrat\u00e9 | CAS 7782-63-0<\/p>\n<p>Sulfate ferreux monohydrat\u00e9 CAS 13463-43-9<\/p>","protected":false},"excerpt":{"rendered":"<p>Sulfate ferreux monohydrat\u00e9 ou heptahydrat\u00e9 Sulfate ferreux (sulfate de fer II) heptahydrat\u00e9 CAS 7782-63-0 Sulfate ferreux monohydrat\u00e9 CAS 13463-43-9<\/p>","protected":false},"featured_media":0,"template":"","meta":{"_kad_blocks_custom_css":"","_kad_blocks_head_custom_js":"","_kad_blocks_body_custom_js":"","_kad_blocks_footer_custom_js":""},"product_brand":[],"product_cat":[111,107,109],"product_tag":[],"class_list":{"0":"post-1771","1":"product","2":"type-product","3":"status-publish","5":"product_cat-feed-additives","6":"product_cat-food","7":"product_cat-food-additives","9":"first","10":"instock","11":"shipping-taxable","12":"product-type-simple"},"Meta Data":null,"meta_description":null,"Focus Keyword":null,"meta_box":{"cas_number":"13463-43-9","chemical_formula":"","molecular_weight":"","einecs_number":"","product_packaging":"","substance_form":"","type_of_substance":"","percentage_percent":"","hs_code":"","pro_delivery_time":"","retest_period":"","storage_condition":"","product_document_data":""},"rank_math_description":null,"rank_math_focus_keyword":null,"taxonomy_info":{"product_cat":[{"value":111,"label":"Feed Additives"},{"value":107,"label":"Food"},{"value":109,"label":"Food Components"}]},"featured_image_src_large":false,"author_info":[],"comment_info":"","_links":{"self":[{"href":"https:\/\/biollachemicals.com\/fr\/wp-json\/wp\/v2\/product\/1771","targetHints":{"allow":["GET"]}}],"collection":[{"href":"https:\/\/biollachemicals.com\/fr\/wp-json\/wp\/v2\/product"}],"about":[{"href":"https:\/\/biollachemicals.com\/fr\/wp-json\/wp\/v2\/types\/product"}],"wp:attachment":[{"href":"https:\/\/biollachemicals.com\/fr\/wp-json\/wp\/v2\/media?parent=1771"}],"wp:term":[{"taxonomy":"product_brand","embeddable":true,"href":"https:\/\/biollachemicals.com\/fr\/wp-json\/wp\/v2\/product_brand?post=1771"},{"taxonomy":"product_cat","embeddable":true,"href":"https:\/\/biollachemicals.com\/fr\/wp-json\/wp\/v2\/product_cat?post=1771"},{"taxonomy":"product_tag","embeddable":true,"href":"https:\/\/biollachemicals.com\/fr\/wp-json\/wp\/v2\/product_tag?post=1771"}],"curies":[{"name":"wp","href":"https:\/\/api.w.org\/{rel}","templated":true}]}}