{"id":1637,"date":"2021-09-07T12:52:18","date_gmt":"2021-09-07T12:52:18","guid":{"rendered":"https:\/\/biollachemicals.com\/?post_type=product&#038;p=1637"},"modified":"2024-04-25T13:40:55","modified_gmt":"2024-04-25T13:40:55","slug":"lithopone-zinc-sulfide-alternative-cas-1345-05-7","status":"publish","type":"product","link":"https:\/\/biollachemicals.com\/fr\/produit\/lithopone-zinc-sulfide-alternative-cas-1345-05-7\/","title":{"rendered":"Lithopone (alternative au sulfure de zinc), CAS 1345-05-7"},"content":{"rendered":"<h2>Lithopone (alternative au sulfure de zinc)<\/h2>\n<p>Nom chimique : sulfate de baryum \/ sulfure de zinc<br \/>\nNum\u00e9ro CAS : 1345-05-7<br \/>\nEmballage : 25 kg\/sac ; 1200 kg\/palette<\/p>\n<p>Lithopone comme alternative au sulfure de zinc.<br \/>\nLe ZnS (Sachtolith) est un pigment tr\u00e8s co\u00fbteux dont l'opacit\u00e9 et la r\u00e9sistance \u00e0 la lumi\u00e8re sont moindres que celles du TiO2.<br \/>\nLa seule v\u00e9ritable raison d'utiliser le ZnS est qu'il est doux (Mohs 3) et qu'il n'est pas abrasif.<br \/>\nIl n'y a pas d'autres raisons techniques ou commerciales d'utiliser le Sachtolith, car ce produit est plus cher et moins performant que le TiO2.<\/p>\n<p>La lithopone est tr\u00e8s similaire au ZnS<br \/>\nNos clients ont remplac\u00e9 le ZnS (Sachtolith L ou HDS) par notre Lithopone en obtenant des performances identiques ou similaires.<br \/>\nLa lithopone (BaSO4*ZnS) est tr\u00e8s proche d'un point de vue chimique de la Sachtiolith L ou HDS (ZnS).<br \/>\nLa lithopone et la sachtiolithe L ont totalement les m\u00eames caract\u00e9ristiques douces et non abrasives (Mohs 3).<br \/>\nNormalement, les clients remplacent 1 kg de Sachtolith L ou HDS par 2 kg de Lithopone, ce qui permet d'obtenir des performances identiques ou similaires.<\/p>","protected":false},"excerpt":{"rendered":"<p>Nom chimique : sulfate de baryum \/ sulfure de zinc<br \/>\nNum\u00e9ro CAS : 1345-05-7<br \/>\nEmballage : 25 kg\/sac ; 1200 kg\/palette<\/p>","protected":false},"featured_media":1638,"template":"","meta":{"_kad_blocks_custom_css":"","_kad_blocks_head_custom_js":"","_kad_blocks_body_custom_js":"","_kad_blocks_footer_custom_js":""},"product_brand":[],"product_cat":[129,125],"product_tag":[],"class_list":{"0":"post-1637","1":"product","2":"type-product","3":"status-publish","4":"has-post-thumbnail","6":"product_cat-idustrial","7":"product_cat-industrial-chemicals","9":"first","10":"instock","11":"shipping-taxable","12":"product-type-simple"},"Meta Data":null,"meta_description":null,"Focus Keyword":null,"meta_box":{"cas_number":"1345-05-7","chemical_formula":"BaSO4\/ZnS","molecular_weight":"","einecs_number":"","product_packaging":"","substance_form":"","type_of_substance":"","percentage_percent":"99","hs_code":"","pro_delivery_time":"","retest_period":"","storage_condition":"","product_document_data":"<p><a href=\"https:\/\/biollachemicals.com\/wp-content\/uploads\/2021\/09\/MSDS_LITHOPONE_biolla.pdf\">Safety Data Sheet pdf\u00a0<\/a><\/p>\n<p><a href=\"https:\/\/biollachemicals.com\/wp-content\/uploads\/2021\/09\/TDS_Lithopone_biolla.pdf\">Technical Data Sheet pdf<\/a><\/p>\n"},"rank_math_description":null,"rank_math_focus_keyword":null,"taxonomy_info":{"product_cat":[{"value":129,"label":"Idustrial"},{"value":125,"label":"Industrial Chemicals"}]},"featured_image_src_large":["https:\/\/biollachemicals.com\/wp-content\/uploads\/2021\/09\/image_2021_09_07T12_45_08_110Z.webp",550,482,false],"author_info":[],"comment_info":"","_links":{"self":[{"href":"https:\/\/biollachemicals.com\/fr\/wp-json\/wp\/v2\/product\/1637","targetHints":{"allow":["GET"]}}],"collection":[{"href":"https:\/\/biollachemicals.com\/fr\/wp-json\/wp\/v2\/product"}],"about":[{"href":"https:\/\/biollachemicals.com\/fr\/wp-json\/wp\/v2\/types\/product"}],"wp:featuredmedia":[{"embeddable":true,"href":"https:\/\/biollachemicals.com\/fr\/wp-json\/wp\/v2\/media\/1638"}],"wp:attachment":[{"href":"https:\/\/biollachemicals.com\/fr\/wp-json\/wp\/v2\/media?parent=1637"}],"wp:term":[{"taxonomy":"product_brand","embeddable":true,"href":"https:\/\/biollachemicals.com\/fr\/wp-json\/wp\/v2\/product_brand?post=1637"},{"taxonomy":"product_cat","embeddable":true,"href":"https:\/\/biollachemicals.com\/fr\/wp-json\/wp\/v2\/product_cat?post=1637"},{"taxonomy":"product_tag","embeddable":true,"href":"https:\/\/biollachemicals.com\/fr\/wp-json\/wp\/v2\/product_tag?post=1637"}],"curies":[{"name":"wp","href":"https:\/\/api.w.org\/{rel}","templated":true}]}}