{"id":1612,"date":"2021-08-18T09:42:03","date_gmt":"2021-08-18T09:42:03","guid":{"rendered":"https:\/\/biollachemicals.com\/product\/ammonium-chloride-cas-12125-02-9-2\/"},"modified":"2024-04-25T18:11:58","modified_gmt":"2024-04-25T18:11:58","slug":"chlorure-dammonium-cas-12125-02-9-2","status":"publish","type":"product","link":"https:\/\/biollachemicals.com\/fr\/produit\/chlorure-dammonium-cas-12125-02-9-2\/","title":{"rendered":"Chlorure d'ammonium, CAS : 12125-02-9"},"content":{"rendered":"<p>Le chlorure d'ammonium est un compos\u00e9 inorganique de formule NH4Cl et un sel cristallin blanc tr\u00e8s soluble dans l'eau. Les solutions de chlorure d'ammonium sont l\u00e9g\u00e8rement acides. Ce min\u00e9ral se forme g\u00e9n\u00e9ralement sur les d\u00e9charges de charbon en feu, par condensation des gaz d\u00e9riv\u00e9s du charbon. . Il est principalement utilis\u00e9 comme agent aromatisant dans l'industrie alimentaire ou comme fondant dans la pr\u00e9paration des m\u00e9taux \u00e0 \u00e9tamer, \u00e0 galvaniser ou \u00e0 souder. Il s'agit du produit de la r\u00e9action entre l'acide chlorhydrique et l'ammoniaque.<\/p>","protected":false},"excerpt":{"rendered":"<p>EC-Nr. 235-186-4 ;<br \/>\nEmballage 25 kg\/sac<br \/>\nNum\u00e9ro E : E510<br \/>\nAspect : Solide blanc, hygroscopique<\/p>","protected":false},"featured_media":0,"template":"","meta":{"_kad_blocks_custom_css":"","_kad_blocks_head_custom_js":"","_kad_blocks_body_custom_js":"","_kad_blocks_footer_custom_js":""},"product_brand":[],"product_cat":[109,125,139],"product_tag":[],"class_list":{"0":"post-1612","1":"product","2":"type-product","3":"status-publish","5":"product_cat-food-additives","6":"product_cat-industrial-chemicals","7":"product_cat-pharma-grade","9":"first","10":"instock","11":"shipping-taxable","12":"product-type-simple"},"Meta Data":null,"meta_description":null,"Focus Keyword":null,"meta_box":{"cas_number":"12125-02-9","chemical_formula":"NH4Cl","molecular_weight":"","einecs_number":"","product_packaging":"","substance_form":"","type_of_substance":"","percentage_percent":"","hs_code":"","pro_delivery_time":"","retest_period":"","storage_condition":"","product_document_data":""},"rank_math_description":null,"rank_math_focus_keyword":null,"taxonomy_info":{"product_cat":[{"value":109,"label":"Food Components"},{"value":125,"label":"Industrial Chemicals"},{"value":139,"label":"Pharmaceutical Ingredients"}]},"featured_image_src_large":false,"author_info":[],"comment_info":"","_links":{"self":[{"href":"https:\/\/biollachemicals.com\/fr\/wp-json\/wp\/v2\/product\/1612","targetHints":{"allow":["GET"]}}],"collection":[{"href":"https:\/\/biollachemicals.com\/fr\/wp-json\/wp\/v2\/product"}],"about":[{"href":"https:\/\/biollachemicals.com\/fr\/wp-json\/wp\/v2\/types\/product"}],"wp:attachment":[{"href":"https:\/\/biollachemicals.com\/fr\/wp-json\/wp\/v2\/media?parent=1612"}],"wp:term":[{"taxonomy":"product_brand","embeddable":true,"href":"https:\/\/biollachemicals.com\/fr\/wp-json\/wp\/v2\/product_brand?post=1612"},{"taxonomy":"product_cat","embeddable":true,"href":"https:\/\/biollachemicals.com\/fr\/wp-json\/wp\/v2\/product_cat?post=1612"},{"taxonomy":"product_tag","embeddable":true,"href":"https:\/\/biollachemicals.com\/fr\/wp-json\/wp\/v2\/product_tag?post=1612"}],"curies":[{"name":"wp","href":"https:\/\/api.w.org\/{rel}","templated":true}]}}