{"id":1607,"date":"2021-08-18T09:42:01","date_gmt":"2021-08-18T09:42:01","guid":{"rendered":"https:\/\/biollachemicals.com\/product\/acesulfame-k-cas-55589-62-3\/"},"modified":"2024-04-22T13:22:10","modified_gmt":"2024-04-22T13:22:10","slug":"acesulfame-k-cas-55589-62-3","status":"publish","type":"product","link":"https:\/\/biollachemicals.com\/fr\/produit\/acesulfame-k-cas-55589-62-3\/","title":{"rendered":"Ac\u00e9sulfame-K, E950 CAS 55589-62-3"},"content":{"rendered":"<h2>Ac\u00e9sulfame-K CAS 55589-62-3<\/h2>\n<p><strong>\u00c9dulcorant artificiel de haute intensit\u00e9<\/strong><\/p>\n<p>D\u00e9nomination chimique : sel de potassium de 6-m\u00e9thyl-1.2.3-oxathiazine-4(3H)-one-2.2-dioxyde<br \/>\nNum\u00e9ro E : E 950<br \/>\nNum\u00e9ro EINECS : 259-715-3<br \/>\nMasse mol\u00e9culaire relative : 201,24<br \/>\nAspect : Poudre cristalline blanche, inodore, au go\u00fbt tr\u00e8s sucr\u00e9.<br \/>\nEnviron 200 fois plus sucr\u00e9 que le saccharose.<br \/>\nTr\u00e8s soluble dans l'eau (environ 270 g\/L \u00e0 20 oC) ; moins soluble dans l'ac\u00e9tone (environ 0,8 g\/L \u00e0 20 oC) et l'\u00e9thanol (environ 1 g\/L \u00e0 20 oC).<\/p>","protected":false},"excerpt":{"rendered":"<p>Acesulfame-K CAS 55589-62-3 High-intensity artificial sweetener Chemical name: Potassium salt of 6-methyl-1.2.3-oxathiazin-4(3H)-one-2.2-dioxide E number: E 950 EINECS number: 259-715-3 Relative molecular mass: 201.24 Appearance: Odourless, white, crystalline powder having an intensively sweet taste Approximately 200 times as sweet as sucrose. Very soluble in water (approx. 270 g\/L at 20 oC); less soluble in acetone (approx. [&hellip;]<\/p>\n","protected":false},"featured_media":0,"template":"","meta":{"_kad_blocks_custom_css":"","_kad_blocks_head_custom_js":"","_kad_blocks_body_custom_js":"","_kad_blocks_footer_custom_js":""},"product_brand":[],"product_cat":[113],"product_tag":[],"class_list":{"0":"post-1607","1":"product","2":"type-product","3":"status-publish","5":"product_cat-sweeteners","7":"first","8":"instock","9":"shipping-taxable","10":"product-type-simple"},"Meta Data":null,"meta_description":null,"Focus Keyword":null,"meta_box":{"cas_number":"55589-62-3","chemical_formula":"C4H4NO4SK","molecular_weight":"","einecs_number":"","product_packaging":"","substance_form":"Christalline Powder","type_of_substance":"","percentage_percent":"","hs_code":"","pro_delivery_time":"","retest_period":"","storage_condition":"","product_document_data":""},"rank_math_description":null,"rank_math_focus_keyword":null,"taxonomy_info":{"product_cat":[{"value":113,"label":"Sweeteners"}]},"featured_image_src_large":false,"author_info":[],"comment_info":"","_links":{"self":[{"href":"https:\/\/biollachemicals.com\/fr\/wp-json\/wp\/v2\/product\/1607","targetHints":{"allow":["GET"]}}],"collection":[{"href":"https:\/\/biollachemicals.com\/fr\/wp-json\/wp\/v2\/product"}],"about":[{"href":"https:\/\/biollachemicals.com\/fr\/wp-json\/wp\/v2\/types\/product"}],"wp:attachment":[{"href":"https:\/\/biollachemicals.com\/fr\/wp-json\/wp\/v2\/media?parent=1607"}],"wp:term":[{"taxonomy":"product_brand","embeddable":true,"href":"https:\/\/biollachemicals.com\/fr\/wp-json\/wp\/v2\/product_brand?post=1607"},{"taxonomy":"product_cat","embeddable":true,"href":"https:\/\/biollachemicals.com\/fr\/wp-json\/wp\/v2\/product_cat?post=1607"},{"taxonomy":"product_tag","embeddable":true,"href":"https:\/\/biollachemicals.com\/fr\/wp-json\/wp\/v2\/product_tag?post=1607"}],"curies":[{"name":"wp","href":"https:\/\/api.w.org\/{rel}","templated":true}]}}