{"id":1605,"date":"2021-08-18T09:42:01","date_gmt":"2021-08-18T09:42:01","guid":{"rendered":"https:\/\/biollachemicals.com\/product\/dipropylene-glycol-monomethyl-ether-dpm-cas-34590-94-8\/"},"modified":"2024-04-25T18:25:05","modified_gmt":"2024-04-25T18:25:05","slug":"ether-monomethylique-du-dipropylene-glycol-dpm-cas-34590-94-8","status":"publish","type":"product","link":"https:\/\/biollachemicals.com\/fr\/produit\/ether-monomethylique-du-dipropylene-glycol-dpm-cas-34590-94-8\/","title":{"rendered":"\u00c9ther monom\u00e9thylique du dipropyl\u00e8ne glycol (DPM), CAS : 34590-94-8"},"content":{"rendered":"<p>Le DPM est utilis\u00e9 comme solvant pour le stabilisateur PVC, la nitrocellulose, l'\u00e9thylcellulose, l'ac\u00e9tate de polyvinyle, comme solvant pour la peinture et les colorants, et comme ingr\u00e9dient du liquide de frein. Il peut \u00eatre utilis\u00e9 comme solvant de l'encre d'impression, de la peinture \u00e9maill\u00e9e, du liquide de coupe et de l'huile de fonctionnement ; comme agent de couplage de la peinture \u00e0 base d'eau (g\u00e9n\u00e9ralement utilis\u00e9 par m\u00e9lange) ; comme solvant actif de la peinture \u00e0 base d'eau ; comme solvant et agent de couplage du nettoyant m\u00e9nager et industriel, du d\u00e9graissant et du d\u00e9capant, du nettoyant pour le m\u00e9tal et les surfaces dures ; comme solvant de base et agent de couplage de l'encre de s\u00e9rigraphie \u00e0 base de solvant ; comme solvant et agent de couplage de la teinture textile en cuve.<\/p>","protected":false},"excerpt":{"rendered":"<p>Aspect : Liquide incolore et transparent<br \/>\nEmballage : 200 kg\/tambour<\/p>","protected":false},"featured_media":0,"template":"","meta":{"_kad_blocks_custom_css":"","_kad_blocks_head_custom_js":"","_kad_blocks_body_custom_js":"","_kad_blocks_footer_custom_js":""},"product_brand":[],"product_cat":[125],"product_tag":[],"class_list":{"0":"post-1605","1":"product","2":"type-product","3":"status-publish","5":"product_cat-industrial-chemicals","7":"first","8":"instock","9":"shipping-taxable","10":"product-type-simple"},"Meta Data":null,"meta_description":null,"Focus Keyword":null,"meta_box":{"cas_number":"34590-94-8","chemical_formula":"CH3OC3H6OC3H6OH","molecular_weight":"","einecs_number":"","product_packaging":"","substance_form":"","type_of_substance":"","percentage_percent":"","hs_code":"","pro_delivery_time":"","retest_period":"","storage_condition":"","product_document_data":""},"rank_math_description":null,"rank_math_focus_keyword":null,"taxonomy_info":{"product_cat":[{"value":125,"label":"Industrial Chemicals"}]},"featured_image_src_large":false,"author_info":[],"comment_info":"","_links":{"self":[{"href":"https:\/\/biollachemicals.com\/fr\/wp-json\/wp\/v2\/product\/1605","targetHints":{"allow":["GET"]}}],"collection":[{"href":"https:\/\/biollachemicals.com\/fr\/wp-json\/wp\/v2\/product"}],"about":[{"href":"https:\/\/biollachemicals.com\/fr\/wp-json\/wp\/v2\/types\/product"}],"wp:attachment":[{"href":"https:\/\/biollachemicals.com\/fr\/wp-json\/wp\/v2\/media?parent=1605"}],"wp:term":[{"taxonomy":"product_brand","embeddable":true,"href":"https:\/\/biollachemicals.com\/fr\/wp-json\/wp\/v2\/product_brand?post=1605"},{"taxonomy":"product_cat","embeddable":true,"href":"https:\/\/biollachemicals.com\/fr\/wp-json\/wp\/v2\/product_cat?post=1605"},{"taxonomy":"product_tag","embeddable":true,"href":"https:\/\/biollachemicals.com\/fr\/wp-json\/wp\/v2\/product_tag?post=1605"}],"curies":[{"name":"wp","href":"https:\/\/api.w.org\/{rel}","templated":true}]}}