{"id":1604,"date":"2021-08-18T09:42:00","date_gmt":"2021-08-18T09:42:00","guid":{"rendered":"https:\/\/biollachemicals.com\/product\/bis2-ethylhexylterephthalat-cas-6422-86-2\/"},"modified":"2024-04-25T18:26:54","modified_gmt":"2024-04-25T18:26:54","slug":"bis2-ethylhexylterephthalat-cas-6422-86-2","status":"publish","type":"product","link":"https:\/\/biollachemicals.com\/fr\/produit\/bis2-ethylhexylterephthalat-cas-6422-86-2\/","title":{"rendered":"Bis(2-\u00e9thylhexyl)t\u00e9r\u00e9phtalate, CAS : 6422-86-2"},"content":{"rendered":"<p>Le t\u00e9r\u00e9phtalate de bis(2-\u00e9thylhexyle) est utilis\u00e9 comme plastifiant dans les mati\u00e8res plastiques. Il remplace notamment le phtalate de bis(2-\u00e9thylhexyle) et le phtalate de diisononyle, par exemple pour le PVC dans le secteur alimentaire, le butyrate d'ac\u00e9tate de cellulose, le nitrate de cellulose, le polym\u00e9thacrylate de m\u00e9thyle, le polystyr\u00e8ne, le butyral de polyvinyle.<\/p>","protected":false},"excerpt":{"rendered":"<p>Poids mol\u00e9culaire : 390,57 g\/mol<br \/>\nEmballage : IBC<br \/>\nAutres noms<br \/>\nEster bis(2-\u00e9thylhexyle) de l'acide benz\u00e8nedicarboxylique-1,4<br \/>\nT\u00e9r\u00e9phtalate de dioctyle<br \/>\nDOTP<br \/>\nDEHT<br \/>\nDEHTP<br \/>\nApparence :<br \/>\nliquide incolore<\/p>","protected":false},"featured_media":0,"template":"","meta":{"_kad_blocks_custom_css":"","_kad_blocks_head_custom_js":"","_kad_blocks_body_custom_js":"","_kad_blocks_footer_custom_js":""},"product_brand":[],"product_cat":[125],"product_tag":[],"class_list":{"0":"post-1604","1":"product","2":"type-product","3":"status-publish","5":"product_cat-industrial-chemicals","7":"first","8":"instock","9":"shipping-taxable","10":"product-type-simple"},"Meta Data":null,"meta_description":null,"Focus Keyword":null,"meta_box":{"cas_number":"6422-86-2","chemical_formula":"C24H38O4","molecular_weight":"","einecs_number":"","product_packaging":"","substance_form":"","type_of_substance":"","percentage_percent":"","hs_code":"","pro_delivery_time":"","retest_period":"","storage_condition":"","product_document_data":""},"rank_math_description":null,"rank_math_focus_keyword":null,"taxonomy_info":{"product_cat":[{"value":125,"label":"Industrial Chemicals"}]},"featured_image_src_large":false,"author_info":[],"comment_info":"","_links":{"self":[{"href":"https:\/\/biollachemicals.com\/fr\/wp-json\/wp\/v2\/product\/1604","targetHints":{"allow":["GET"]}}],"collection":[{"href":"https:\/\/biollachemicals.com\/fr\/wp-json\/wp\/v2\/product"}],"about":[{"href":"https:\/\/biollachemicals.com\/fr\/wp-json\/wp\/v2\/types\/product"}],"wp:attachment":[{"href":"https:\/\/biollachemicals.com\/fr\/wp-json\/wp\/v2\/media?parent=1604"}],"wp:term":[{"taxonomy":"product_brand","embeddable":true,"href":"https:\/\/biollachemicals.com\/fr\/wp-json\/wp\/v2\/product_brand?post=1604"},{"taxonomy":"product_cat","embeddable":true,"href":"https:\/\/biollachemicals.com\/fr\/wp-json\/wp\/v2\/product_cat?post=1604"},{"taxonomy":"product_tag","embeddable":true,"href":"https:\/\/biollachemicals.com\/fr\/wp-json\/wp\/v2\/product_tag?post=1604"}],"curies":[{"name":"wp","href":"https:\/\/api.w.org\/{rel}","templated":true}]}}