{"id":1602,"date":"2021-08-18T09:42:00","date_gmt":"2021-08-18T09:42:00","guid":{"rendered":"https:\/\/biollachemicals.com\/product\/3-chlor-2-hydroxypropyl-nnn-trimethylammoniumchlorid-chptac-cas-3327-22-8\/"},"modified":"2024-04-25T18:31:32","modified_gmt":"2024-04-25T18:31:32","slug":"3-chlor-2-hydroxypropyl-nnn-trimethylammoniumchlorid-chptac-cas-3327-22-8","status":"publish","type":"product","link":"https:\/\/biollachemicals.com\/fr\/produit\/3-chlor-2-hydroxypropyl-nnn-trimethylammoniumchlorid-chptac-cas-3327-22-8\/","title":{"rendered":"Chlorure de 3-chlor-2-hydroxypropyl-N,N,N-trim\u00e9thylammonium (CHPTAC), CAS : 3327-22-8"},"content":{"rendered":"<p>Le chlorure de 3-chloro-2-hydroxypropyl-N,N,N-trim\u00e9thylammonium est utilis\u00e9 pour la cationisation (synth\u00e8se de bipolym\u00e8res cationiques) de la cellulose, de l'amidon et de compos\u00e9s similaires. Il est utilis\u00e9 pour la quaternisation de compos\u00e9s comportant des groupes fonctionnels hydroxy, amino et autres.<\/p>","protected":false},"excerpt":{"rendered":"<p>Poids de la formule : 188,1 g\/mol<br \/>\nSynonymes:1-Propanaminium,3-chloro-2-hydroxy-N,N,N-trim\u00e9thyl-,chlorure<br \/>\nAspect:clairCouleur:incolore \u00e0 l\u00e9g\u00e8rement jaune<br \/>\nDensit\u00e9 \u00e0 20\u00b0C : 1,16 kg\/L<br \/>\nEmballage : IBC (1000 kg)<\/p>","protected":false},"featured_media":0,"template":"","meta":{"_kad_blocks_custom_css":"","_kad_blocks_head_custom_js":"","_kad_blocks_body_custom_js":"","_kad_blocks_footer_custom_js":""},"product_brand":[],"product_cat":[125],"product_tag":[],"class_list":{"0":"post-1602","1":"product","2":"type-product","3":"status-publish","5":"product_cat-industrial-chemicals","7":"first","8":"instock","9":"shipping-taxable","10":"product-type-simple"},"Meta Data":null,"meta_description":null,"Focus Keyword":null,"meta_box":{"cas_number":"3327-22-8","chemical_formula":"C6H15NOCl2","molecular_weight":"","einecs_number":"","product_packaging":"","substance_form":"","type_of_substance":"","percentage_percent":"","hs_code":"","pro_delivery_time":"","retest_period":"","storage_condition":"","product_document_data":""},"rank_math_description":null,"rank_math_focus_keyword":null,"taxonomy_info":{"product_cat":[{"value":125,"label":"Industrial Chemicals"}]},"featured_image_src_large":false,"author_info":[],"comment_info":"","_links":{"self":[{"href":"https:\/\/biollachemicals.com\/fr\/wp-json\/wp\/v2\/product\/1602","targetHints":{"allow":["GET"]}}],"collection":[{"href":"https:\/\/biollachemicals.com\/fr\/wp-json\/wp\/v2\/product"}],"about":[{"href":"https:\/\/biollachemicals.com\/fr\/wp-json\/wp\/v2\/types\/product"}],"wp:attachment":[{"href":"https:\/\/biollachemicals.com\/fr\/wp-json\/wp\/v2\/media?parent=1602"}],"wp:term":[{"taxonomy":"product_brand","embeddable":true,"href":"https:\/\/biollachemicals.com\/fr\/wp-json\/wp\/v2\/product_brand?post=1602"},{"taxonomy":"product_cat","embeddable":true,"href":"https:\/\/biollachemicals.com\/fr\/wp-json\/wp\/v2\/product_cat?post=1602"},{"taxonomy":"product_tag","embeddable":true,"href":"https:\/\/biollachemicals.com\/fr\/wp-json\/wp\/v2\/product_tag?post=1602"}],"curies":[{"name":"wp","href":"https:\/\/api.w.org\/{rel}","templated":true}]}}