{"id":1597,"date":"2021-08-18T09:41:58","date_gmt":"2021-08-18T09:41:58","guid":{"rendered":"https:\/\/biollachemicals.com\/product\/hydroxypropyl-%ce%b2-cyclodextrin-cas-128446-35-5\/"},"modified":"2024-04-25T18:45:13","modified_gmt":"2024-04-25T18:45:13","slug":"hydroxypropyl-%ce%b2-cyclodextrin-cas-128446-35-5","status":"publish","type":"product","link":"https:\/\/biollachemicals.com\/fr\/produit\/hydroxypropyl-%ce%b2-cyclodextrin-cas-128446-35-5\/","title":{"rendered":"Hydroxypropyl-\u03b2-cyclodextrine, CAS : 128446-35-5"},"content":{"rendered":"<p> Applications : 1. Dans le domaine des aliments et des \u00e9pices, il peut am\u00e9liorer la stabilit\u00e9 et l'efficacit\u00e9 \u00e0 long terme des mol\u00e9cules nutritionnelles, masquer ou corriger les mauvaises odeurs et les mauvais go\u00fbts des mol\u00e9cules nutritionnelles alimentaires, et am\u00e9liorer le processus de production et la qualit\u00e9 des produits.<br \/>\n2. Il peut \u00eatre utilis\u00e9 comme stabilisateur, \u00e9mulsifiant, d\u00e9sodorisant, etc. dans les mati\u00e8res premi\u00e8res cosm\u00e9tiques pour r\u00e9duire l'irritation des mol\u00e9cules organiques de la peau et des muqueuses, am\u00e9liorer la stabilit\u00e9 des ingr\u00e9dients actifs et emp\u00eacher la volatilisation et l'oxydation des nutriments. Il pr\u00e9sente une certaine hygroscopicit\u00e9 relative.<br \/>\n3. Dans l'industrie pharmaceutique, il s'agit d'un solubilisant id\u00e9al pour les injections et d'un excipient id\u00e9al pour les m\u00e9dicaments en raison de son activit\u00e9 de surface et de son activit\u00e9 h\u00e9molytique relativement faibles et de l'absence d'irritation pour les muscles. Il peut am\u00e9liorer la solubilit\u00e9 dans l'eau des m\u00e9dicaments insolubles, accro\u00eetre la stabilit\u00e9 des m\u00e9dicaments, augmenter la biodisponibilit\u00e9 des m\u00e9dicaments, accro\u00eetre l'efficacit\u00e9 des m\u00e9dicaments ou r\u00e9duire le dosage, et peut ajuster ou contr\u00f4ler la vitesse de lib\u00e9ration des m\u00e9dicaments et r\u00e9duire les effets secondaires des m\u00e9dicaments. <\/p>","protected":false},"excerpt":{"rendered":"<p>Abr\u00e9viation : HPBCDCAS : 128446-35-5EINECS : 420-920-1<br \/>\nFormule mol\u00e9culaire : C42H70-nO35(C3H8O2)n<br \/>\nPoids mol\u00e9culaire : 1134,98+58n<br \/>\nQualit\u00e9 : Qualit\u00e9 pharmaceutique \/ Qualit\u00e9 alimentaire \/ Qualit\u00e9 cosm\u00e9tique. Norme : USP41 \/ EP9.6<br \/>\nEmballage : 500g\/sac, 2kg\/sac, 10kg\/tambour<br \/>\nUtilisation : Industries m\u00e9dicales, alimentaires, chimiques et cosm\u00e9tiques.<\/p>","protected":false},"featured_media":0,"template":"","meta":{"_kad_blocks_custom_css":"","_kad_blocks_head_custom_js":"","_kad_blocks_body_custom_js":"","_kad_blocks_footer_custom_js":""},"product_brand":[],"product_cat":[109,139],"product_tag":[],"class_list":{"0":"post-1597","1":"product","2":"type-product","3":"status-publish","5":"product_cat-food-additives","6":"product_cat-pharma-grade","8":"first","9":"instock","10":"shipping-taxable","11":"product-type-simple"},"Meta Data":null,"meta_description":null,"Focus Keyword":null,"meta_box":{"cas_number":"128446-35-5","chemical_formula":"C42H70-nO35(C3H8O2)n","molecular_weight":"","einecs_number":"","product_packaging":"","substance_form":"","type_of_substance":"","percentage_percent":"","hs_code":"","pro_delivery_time":"","retest_period":"","storage_condition":"","product_document_data":""},"rank_math_description":null,"rank_math_focus_keyword":null,"taxonomy_info":{"product_cat":[{"value":109,"label":"Food Components"},{"value":139,"label":"Pharmaceutical Ingredients"}]},"featured_image_src_large":false,"author_info":[],"comment_info":"","_links":{"self":[{"href":"https:\/\/biollachemicals.com\/fr\/wp-json\/wp\/v2\/product\/1597","targetHints":{"allow":["GET"]}}],"collection":[{"href":"https:\/\/biollachemicals.com\/fr\/wp-json\/wp\/v2\/product"}],"about":[{"href":"https:\/\/biollachemicals.com\/fr\/wp-json\/wp\/v2\/types\/product"}],"wp:attachment":[{"href":"https:\/\/biollachemicals.com\/fr\/wp-json\/wp\/v2\/media?parent=1597"}],"wp:term":[{"taxonomy":"product_brand","embeddable":true,"href":"https:\/\/biollachemicals.com\/fr\/wp-json\/wp\/v2\/product_brand?post=1597"},{"taxonomy":"product_cat","embeddable":true,"href":"https:\/\/biollachemicals.com\/fr\/wp-json\/wp\/v2\/product_cat?post=1597"},{"taxonomy":"product_tag","embeddable":true,"href":"https:\/\/biollachemicals.com\/fr\/wp-json\/wp\/v2\/product_tag?post=1597"}],"curies":[{"name":"wp","href":"https:\/\/api.w.org\/{rel}","templated":true}]}}