{"id":1573,"date":"2021-08-10T13:55:45","date_gmt":"2021-08-10T13:55:45","guid":{"rendered":"https:\/\/biollachemicals.com\/product\/1-2-iodoethyl-4-octybenzene-cas-162358-07-8\/"},"modified":"2024-04-27T16:30:16","modified_gmt":"2024-04-27T16:30:16","slug":"1-2-iodoethyl-4-octybenzene-cas-162358-07-8","status":"publish","type":"product","link":"https:\/\/biollachemicals.com\/fr\/produit\/1-2-iodoethyl-4-octybenzene-cas-162358-07-8\/","title":{"rendered":"1-(2-iodo\u00e9thyl)-4-octybenz\u00e8ne, CAS 162358-07-8"},"content":{"rendered":"<p>1-(2-iodo\u00e9thyl)-4-octybenz\u00e8ne<br \/>CAS : 162358-07-8<br \/>Disponible dans toutes les tailles d'emballage, \u00e0 partir de 1g.<\/p>","protected":false},"excerpt":{"rendered":"<p>1-(2-iodo\u00e9thyl)-4-octybenz\u00e8neCAS : 162358-07-8Disponible dans toutes les tailles d'emballage, \u00e0 partir de 1g.<\/p>","protected":false},"featured_media":0,"template":"","meta":{"_kad_blocks_custom_css":"","_kad_blocks_head_custom_js":"","_kad_blocks_body_custom_js":"","_kad_blocks_footer_custom_js":""},"product_brand":[],"product_cat":[117],"product_tag":[],"class_list":{"0":"post-1573","1":"product","2":"type-product","3":"status-publish","5":"product_cat-laboratory-chemicals","7":"first","8":"instock","9":"shipping-taxable","10":"product-type-simple"},"Meta Data":null,"meta_description":null,"Focus Keyword":null,"meta_box":{"cas_number":"162358-07-8","chemical_formula":"C16H25I","molecular_weight":"","einecs_number":"","product_packaging":"","substance_form":"","type_of_substance":"","percentage_percent":"","hs_code":"","pro_delivery_time":"","retest_period":"","storage_condition":"","product_document_data":""},"rank_math_description":null,"rank_math_focus_keyword":null,"taxonomy_info":{"product_cat":[{"value":117,"label":"Laboratory Chemicals"}]},"featured_image_src_large":false,"author_info":[],"comment_info":"","_links":{"self":[{"href":"https:\/\/biollachemicals.com\/fr\/wp-json\/wp\/v2\/product\/1573","targetHints":{"allow":["GET"]}}],"collection":[{"href":"https:\/\/biollachemicals.com\/fr\/wp-json\/wp\/v2\/product"}],"about":[{"href":"https:\/\/biollachemicals.com\/fr\/wp-json\/wp\/v2\/types\/product"}],"wp:attachment":[{"href":"https:\/\/biollachemicals.com\/fr\/wp-json\/wp\/v2\/media?parent=1573"}],"wp:term":[{"taxonomy":"product_brand","embeddable":true,"href":"https:\/\/biollachemicals.com\/fr\/wp-json\/wp\/v2\/product_brand?post=1573"},{"taxonomy":"product_cat","embeddable":true,"href":"https:\/\/biollachemicals.com\/fr\/wp-json\/wp\/v2\/product_cat?post=1573"},{"taxonomy":"product_tag","embeddable":true,"href":"https:\/\/biollachemicals.com\/fr\/wp-json\/wp\/v2\/product_tag?post=1573"}],"curies":[{"name":"wp","href":"https:\/\/api.w.org\/{rel}","templated":true}]}}