{"id":1512,"date":"2021-08-10T13:55:30","date_gmt":"2021-08-10T13:55:30","guid":{"rendered":"https:\/\/biollachemicals.com\/product\/2-acetyl-4-methylpentyltrimethyl-ammonium-iodide-cas-1069-62-1\/"},"modified":"2024-04-27T18:09:56","modified_gmt":"2024-04-27T18:09:56","slug":"2-acetyl-4-methylpentyltrimethyl-ammonium-iodide-cas-1069-62-1","status":"publish","type":"product","link":"https:\/\/biollachemicals.com\/fr\/produit\/2-acetyl-4-methylpentyltrimethyl-ammonium-iodide-cas-1069-62-1\/","title":{"rendered":"Iodure de (2-ac\u00e9tyl-4-m\u00e9thylpentyle)trim\u00e9thyl ammonium, CAS 1069-62-1"},"content":{"rendered":"<p>Iodure de (2-ac\u00e9tyl-4-m\u00e9thylpentyle)trim\u00e9thyl ammonium<br \/>CAS : 1069-62-1<br \/>Disponible dans toutes les tailles d'emballage, \u00e0 partir de 1g.<\/p>","protected":false},"excerpt":{"rendered":"<p>Iodure de (2-ac\u00e9tyl-4-m\u00e9thylpentyl)trim\u00e9thylammoniumCAS : 1069-62-1Disponible dans toutes les tailles d'emballage, \u00e0 partir de 1g.<\/p>","protected":false},"featured_media":0,"template":"","meta":{"_kad_blocks_custom_css":"","_kad_blocks_head_custom_js":"","_kad_blocks_body_custom_js":"","_kad_blocks_footer_custom_js":""},"product_brand":[],"product_cat":[117],"product_tag":[],"class_list":{"0":"post-1512","1":"product","2":"type-product","3":"status-publish","5":"product_cat-laboratory-chemicals","7":"first","8":"instock","9":"shipping-taxable","10":"product-type-simple"},"Meta Data":null,"meta_description":null,"Focus Keyword":null,"meta_box":{"cas_number":"1069-62-1","chemical_formula":"C11H24INO","molecular_weight":"","einecs_number":"","product_packaging":"","substance_form":"","type_of_substance":"","percentage_percent":"","hs_code":"","pro_delivery_time":"","retest_period":"","storage_condition":"","product_document_data":""},"rank_math_description":null,"rank_math_focus_keyword":null,"taxonomy_info":{"product_cat":[{"value":117,"label":"Laboratory Chemicals"}]},"featured_image_src_large":false,"author_info":[],"comment_info":"","_links":{"self":[{"href":"https:\/\/biollachemicals.com\/fr\/wp-json\/wp\/v2\/product\/1512","targetHints":{"allow":["GET"]}}],"collection":[{"href":"https:\/\/biollachemicals.com\/fr\/wp-json\/wp\/v2\/product"}],"about":[{"href":"https:\/\/biollachemicals.com\/fr\/wp-json\/wp\/v2\/types\/product"}],"wp:attachment":[{"href":"https:\/\/biollachemicals.com\/fr\/wp-json\/wp\/v2\/media?parent=1512"}],"wp:term":[{"taxonomy":"product_brand","embeddable":true,"href":"https:\/\/biollachemicals.com\/fr\/wp-json\/wp\/v2\/product_brand?post=1512"},{"taxonomy":"product_cat","embeddable":true,"href":"https:\/\/biollachemicals.com\/fr\/wp-json\/wp\/v2\/product_cat?post=1512"},{"taxonomy":"product_tag","embeddable":true,"href":"https:\/\/biollachemicals.com\/fr\/wp-json\/wp\/v2\/product_tag?post=1512"}],"curies":[{"name":"wp","href":"https:\/\/api.w.org\/{rel}","templated":true}]}}