{"id":1130,"date":"2021-01-31T12:18:55","date_gmt":"2021-01-31T12:18:55","guid":{"rendered":"https:\/\/biollachemicals.com\/?post_type=product&#038;p=1130"},"modified":"2024-04-25T19:37:16","modified_gmt":"2024-04-25T19:37:16","slug":"phosphate-de-zinc-tetrahydrate-cas-7543-51-3","status":"publish","type":"product","link":"https:\/\/biollachemicals.com\/fr\/produit\/phosphate-de-zinc-tetrahydrate-cas-7543-51-3\/","title":{"rendered":"Phosphate de zinc t\u00e9trahydrat\u00e9 - CAS 7543-51-3"},"content":{"rendered":"<p><strong>Qualit\u00e9 pharmaceutique<\/strong><\/p>","protected":false},"excerpt":{"rendered":"<p>Qualit\u00e9 pharmaceutique<\/p>","protected":false},"featured_media":803,"template":"","meta":{"_kad_blocks_custom_css":"","_kad_blocks_head_custom_js":"","_kad_blocks_body_custom_js":"","_kad_blocks_footer_custom_js":""},"product_brand":[],"product_cat":[129,115,105],"product_tag":[],"class_list":{"0":"post-1130","1":"product","2":"type-product","3":"status-publish","4":"has-post-thumbnail","6":"product_cat-idustrial","7":"product_cat-pharma","8":"product_cat-supplements","10":"first","11":"instock","12":"shipping-taxable","13":"product-type-simple"},"Meta Data":null,"meta_description":null,"Focus Keyword":null,"meta_box":{"cas_number":"7543-51-3","chemical_formula":"Zn3(PO4)2 \u00b7 4H2O","molecular_weight":"","einecs_number":"","product_packaging":"","substance_form":"Powder","type_of_substance":"","percentage_percent":"","hs_code":"","pro_delivery_time":"","retest_period":"","storage_condition":"","product_document_data":""},"rank_math_description":"Zinc Phosphate Tetrahydrate \u2013 CAS 7543-51-3, Powder. Delivery promt from storage Hamburg, Request here: biollachemicals.com","rank_math_focus_keyword":"Zinc Phosphate","taxonomy_info":{"product_cat":[{"value":129,"label":"Idustrial"},{"value":115,"label":"Pharma"},{"value":105,"label":"Vitamins"}]},"featured_image_src_large":["https:\/\/biollachemicals.com\/wp-content\/uploads\/2018\/10\/Palette-mit-Saecken-web.jpg",1000,927,false],"author_info":[],"comment_info":"","_links":{"self":[{"href":"https:\/\/biollachemicals.com\/fr\/wp-json\/wp\/v2\/product\/1130","targetHints":{"allow":["GET"]}}],"collection":[{"href":"https:\/\/biollachemicals.com\/fr\/wp-json\/wp\/v2\/product"}],"about":[{"href":"https:\/\/biollachemicals.com\/fr\/wp-json\/wp\/v2\/types\/product"}],"wp:featuredmedia":[{"embeddable":true,"href":"https:\/\/biollachemicals.com\/fr\/wp-json\/wp\/v2\/media\/803"}],"wp:attachment":[{"href":"https:\/\/biollachemicals.com\/fr\/wp-json\/wp\/v2\/media?parent=1130"}],"wp:term":[{"taxonomy":"product_brand","embeddable":true,"href":"https:\/\/biollachemicals.com\/fr\/wp-json\/wp\/v2\/product_brand?post=1130"},{"taxonomy":"product_cat","embeddable":true,"href":"https:\/\/biollachemicals.com\/fr\/wp-json\/wp\/v2\/product_cat?post=1130"},{"taxonomy":"product_tag","embeddable":true,"href":"https:\/\/biollachemicals.com\/fr\/wp-json\/wp\/v2\/product_tag?post=1130"}],"curies":[{"name":"wp","href":"https:\/\/api.w.org\/{rel}","templated":true}]}}