{"id":1099,"date":"2020-12-01T12:16:14","date_gmt":"2020-12-01T12:16:14","guid":{"rendered":"https:\/\/biollachemicals.com\/?post_type=product&#038;p=1099"},"modified":"2024-04-25T15:22:29","modified_gmt":"2024-04-25T15:22:29","slug":"chlorure-de-zinc-cas-7646-85-7","status":"publish","type":"product","link":"https:\/\/biollachemicals.com\/fr\/produit\/chlorure-de-zinc-cas-7646-85-7\/","title":{"rendered":"Chlorure de zinc CAS 7646-85-7"},"content":{"rendered":"<p><strong>Qualit\u00e9 pharmaceutique, qualit\u00e9 technique<\/strong><\/p>\n\n\n\n<p><strong>La puret\u00e9<\/strong>: 99%, 98%, 96%<\/p>","protected":false},"excerpt":{"rendered":"<p>Qualit\u00e9 pharmaceutique, qualit\u00e9 technique Puret\u00e9 : 99%, 98%, 96%<\/p>","protected":false},"featured_media":620,"template":"","meta":{"_kad_blocks_custom_css":"","_kad_blocks_head_custom_js":"","_kad_blocks_body_custom_js":"","_kad_blocks_footer_custom_js":""},"product_brand":[],"product_cat":[129,115,105],"product_tag":[],"class_list":{"0":"post-1099","1":"product","2":"type-product","3":"status-publish","4":"has-post-thumbnail","6":"product_cat-idustrial","7":"product_cat-pharma","8":"product_cat-supplements","10":"first","11":"instock","12":"shipping-taxable","13":"product-type-simple"},"Meta Data":null,"meta_description":null,"Focus Keyword":null,"meta_box":{"cas_number":"7646-85-7","chemical_formula":"ZnCl2","molecular_weight":"","einecs_number":"","product_packaging":"","substance_form":"","type_of_substance":"","percentage_percent":"","hs_code":"","pro_delivery_time":"","retest_period":"","storage_condition":"","product_document_data":""},"rank_math_description":"Zinc Chloride CAS 7646-85-7 in different Qualities. Delivery promt from storage Hamburg, Request here: biollachemicals.com","rank_math_focus_keyword":"Zinc Chloride","taxonomy_info":{"product_cat":[{"value":129,"label":"Idustrial"},{"value":115,"label":"Pharma"},{"value":105,"label":"Vitamins"}]},"featured_image_src_large":["https:\/\/biollachemicals.com\/wp-content\/uploads\/2019\/08\/Potassium-nitrate-CAS-7757-79-1-Kaliumnitrate-1030x687.jpg",1030,687,true],"author_info":[],"comment_info":"","_links":{"self":[{"href":"https:\/\/biollachemicals.com\/fr\/wp-json\/wp\/v2\/product\/1099","targetHints":{"allow":["GET"]}}],"collection":[{"href":"https:\/\/biollachemicals.com\/fr\/wp-json\/wp\/v2\/product"}],"about":[{"href":"https:\/\/biollachemicals.com\/fr\/wp-json\/wp\/v2\/types\/product"}],"wp:featuredmedia":[{"embeddable":true,"href":"https:\/\/biollachemicals.com\/fr\/wp-json\/wp\/v2\/media\/620"}],"wp:attachment":[{"href":"https:\/\/biollachemicals.com\/fr\/wp-json\/wp\/v2\/media?parent=1099"}],"wp:term":[{"taxonomy":"product_brand","embeddable":true,"href":"https:\/\/biollachemicals.com\/fr\/wp-json\/wp\/v2\/product_brand?post=1099"},{"taxonomy":"product_cat","embeddable":true,"href":"https:\/\/biollachemicals.com\/fr\/wp-json\/wp\/v2\/product_cat?post=1099"},{"taxonomy":"product_tag","embeddable":true,"href":"https:\/\/biollachemicals.com\/fr\/wp-json\/wp\/v2\/product_tag?post=1099"}],"curies":[{"name":"wp","href":"https:\/\/api.w.org\/{rel}","templated":true}]}}