{"id":1091,"date":"2020-11-27T14:23:07","date_gmt":"2020-11-27T14:23:07","guid":{"rendered":"https:\/\/biollachemicals.com\/?post_type=product&#038;p=1091"},"modified":"2024-04-25T15:13:26","modified_gmt":"2024-04-25T15:13:26","slug":"pterostilbene-cas-537-42-8","status":"publish","type":"product","link":"https:\/\/biollachemicals.com\/fr\/produit\/pterostilbene-cas-537-42-8\/","title":{"rendered":"Pt\u00e9rostilb\u00e8ne - CAS 537-42-8"},"content":{"rendered":"<h4 class=\"wp-block-heading\">Nom chimique<\/h4>\n\n\n\n<p>4-(3,5-Dim\u00e9thoxystyryl)ph\u00e9nol ; (E)-4-(3,5-dim\u00e9thoxystyryl)ph\u00e9nol ; 3\u2032,5\u2032-Dim\u00e9thoxy-4-stilb\u00e9nol<\/p>\n\n\n\n<h4 class=\"wp-block-heading\">Description<\/h4>\n\n\n\n<p>Un stilb\u00e9no\u00efde d'origine naturelle structurellement apparent\u00e9 au resv\u00e9ratrol<\/p>\n\n\n\n<figure class=\"wp-block-table is-style-stripes\"><table><tbody><tr><td>Unit\u00e9<\/td><td>25kg\/tambour<\/td><\/tr><tr><td>Couleur<\/td><td>Poudre blanche<\/td><\/tr><\/tbody><\/table><\/figure>","protected":false},"excerpt":{"rendered":"<p>Utilisation :<\/p>\n<p>-Maladie d'Alzheimer<br \/>\n-Ath\u00e9roscl\u00e9rose<br \/>\n-Diab\u00e8te<br \/>\n-Hypertension art\u00e9rielle<br \/>\n-Cholest\u00e9rol \u00e9lev\u00e9<br \/>\n-R\u00e9sistance \u00e0 l'insuline<\/p>\n<p>&nbsp;<\/p>\n<p>&nbsp;<\/p>","protected":false},"featured_media":995,"template":"","meta":{"_kad_blocks_custom_css":"","_kad_blocks_head_custom_js":"","_kad_blocks_body_custom_js":"","_kad_blocks_footer_custom_js":""},"product_brand":[],"product_cat":[141,115],"product_tag":[],"class_list":{"0":"post-1091","1":"product","2":"type-product","3":"status-publish","4":"has-post-thumbnail","6":"product_cat-nootropics","7":"product_cat-pharma","9":"first","10":"instock","11":"shipping-taxable","12":"product-type-simple"},"Meta Data":null,"meta_description":null,"Focus Keyword":null,"meta_box":{"cas_number":"537-42-8","chemical_formula":"C16H16O3","molecular_weight":"256.301 g\/mol","einecs_number":"","product_packaging":"","substance_form":"Powder","type_of_substance":"","percentage_percent":"","hs_code":"","pro_delivery_time":"","retest_period":"","storage_condition":"Store at room temperature","product_document_data":""},"rank_math_description":"magnesium-taurate , CAS 537-42-8; MOQ: 1 kg; packed in bags. Delivery prompt from stock Hamburg, Germany.","rank_math_focus_keyword":null,"taxonomy_info":{"product_cat":[{"value":141,"label":"Nootropics"},{"value":115,"label":"Pharma"}]},"featured_image_src_large":["https:\/\/biollachemicals.com\/wp-content\/uploads\/2020\/11\/General-white-powder.jpg",1024,768,false],"author_info":[],"comment_info":"","_links":{"self":[{"href":"https:\/\/biollachemicals.com\/fr\/wp-json\/wp\/v2\/product\/1091","targetHints":{"allow":["GET"]}}],"collection":[{"href":"https:\/\/biollachemicals.com\/fr\/wp-json\/wp\/v2\/product"}],"about":[{"href":"https:\/\/biollachemicals.com\/fr\/wp-json\/wp\/v2\/types\/product"}],"wp:featuredmedia":[{"embeddable":true,"href":"https:\/\/biollachemicals.com\/fr\/wp-json\/wp\/v2\/media\/995"}],"wp:attachment":[{"href":"https:\/\/biollachemicals.com\/fr\/wp-json\/wp\/v2\/media?parent=1091"}],"wp:term":[{"taxonomy":"product_brand","embeddable":true,"href":"https:\/\/biollachemicals.com\/fr\/wp-json\/wp\/v2\/product_brand?post=1091"},{"taxonomy":"product_cat","embeddable":true,"href":"https:\/\/biollachemicals.com\/fr\/wp-json\/wp\/v2\/product_cat?post=1091"},{"taxonomy":"product_tag","embeddable":true,"href":"https:\/\/biollachemicals.com\/fr\/wp-json\/wp\/v2\/product_tag?post=1091"}],"curies":[{"name":"wp","href":"https:\/\/api.w.org\/{rel}","templated":true}]}}