{"id":1077,"date":"2020-11-27T13:34:20","date_gmt":"2020-11-27T13:34:20","guid":{"rendered":"https:\/\/biollachemicals.com\/?post_type=product&#038;p=1077"},"modified":"2024-04-25T15:05:50","modified_gmt":"2024-04-25T15:05:50","slug":"poudre-de-nooglutyle-cas-112193-35-8","status":"publish","type":"product","link":"https:\/\/biollachemicals.com\/fr\/produit\/poudre-de-nooglutyle-cas-112193-35-8\/","title":{"rendered":"Poudre de nooglutyle - CAS 112193-35-8"},"content":{"rendered":"<h2 class=\"wp-block-heading\">Nom chimique<\/h2>\n\n\n\n<p>ONK-10 ; UNII-09UM5JOS3W ; BRN 4200454 ; 09UM5JOS3W ; Acide N-5-(Hydroxynicotinoyl)-l-glutamique<\/p>\n\n\n\n<h4 class=\"wp-block-heading\">Application<\/h4>\n\n\n\n<p>Offre des avantages exceptionnels en mati\u00e8re de r\u00e9tention et de rappel de la m\u00e9moire<\/p>\n\n\n\n<figure class=\"wp-block-table is-style-stripes\"><table><tbody><tr><td>Unit\u00e9<\/td><td>25kg\/tambour<\/td><\/tr><tr><td>Couleur<\/td><td>Poudre blanche<\/td><\/tr><tr><td>Solubilit\u00e9<\/td><td>l\u00e9g\u00e8rement soluble dans l'eau et dans l'\u00e9thanol<\/td><\/tr><\/tbody><\/table><\/figure>","protected":false},"excerpt":{"rendered":"<h4>Description du produit<\/h4>\n<p>La poudre de nooglutyl est un agent nootropique \u00e9tudi\u00e9 \u00e0 l'Institut de recherche en pharmacologie de l'Acad\u00e9mie russe des sciences m\u00e9dicales comme traitement potentiel de l'amn\u00e9sie.<\/p>\n<p>Le nooglutyl, un d\u00e9riv\u00e9 des acides L-glutamique et oxynicotinique, qui a des effets glutamatergiques, est un m\u00e9dicament tr\u00e8s actif dans le traitement des troubles de la m\u00e9moire et de l'apprentissage, prot\u00e9geant contre les l\u00e9sions neuronales isch\u00e9miques et les l\u00e9sions c\u00e9r\u00e9brales. \u200d\u200d<\/p>","protected":false},"featured_media":995,"template":"","meta":{"_kad_blocks_custom_css":"","_kad_blocks_head_custom_js":"","_kad_blocks_body_custom_js":"","_kad_blocks_footer_custom_js":""},"product_brand":[],"product_cat":[141,115],"product_tag":[],"class_list":{"0":"post-1077","1":"product","2":"type-product","3":"status-publish","4":"has-post-thumbnail","6":"product_cat-nootropics","7":"product_cat-pharma","9":"first","10":"instock","11":"shipping-taxable","12":"product-type-simple"},"Meta Data":null,"meta_description":null,"Focus Keyword":null,"meta_box":{"cas_number":"112193-35-8","chemical_formula":"C11H12N2O6","molecular_weight":"268.225 g","einecs_number":"","product_packaging":"","substance_form":"Powder","type_of_substance":"","percentage_percent":"","hs_code":"","pro_delivery_time":"","retest_period":"","storage_condition":"Store at room temperature, in sealed container, avoid strong heat and light","product_document_data":""},"rank_math_description":"Nooglutyl powder , CAS 112193-35-8; MOQ: 1 kg; packed in bags. Delivery prompt from stock Hamburg, Germany.","rank_math_focus_keyword":null,"taxonomy_info":{"product_cat":[{"value":141,"label":"Nootropics"},{"value":115,"label":"Pharma"}]},"featured_image_src_large":["https:\/\/biollachemicals.com\/wp-content\/uploads\/2020\/11\/General-white-powder.jpg",1024,768,false],"author_info":[],"comment_info":"","_links":{"self":[{"href":"https:\/\/biollachemicals.com\/fr\/wp-json\/wp\/v2\/product\/1077","targetHints":{"allow":["GET"]}}],"collection":[{"href":"https:\/\/biollachemicals.com\/fr\/wp-json\/wp\/v2\/product"}],"about":[{"href":"https:\/\/biollachemicals.com\/fr\/wp-json\/wp\/v2\/types\/product"}],"wp:featuredmedia":[{"embeddable":true,"href":"https:\/\/biollachemicals.com\/fr\/wp-json\/wp\/v2\/media\/995"}],"wp:attachment":[{"href":"https:\/\/biollachemicals.com\/fr\/wp-json\/wp\/v2\/media?parent=1077"}],"wp:term":[{"taxonomy":"product_brand","embeddable":true,"href":"https:\/\/biollachemicals.com\/fr\/wp-json\/wp\/v2\/product_brand?post=1077"},{"taxonomy":"product_cat","embeddable":true,"href":"https:\/\/biollachemicals.com\/fr\/wp-json\/wp\/v2\/product_cat?post=1077"},{"taxonomy":"product_tag","embeddable":true,"href":"https:\/\/biollachemicals.com\/fr\/wp-json\/wp\/v2\/product_tag?post=1077"}],"curies":[{"name":"wp","href":"https:\/\/api.w.org\/{rel}","templated":true}]}}