{"id":1071,"date":"2020-11-26T11:33:52","date_gmt":"2020-11-26T11:33:52","guid":{"rendered":"https:\/\/biollachemicals.com\/?post_type=product&#038;p=1071"},"modified":"2024-04-28T16:12:36","modified_gmt":"2024-04-28T16:12:36","slug":"acide-cafeique-ester-phenylique-poudre-cas-104594-70-9","status":"publish","type":"product","link":"https:\/\/biollachemicals.com\/fr\/produit\/acide-cafeique-ester-phenylique-poudre-cas-104594-70-9\/","title":{"rendered":"Poudre d'ester ph\u00e9nylique de l'acide caf\u00e9ique - CAS 104594-70-9"},"content":{"rendered":"<h3 class=\"wp-block-heading\">Poudre d'ester ph\u00e9nylique de l'acide caf\u00e9ique de qualit\u00e9 pharmaceutique<\/h3>\n\n\n\n<h4 class=\"wp-block-heading\">Nom chimique<\/h4>\n\n\n\n<p>Caf\u00e9ate de ph\u00e9nyl\u00e9thyle ; caf\u00e9ate de ph\u00e9nyle ; acide caf\u00e9ique 2-ph\u00e9nyl\u00e9thyle ester ; caf\u00e9ate de \u03b2-ph\u00e9nyl\u00e9thyle ;<\/p>\n\n\n\n<p>Acrylate de 2-ph\u00e9nyl\u00e9thyle (2E)-3-(3,4-dihydroxyph\u00e9nyle)<\/p>\n\n\n\n<h4 class=\"wp-block-heading\">Application<\/h4>\n\n\n\n<p>Agent cytotoxique contre les lign\u00e9es cellulaires canc\u00e9reuses. Inhibiteur de l'ornithine d\u00e9carboxylase et de la prot\u00e9ine tyrosine kinase. Inhibiteur sp\u00e9cifique du facteur de transcription nucl\u00e9aire NF-kB. Il a \u00e9galement \u00e9t\u00e9 d\u00e9montr\u00e9 qu'il supprime de mani\u00e8re significative la voie de la lipoxyg\u00e9nase du m\u00e9tabolisme de l'acide arachidonique au cours de l'inflammation.<\/p>\n\n\n\n<figure class=\"wp-block-table is-style-stripes\"><table><tbody><tr><td>Unit\u00e9<\/td><td>25kg\/tambour<\/td><\/tr><tr><td>Couleur<\/td><td>blanc cass\u00e9<\/td><\/tr><tr><td>Solubilit\u00e9<\/td><td>Soluble dans l'ac\u00e9tate d'\u00e9thyle \u00e0 50 mg\/ml. Soluble dans le DMSO et l'\u00e9thanol.<\/td><\/tr><\/tbody><\/table><\/figure>","protected":false},"excerpt":{"rendered":"<h3><strong><b>Application :<\/b><\/strong><\/h3>\n<p>\u25aa Antin\u00e9oplasique \u25aa Aantiinflammatoire \u25aa Iimmunomodulateur \u25aa Bloqueur NFkB<\/p>\n<h3><strong><b>Avantages :<\/b><\/strong><\/h3>\n<p>Le caf\u00e9ate de ph\u00e9nyle est un compos\u00e9 que l'on trouve dans la propolis, un m\u00e9lange produit par les abeilles. L'ester ph\u00e9n\u00e9thylique de l'acide caf\u00e9ique (CAPE) pourrait \u00eatre efficace dans la pr\u00e9vention et le traitement des maladies inflammatoires, notamment la polyarthrite rhumato\u00efde, le lupus \u00e9ryth\u00e9mateux diss\u00e9min\u00e9 et le psoriasis, divers cancers et maladies comprenant la formation de tumeurs, la cataracte et d'autres maladies r\u00e9sultant d'un stress oxydatif.  En outre, le CAPE peut \u00eatre utilis\u00e9 pour traiter une infection par le VIH lorsqu'il est associ\u00e9, dans une composition pharmaceutique, \u00e0 une substance qui inhibe la r\u00e9plication du VIH. Il peut \u00e9galement \u00eatre utilis\u00e9 comme anti-ath\u00e9roscl\u00e9rotique, antioxydant, cardioprotecteur, anti-ob\u00e9sit\u00e9 et antimitog\u00e8ne.<\/p>","protected":false},"featured_media":995,"template":"","meta":{"_kad_blocks_custom_css":"","_kad_blocks_head_custom_js":"","_kad_blocks_body_custom_js":"","_kad_blocks_footer_custom_js":""},"product_brand":[],"product_cat":[141,115],"product_tag":[],"class_list":{"0":"post-1071","1":"product","2":"type-product","3":"status-publish","4":"has-post-thumbnail","6":"product_cat-nootropics","7":"product_cat-pharma","9":"first","10":"instock","11":"shipping-taxable","12":"product-type-simple"},"Meta Data":null,"meta_description":null,"Focus Keyword":null,"meta_box":{"cas_number":"104594-70-9","chemical_formula":"C17H16O4","molecular_weight":"284.311 g\/mol","einecs_number":"","product_packaging":"","substance_form":"Powder","type_of_substance":"","percentage_percent":"","hs_code":"","pro_delivery_time":"","retest_period":"","storage_condition":"0\u00b0C","product_document_data":""},"rank_math_description":"Caffeic acid phenethyl ester powder , CAS 104594-70-9; MOQ: 1 kg; packed in bags. Delivery prompt from stock Hamburg, Germany.","rank_math_focus_keyword":null,"taxonomy_info":{"product_cat":[{"value":141,"label":"Nootropics"},{"value":115,"label":"Pharma"}]},"featured_image_src_large":["https:\/\/biollachemicals.com\/wp-content\/uploads\/2020\/11\/General-white-powder.jpg",1024,768,false],"author_info":[],"comment_info":"","_links":{"self":[{"href":"https:\/\/biollachemicals.com\/fr\/wp-json\/wp\/v2\/product\/1071","targetHints":{"allow":["GET"]}}],"collection":[{"href":"https:\/\/biollachemicals.com\/fr\/wp-json\/wp\/v2\/product"}],"about":[{"href":"https:\/\/biollachemicals.com\/fr\/wp-json\/wp\/v2\/types\/product"}],"wp:featuredmedia":[{"embeddable":true,"href":"https:\/\/biollachemicals.com\/fr\/wp-json\/wp\/v2\/media\/995"}],"wp:attachment":[{"href":"https:\/\/biollachemicals.com\/fr\/wp-json\/wp\/v2\/media?parent=1071"}],"wp:term":[{"taxonomy":"product_brand","embeddable":true,"href":"https:\/\/biollachemicals.com\/fr\/wp-json\/wp\/v2\/product_brand?post=1071"},{"taxonomy":"product_cat","embeddable":true,"href":"https:\/\/biollachemicals.com\/fr\/wp-json\/wp\/v2\/product_cat?post=1071"},{"taxonomy":"product_tag","embeddable":true,"href":"https:\/\/biollachemicals.com\/fr\/wp-json\/wp\/v2\/product_tag?post=1071"}],"curies":[{"name":"wp","href":"https:\/\/api.w.org\/{rel}","templated":true}]}}